{"id":2474,"date":"2015-07-29T09:56:03","date_gmt":"2015-07-29T07:56:03","guid":{"rendered":"https:\/\/www.mosquetas.com\/prodotto\/aceite-seco-rose-mosqueta-bio\/"},"modified":"2024-12-16T09:39:18","modified_gmt":"2024-12-16T08:39:18","slug":"aceite-seco-rose-mosqueta-bio","status":"publish","type":"product","link":"https:\/\/www.mosquetas.com\/es\/pr\/aceite-seco-rose-mosqueta-bio\/","title":{"rendered":"ACEITE SECO ROSE MOSQUETA \u2013 BIO"},"content":{"rendered":"<p>Caracterizado por una textura no grasa, libre de perfumes y al\u00e9rgenos, est\u00e1 especialmente recomendada en periodos de cambios de peso (el embarazo, p\u00e9rdida o aumento de peso); ayuda a la piel para resistir mejor estos cambios, la formaci\u00f3n de estr\u00edas o p\u00e9rdida de elasticidad.El Aceite de Rosa Mosqueta* ejerce un poder de regeneraci\u00f3n natural. Aceites nutritivos y suavizantes (Almendras dulces*, S\u00e9samo*) aseguran un toque aterciopelado.El extracto de Centella* refuerza las propiedades reparadoras, tonificantes y reafirmantes.<\/p>\n<p>100ml<\/p>\n<p>* de cultivo ecol\u00f3gico<\/p>\n","protected":false},"excerpt":{"rendered":"<p>Caracterizado por una textura no grasa, libre de perfumes y al\u00e9rgenos<\/p>\n","protected":false},"featured_media":2803,"template":"","meta":[],"product_brand":[],"product_cat":[255],"product_tag":[],"class_list":{"0":"post-2474","1":"product","2":"type-product","3":"status-publish","4":"has-post-thumbnail","6":"product_cat-productos-especificos","8":"first","9":"outofstock","10":"taxable","11":"shipping-taxable","12":"purchasable","13":"product-type-simple"},"_links":{"self":[{"href":"https:\/\/www.mosquetas.com\/es\/wp-json\/wp\/v2\/product\/2474","targetHints":{"allow":["GET"]}}],"collection":[{"href":"https:\/\/www.mosquetas.com\/es\/wp-json\/wp\/v2\/product"}],"about":[{"href":"https:\/\/www.mosquetas.com\/es\/wp-json\/wp\/v2\/types\/product"}],"wp:featuredmedia":[{"embeddable":true,"href":"https:\/\/www.mosquetas.com\/es\/wp-json\/wp\/v2\/media\/2803"}],"wp:attachment":[{"href":"https:\/\/www.mosquetas.com\/es\/wp-json\/wp\/v2\/media?parent=2474"}],"wp:term":[{"taxonomy":"product_brand","embeddable":true,"href":"https:\/\/www.mosquetas.com\/es\/wp-json\/wp\/v2\/product_brand?post=2474"},{"taxonomy":"product_cat","embeddable":true,"href":"https:\/\/www.mosquetas.com\/es\/wp-json\/wp\/v2\/product_cat?post=2474"},{"taxonomy":"product_tag","embeddable":true,"href":"https:\/\/www.mosquetas.com\/es\/wp-json\/wp\/v2\/product_tag?post=2474"}],"curies":[{"name":"wp","href":"https:\/\/api.w.org\/{rel}","templated":true}]}}