{"id":2458,"date":"2015-07-29T10:08:42","date_gmt":"2015-07-29T08:08:42","guid":{"rendered":"https:\/\/www.mosquetas.com\/prodotto\/stick-labial-super-hidratante-bio\/"},"modified":"2023-09-14T10:30:59","modified_gmt":"2023-09-14T08:30:59","slug":"stick-labial-super-hidratante-bio","status":"publish","type":"product","link":"https:\/\/www.mosquetas.com\/es\/pr\/stick-labial-super-hidratante-bio\/","title":{"rendered":"STICK LABIAL SUPER HIDRATANTE \u2013 BIO"},"content":{"rendered":"<p>B\u00e1lsamo super hidratante de acci\u00f3n reparadora inmediata. Su f\u00f3rmula se distingue por el alto porcentaje de aceite de Rosa Mosqueta* (20%) que asociado con la manteca de Karit\u00e9* y la Cal\u00e9ndula, permiten a este b\u00e1lsamo recuperar la suavidad de los labios, asegurando una hidrataci\u00f3n y suavidad, combatiendo la sequedad y la piel agrietada.<\/p>\n<p>4,5 ml<\/p>\n<p>* de cultivo ecol\u00f3gico<\/p>\n","protected":false},"excerpt":{"rendered":"<p>B\u00e1lsamo super hidratante de acci\u00f3n reparadora inmediata<\/p>\n","protected":false},"featured_media":2778,"template":"","meta":[],"product_brand":[],"product_cat":[255],"product_tag":[],"class_list":{"0":"post-2458","1":"product","2":"type-product","3":"status-publish","4":"has-post-thumbnail","6":"product_cat-productos-especificos","8":"first","9":"outofstock","10":"taxable","11":"shipping-taxable","12":"purchasable","13":"product-type-simple"},"_links":{"self":[{"href":"https:\/\/www.mosquetas.com\/es\/wp-json\/wp\/v2\/product\/2458","targetHints":{"allow":["GET"]}}],"collection":[{"href":"https:\/\/www.mosquetas.com\/es\/wp-json\/wp\/v2\/product"}],"about":[{"href":"https:\/\/www.mosquetas.com\/es\/wp-json\/wp\/v2\/types\/product"}],"wp:featuredmedia":[{"embeddable":true,"href":"https:\/\/www.mosquetas.com\/es\/wp-json\/wp\/v2\/media\/2778"}],"wp:attachment":[{"href":"https:\/\/www.mosquetas.com\/es\/wp-json\/wp\/v2\/media?parent=2458"}],"wp:term":[{"taxonomy":"product_brand","embeddable":true,"href":"https:\/\/www.mosquetas.com\/es\/wp-json\/wp\/v2\/product_brand?post=2458"},{"taxonomy":"product_cat","embeddable":true,"href":"https:\/\/www.mosquetas.com\/es\/wp-json\/wp\/v2\/product_cat?post=2458"},{"taxonomy":"product_tag","embeddable":true,"href":"https:\/\/www.mosquetas.com\/es\/wp-json\/wp\/v2\/product_tag?post=2458"}],"curies":[{"name":"wp","href":"https:\/\/api.w.org\/{rel}","templated":true}]}}