{"id":2457,"date":"2015-07-29T10:11:25","date_gmt":"2015-07-29T08:11:25","guid":{"rendered":"https:\/\/www.mosquetas.com\/prodotto\/jabon-suave-bio\/"},"modified":"2023-09-14T10:30:58","modified_gmt":"2023-09-14T08:30:58","slug":"jabon-suave-bio","status":"publish","type":"product","link":"https:\/\/www.mosquetas.com\/es\/pr\/jabon-suave-bio\/","title":{"rendered":"JAB\u00d3N SUAVE"},"content":{"rendered":"<p>Jab\u00f3n natural de aceite de Rosa Mosqueta*. Perfumado delicadamente. Indicado para todo tipo de piel, dej\u00e1ndolas suaves y sedosas.<\/p>\n<p>125gr<\/p>\n<p>* de cultivo ecol\u00f3gico<\/p>\n","protected":false},"excerpt":{"rendered":"<p>Jab\u00f3n natural de aceite de Rosa Mosqueta*. Perfumado delicadamente<\/p>\n","protected":false},"featured_media":2773,"template":"","meta":[],"product_brand":[],"product_cat":[255],"product_tag":[],"class_list":{"0":"post-2457","1":"product","2":"type-product","3":"status-publish","4":"has-post-thumbnail","6":"product_cat-productos-especificos","8":"first","9":"instock","10":"taxable","11":"shipping-taxable","12":"purchasable","13":"product-type-simple"},"_links":{"self":[{"href":"https:\/\/www.mosquetas.com\/es\/wp-json\/wp\/v2\/product\/2457","targetHints":{"allow":["GET"]}}],"collection":[{"href":"https:\/\/www.mosquetas.com\/es\/wp-json\/wp\/v2\/product"}],"about":[{"href":"https:\/\/www.mosquetas.com\/es\/wp-json\/wp\/v2\/types\/product"}],"wp:featuredmedia":[{"embeddable":true,"href":"https:\/\/www.mosquetas.com\/es\/wp-json\/wp\/v2\/media\/2773"}],"wp:attachment":[{"href":"https:\/\/www.mosquetas.com\/es\/wp-json\/wp\/v2\/media?parent=2457"}],"wp:term":[{"taxonomy":"product_brand","embeddable":true,"href":"https:\/\/www.mosquetas.com\/es\/wp-json\/wp\/v2\/product_brand?post=2457"},{"taxonomy":"product_cat","embeddable":true,"href":"https:\/\/www.mosquetas.com\/es\/wp-json\/wp\/v2\/product_cat?post=2457"},{"taxonomy":"product_tag","embeddable":true,"href":"https:\/\/www.mosquetas.com\/es\/wp-json\/wp\/v2\/product_tag?post=2457"}],"curies":[{"name":"wp","href":"https:\/\/api.w.org\/{rel}","templated":true}]}}