{"id":2448,"date":"2015-07-29T10:16:18","date_gmt":"2015-07-29T08:16:18","guid":{"rendered":"https:\/\/www.mosquetas.com\/prodotto\/elicrisia-sensity-day-bio\/"},"modified":"2023-09-14T10:30:56","modified_gmt":"2023-09-14T08:30:56","slug":"elicrisia-sensity-day-bio","status":"publish","type":"product","link":"https:\/\/www.mosquetas.com\/es\/pr\/elicrisia-sensity-day-bio\/","title":{"rendered":"ELICRISIA\u00ae SENSITY DAY &#8211; BIO"},"content":{"rendered":"<p>Crema para el rostro ideal para la piel sensible o propensa a la ros\u00e1cea, ejerce un efecto calmante y suavizante gracias a sus activos preciosos: Helicrisio*, Bisabolol, Aloe Vera* Vitamina E. Los aceites vegetales (Rosa Mosqueta*, Albaricoque*, Karit\u00e9*, Jojoba*), nutren y reparan la piel incluso las m\u00e1s fr\u00e1giles. El extracto de Vid Roja*, el hidrolato de Grosellero Negro* y la Rosa Mosqueta* estimulan la epidermis. El \u00e1cido Hialur\u00f3nico asegura una perfecta hidrataci\u00f3n.<\/p>\n<p>50ml<\/p>\n<p>* de cultivo ecol\u00f3gico<\/p>\n","protected":false},"excerpt":{"rendered":"<p>Crema para el rostro ideal para la piel sensible o propensa a la ros\u00e1cea<\/p>\n","protected":false},"featured_media":2763,"template":"","meta":[],"product_brand":[],"product_cat":[385,156],"product_tag":[],"class_list":{"0":"post-2448","1":"product","2":"type-product","3":"status-publish","4":"has-post-thumbnail","6":"product_cat-cremas-faciales-2","7":"product_cat-linea-elicrisia-es","9":"first","10":"outofstock","11":"featured","12":"taxable","13":"shipping-taxable","14":"purchasable","15":"product-type-simple"},"_links":{"self":[{"href":"https:\/\/www.mosquetas.com\/es\/wp-json\/wp\/v2\/product\/2448","targetHints":{"allow":["GET"]}}],"collection":[{"href":"https:\/\/www.mosquetas.com\/es\/wp-json\/wp\/v2\/product"}],"about":[{"href":"https:\/\/www.mosquetas.com\/es\/wp-json\/wp\/v2\/types\/product"}],"wp:featuredmedia":[{"embeddable":true,"href":"https:\/\/www.mosquetas.com\/es\/wp-json\/wp\/v2\/media\/2763"}],"wp:attachment":[{"href":"https:\/\/www.mosquetas.com\/es\/wp-json\/wp\/v2\/media?parent=2448"}],"wp:term":[{"taxonomy":"product_brand","embeddable":true,"href":"https:\/\/www.mosquetas.com\/es\/wp-json\/wp\/v2\/product_brand?post=2448"},{"taxonomy":"product_cat","embeddable":true,"href":"https:\/\/www.mosquetas.com\/es\/wp-json\/wp\/v2\/product_cat?post=2448"},{"taxonomy":"product_tag","embeddable":true,"href":"https:\/\/www.mosquetas.com\/es\/wp-json\/wp\/v2\/product_tag?post=2448"}],"curies":[{"name":"wp","href":"https:\/\/api.w.org\/{rel}","templated":true}]}}