{"id":2440,"date":"2015-07-29T10:24:56","date_gmt":"2015-07-29T08:24:56","guid":{"rendered":"https:\/\/www.mosquetas.com\/prodotto\/tonico-elicrisia-eclat-bio\/"},"modified":"2024-12-16T09:21:16","modified_gmt":"2024-12-16T08:21:16","slug":"tonico-elicrisia-eclat-bio","status":"publish","type":"product","link":"https:\/\/www.mosquetas.com\/es\/pr\/tonico-elicrisia-eclat-bio\/","title":{"rendered":"TONICO ELICRISIA\u00ae ECLAT \u2013 BIO"},"content":{"rendered":"<p>T\u00f3nico sin alcohol, indicado para pieles normales o mixtas, tonifica y aporta luminosidad a la piel de la cara, gracias a la asociaci\u00f3n de los hidrolatos de Helicrisio*, Hamamelis* y Salvia*. Los extractos de Caf\u00e9 Verde*, semillas enteras de Rosa Mosqueta* y Aloe Vera*\u00a0 proporcionan protecci\u00f3n e hidrataci\u00f3n. La piel se vuelve m\u00e1s fresca y brillante. La fragancia particular del Helicrisio estimula el esp\u00edritu y da una inmediata sensaci\u00f3n de confort y vitalidad.<\/p>\n<p>200ml<\/p>\n<p>* de cultivo ecol\u00f3gico<\/p>\n","protected":false},"excerpt":{"rendered":"<p>T\u00f3nico sin alcohol, indicado para pieles normales o mixtas<\/p>\n","protected":false},"featured_media":2748,"template":"","meta":[],"product_brand":[],"product_cat":[156,393],"product_tag":[],"class_list":{"0":"post-2440","1":"product","2":"type-product","3":"status-publish","4":"has-post-thumbnail","6":"product_cat-linea-elicrisia-es","7":"product_cat-tratamiento","9":"first","10":"instock","11":"taxable","12":"shipping-taxable","13":"purchasable","14":"product-type-simple"},"_links":{"self":[{"href":"https:\/\/www.mosquetas.com\/es\/wp-json\/wp\/v2\/product\/2440","targetHints":{"allow":["GET"]}}],"collection":[{"href":"https:\/\/www.mosquetas.com\/es\/wp-json\/wp\/v2\/product"}],"about":[{"href":"https:\/\/www.mosquetas.com\/es\/wp-json\/wp\/v2\/types\/product"}],"wp:featuredmedia":[{"embeddable":true,"href":"https:\/\/www.mosquetas.com\/es\/wp-json\/wp\/v2\/media\/2748"}],"wp:attachment":[{"href":"https:\/\/www.mosquetas.com\/es\/wp-json\/wp\/v2\/media?parent=2440"}],"wp:term":[{"taxonomy":"product_brand","embeddable":true,"href":"https:\/\/www.mosquetas.com\/es\/wp-json\/wp\/v2\/product_brand?post=2440"},{"taxonomy":"product_cat","embeddable":true,"href":"https:\/\/www.mosquetas.com\/es\/wp-json\/wp\/v2\/product_cat?post=2440"},{"taxonomy":"product_tag","embeddable":true,"href":"https:\/\/www.mosquetas.com\/es\/wp-json\/wp\/v2\/product_tag?post=2440"}],"curies":[{"name":"wp","href":"https:\/\/api.w.org\/{rel}","templated":true}]}}