{"id":2426,"date":"2015-07-29T10:34:31","date_gmt":"2015-07-29T08:34:31","guid":{"rendered":"https:\/\/www.mosquetas.com\/prodotto\/mascara-de-rosa-mosqueta-bio\/"},"modified":"2025-12-10T11:30:16","modified_gmt":"2025-12-10T10:30:16","slug":"mascara-de-rosa-mosqueta-bio","status":"publish","type":"product","link":"https:\/\/www.mosquetas.com\/es\/pr\/mascara-de-rosa-mosqueta-bio\/","title":{"rendered":"MASCARA DE ROSA MOSQUETA \u2013 BIO"},"content":{"rendered":"<p>F\u00f3rmula basada en la cera de Abejas*, Aceite de Rosa Mosqueta*, Aceite de Almendras dulces* y manteca de Karit\u00e9* proporcionan a la M\u00e1scara Mosqueta\u2019s una textura cremosa que permite recubrir cada pesta\u00f1a desde la ra\u00edz hasta la punta. El almid\u00f3n de trigo completa la f\u00f3rmula para amplificar el volumen y grosor. Gracias a la sinergia de estos componentes las pesta\u00f1as quedan perfectamente definidas, alargadas, separadas y protegidas. \u00a0Disponible en Negro y Marr\u00f3n.<\/p>\n<p>10ml<\/p>\n<p>* de cultivo ecol\u00f3gico<\/p>\n","protected":false},"excerpt":{"rendered":"<p>F\u00f3rmula basada en la cera de Abejas*, Aceite de Rosa Mosqueta*, Aceite de Almendras dulces* y manteca de Karit\u00e9* proporcionan a la M\u00e1scara Mosqueta\u2019s una textura cremosa que permite recubrir cada pesta\u00f1a desde la ra\u00edz hasta la punta. El almid\u00f3n de trigo completa la f\u00f3rmula para amplificar el volumen y grosor. Gracias a la sinergia de estos componentes las pesta\u00f1as quedan perfectamente definidas, alargadas, separadas y protegidas. \u00a0Disponible en Negro y Marr\u00f3n. 10ml * de cultivo ecol\u00f3gico<\/p>\n","protected":false},"featured_media":12770,"template":"","meta":[],"product_brand":[],"product_cat":[257],"product_tag":[],"class_list":{"0":"post-2426","1":"product","2":"type-product","3":"status-publish","4":"has-post-thumbnail","6":"product_cat-linea-de-maquillaje","8":"first","9":"instock","10":"taxable","11":"shipping-taxable","12":"purchasable","13":"product-type-variable"},"_links":{"self":[{"href":"https:\/\/www.mosquetas.com\/es\/wp-json\/wp\/v2\/product\/2426","targetHints":{"allow":["GET"]}}],"collection":[{"href":"https:\/\/www.mosquetas.com\/es\/wp-json\/wp\/v2\/product"}],"about":[{"href":"https:\/\/www.mosquetas.com\/es\/wp-json\/wp\/v2\/types\/product"}],"wp:featuredmedia":[{"embeddable":true,"href":"https:\/\/www.mosquetas.com\/es\/wp-json\/wp\/v2\/media\/12770"}],"wp:attachment":[{"href":"https:\/\/www.mosquetas.com\/es\/wp-json\/wp\/v2\/media?parent=2426"}],"wp:term":[{"taxonomy":"product_brand","embeddable":true,"href":"https:\/\/www.mosquetas.com\/es\/wp-json\/wp\/v2\/product_brand?post=2426"},{"taxonomy":"product_cat","embeddable":true,"href":"https:\/\/www.mosquetas.com\/es\/wp-json\/wp\/v2\/product_cat?post=2426"},{"taxonomy":"product_tag","embeddable":true,"href":"https:\/\/www.mosquetas.com\/es\/wp-json\/wp\/v2\/product_tag?post=2426"}],"curies":[{"name":"wp","href":"https:\/\/api.w.org\/{rel}","templated":true}]}}