{"id":2422,"date":"2015-07-29T10:36:29","date_gmt":"2015-07-29T08:36:29","guid":{"rendered":"https:\/\/www.mosquetas.com\/prodotto\/eyeliner-de-rosa-mosqueta-bio\/"},"modified":"2023-09-14T10:32:07","modified_gmt":"2023-09-14T08:32:07","slug":"eyeliner-de-rosa-mosqueta-bio","status":"publish","type":"product","link":"https:\/\/www.mosquetas.com\/es\/pr\/eyeliner-de-rosa-mosqueta-bio\/","title":{"rendered":"EYELINER DE ROSA MOSQUETA \u2013 BIO"},"content":{"rendered":"<p>Disponible en tres colores (Marr\u00f3n, Verde y Negro) proporciona una gran facilidad en el trazo y en la dosificaci\u00f3n, as\u00ed como una \u00f3ptima adherencia al p\u00e1rpado. El Aceite de Rosa Mosqueta* (nutritivo), el hidrolato de Salvia Esclarea* (antibacteriano) y las ceras vegetales, hacen de este eyeliner un verdadero tratamiento de belleza. Sin alcohol\u00a0El eyeliner Mosqueta\u2019s fue elegido como el mejor eyeliner de Francia de 49 productos analizados (l\u2019Observatoire des Cosm\u00e9tiques 2015\/2016)<\/p>\n<p>4,5 ml<\/p>\n<p>* de cultivo ecol\u00f3gico<\/p>\n","protected":false},"excerpt":{"rendered":"<p>Disponible en tres colores (Marr\u00f3n, Verde y Negro) proporciona una gran facilidad en el trazo y en la dosificaci\u00f3n, as\u00ed como una \u00f3ptima adherencia al p\u00e1rpado. El Aceite de Rosa Mosqueta* (nutritivo), el hidrolato de Salvia Esclarea* (antibacteriano) y las ceras vegetales, hacen de este eyeliner un verdadero tratamiento de belleza. Sin alcohol\u00a0El eyeliner Mosqueta\u2019s fue elegido como el mejor eyeliner de Francia de 49 productos analizados (l\u2019Observatoire des Cosm\u00e9tiques 2015\/2016) 4,5 ml * de cultivo ecol\u00f3gico<\/p>\n","protected":false},"featured_media":2693,"template":"","meta":[],"product_brand":[],"product_cat":[257],"product_tag":[],"class_list":{"0":"post-2422","1":"product","2":"type-product","3":"status-publish","4":"has-post-thumbnail","6":"product_cat-linea-de-maquillaje","8":"first","9":"instock","10":"taxable","11":"shipping-taxable","12":"purchasable","13":"product-type-variable"},"_links":{"self":[{"href":"https:\/\/www.mosquetas.com\/es\/wp-json\/wp\/v2\/product\/2422","targetHints":{"allow":["GET"]}}],"collection":[{"href":"https:\/\/www.mosquetas.com\/es\/wp-json\/wp\/v2\/product"}],"about":[{"href":"https:\/\/www.mosquetas.com\/es\/wp-json\/wp\/v2\/types\/product"}],"wp:featuredmedia":[{"embeddable":true,"href":"https:\/\/www.mosquetas.com\/es\/wp-json\/wp\/v2\/media\/2693"}],"wp:attachment":[{"href":"https:\/\/www.mosquetas.com\/es\/wp-json\/wp\/v2\/media?parent=2422"}],"wp:term":[{"taxonomy":"product_brand","embeddable":true,"href":"https:\/\/www.mosquetas.com\/es\/wp-json\/wp\/v2\/product_brand?post=2422"},{"taxonomy":"product_cat","embeddable":true,"href":"https:\/\/www.mosquetas.com\/es\/wp-json\/wp\/v2\/product_cat?post=2422"},{"taxonomy":"product_tag","embeddable":true,"href":"https:\/\/www.mosquetas.com\/es\/wp-json\/wp\/v2\/product_tag?post=2422"}],"curies":[{"name":"wp","href":"https:\/\/api.w.org\/{rel}","templated":true}]}}