{"id":2404,"date":"2015-07-29T10:38:28","date_gmt":"2015-07-29T08:38:28","guid":{"rendered":"https:\/\/www.mosquetas.com\/prodotto\/kajal-de-rosa-mosqueta-bio\/"},"modified":"2023-09-14T10:32:06","modified_gmt":"2023-09-14T08:32:06","slug":"kajal-de-rosa-mosqueta-bio","status":"publish","type":"product","link":"https:\/\/www.mosquetas.com\/es\/pr\/kajal-de-rosa-mosqueta-bio\/","title":{"rendered":"KAJAL DE ROSA MOSQUETA -BIO"},"content":{"rendered":"<p>Un l\u00e1piz que proporciona una gran seguridad de aplicaci\u00f3n, sutil y precisa para un efecto de maquillaje sin borrones. F\u00e1cil aplicaci\u00f3n para a\u00f1adir una sombra en la esquina del ojo.\u00a0Formulado con Aceite de Rosa Mosqueta*, aceite de Jojoba*, manteca de Karit\u00e9* asociados a las ceras vegetales, aseguran un trazado \u00f3ptimo y una tolerancia perfecta.<\/p>\n<p>Disponible en <strong>Negro<\/strong> y <strong>Marr\u00f3n<\/strong>.<\/p>\n<p>1,14gr<\/p>\n<p>* de cultivo ecol\u00f3gico<\/p>\n","protected":false},"excerpt":{"rendered":"<p>Un l\u00e1piz que proporciona una gran seguridad de aplicaci\u00f3n, sutil y precisa para un efecto de maquillaje sin borrones. F\u00e1cil aplicaci\u00f3n para a\u00f1adir una sombra en la esquina del ojo.\u00a0Formulado con Aceite de Rosa Mosqueta*, aceite de Jojoba*, manteca de Karit\u00e9* asociados a las ceras vegetales, aseguran un trazado \u00f3ptimo y una tolerancia perfecta. Disponible en Negro y Marr\u00f3n. 1,14gr * de cultivo ecol\u00f3gico<\/p>\n","protected":false},"featured_media":2675,"template":"","meta":[],"product_brand":[],"product_cat":[257],"product_tag":[],"class_list":{"0":"post-2404","1":"product","2":"type-product","3":"status-publish","4":"has-post-thumbnail","6":"product_cat-linea-de-maquillaje","8":"first","9":"instock","10":"taxable","11":"shipping-taxable","12":"purchasable","13":"product-type-variable"},"_links":{"self":[{"href":"https:\/\/www.mosquetas.com\/es\/wp-json\/wp\/v2\/product\/2404","targetHints":{"allow":["GET"]}}],"collection":[{"href":"https:\/\/www.mosquetas.com\/es\/wp-json\/wp\/v2\/product"}],"about":[{"href":"https:\/\/www.mosquetas.com\/es\/wp-json\/wp\/v2\/types\/product"}],"wp:featuredmedia":[{"embeddable":true,"href":"https:\/\/www.mosquetas.com\/es\/wp-json\/wp\/v2\/media\/2675"}],"wp:attachment":[{"href":"https:\/\/www.mosquetas.com\/es\/wp-json\/wp\/v2\/media?parent=2404"}],"wp:term":[{"taxonomy":"product_brand","embeddable":true,"href":"https:\/\/www.mosquetas.com\/es\/wp-json\/wp\/v2\/product_brand?post=2404"},{"taxonomy":"product_cat","embeddable":true,"href":"https:\/\/www.mosquetas.com\/es\/wp-json\/wp\/v2\/product_cat?post=2404"},{"taxonomy":"product_tag","embeddable":true,"href":"https:\/\/www.mosquetas.com\/es\/wp-json\/wp\/v2\/product_tag?post=2404"}],"curies":[{"name":"wp","href":"https:\/\/api.w.org\/{rel}","templated":true}]}}