{"id":2392,"date":"2015-07-29T10:40:25","date_gmt":"2015-07-29T08:40:25","guid":{"rendered":"https:\/\/www.mosquetas.com\/prodotto\/multicorrector-bio\/"},"modified":"2024-12-16T09:32:11","modified_gmt":"2024-12-16T08:32:11","slug":"multicorrector-bio","status":"publish","type":"product","link":"https:\/\/www.mosquetas.com\/es\/pr\/multicorrector-bio\/","title":{"rendered":"MULTICORRECTOR &#8211; BIO"},"content":{"rendered":"<p>Invisible, oculta al instante peque\u00f1as imperfecciones como ojeras, enrojecimiento, manchas y capilares en la cara, escote y piernas.Su textura cremosa y no grasa da un aspecto natural con un efecto mate. Gracias a sus ingredientes preciosos (Rosa Mosqueta*, manteca de Karit\u00e9*, Helicrisio, aceite de Baobab*, extracto de Cal\u00e9ndula), hidrata, protege y suaviza la piel mientras cubre las peque\u00f1as imperfecciones.<\/p>\n<p>Dos colores: 01 (claro) y 02 (oscuro).<\/p>\n<p>3,5 g<\/p>\n<p>* de cultivo ecol\u00f3gico<\/p>\n","protected":false},"excerpt":{"rendered":"<p>Invisible, oculta al instante peque\u00f1as imperfecciones como ojeras, enrojecimiento, manchas y capilares en la cara, escote y piernas.Su textura cremosa y no grasa da un aspecto natural con un efecto mate. Gracias a sus ingredientes preciosos (Rosa Mosqueta*, manteca de Karit\u00e9*, Helicrisio, aceite de Baobab*, extracto de Cal\u00e9ndula), hidrata, protege y suaviza la piel mientras cubre las peque\u00f1as imperfecciones. Dos colores: 01 (claro) y 02 (oscuro). 3,5 g * de cultivo ecol\u00f3gico<\/p>\n","protected":false},"featured_media":2652,"template":"","meta":[],"product_brand":[],"product_cat":[257],"product_tag":[],"class_list":{"0":"post-2392","1":"product","2":"type-product","3":"status-publish","4":"has-post-thumbnail","6":"product_cat-linea-de-maquillaje","8":"first","9":"instock","10":"featured","11":"taxable","12":"shipping-taxable","13":"purchasable","14":"product-type-variable"},"_links":{"self":[{"href":"https:\/\/www.mosquetas.com\/es\/wp-json\/wp\/v2\/product\/2392","targetHints":{"allow":["GET"]}}],"collection":[{"href":"https:\/\/www.mosquetas.com\/es\/wp-json\/wp\/v2\/product"}],"about":[{"href":"https:\/\/www.mosquetas.com\/es\/wp-json\/wp\/v2\/types\/product"}],"wp:featuredmedia":[{"embeddable":true,"href":"https:\/\/www.mosquetas.com\/es\/wp-json\/wp\/v2\/media\/2652"}],"wp:attachment":[{"href":"https:\/\/www.mosquetas.com\/es\/wp-json\/wp\/v2\/media?parent=2392"}],"wp:term":[{"taxonomy":"product_brand","embeddable":true,"href":"https:\/\/www.mosquetas.com\/es\/wp-json\/wp\/v2\/product_brand?post=2392"},{"taxonomy":"product_cat","embeddable":true,"href":"https:\/\/www.mosquetas.com\/es\/wp-json\/wp\/v2\/product_cat?post=2392"},{"taxonomy":"product_tag","embeddable":true,"href":"https:\/\/www.mosquetas.com\/es\/wp-json\/wp\/v2\/product_tag?post=2392"}],"curies":[{"name":"wp","href":"https:\/\/api.w.org\/{rel}","templated":true}]}}