{"id":2384,"date":"2015-07-29T10:21:42","date_gmt":"2015-07-29T08:21:42","guid":{"rendered":"https:\/\/www.mosquetas.com\/prodotto\/elicrisia-purity-bio\/"},"modified":"2023-09-14T10:30:45","modified_gmt":"2023-09-14T08:30:45","slug":"elicrisia-purity-bio","status":"publish","type":"product","link":"https:\/\/www.mosquetas.com\/es\/pr\/elicrisia-purity-bio\/","title":{"rendered":"ELICRISIA\u00ae PURITY &#8211; BIO"},"content":{"rendered":"<p>Crema de cara para pieles mixtas. Rico en activos bio: Hidrolatos de Hamamelis* y de Helicrisio (tonificantes y astringentes), Salvia* (purificante) y aceites preciosos (Rosa Mosqueta*, Jojoba*, Calophyllum y S\u00e9samo*), aportan pureza, luminosidad y confort. El jugo de Aloe Vera* y el extracto de Caf\u00e9 Verde* refuerzan la acci\u00f3n protectora y nutritiva.<\/p>\n<p>50ml<\/p>\n<p>* de cultivo ecol\u00f3gico<\/p>\n","protected":false},"excerpt":{"rendered":"<p>Crema de cara para pieles mixtas<\/p>\n","protected":false},"featured_media":2753,"template":"","meta":[],"product_brand":[],"product_cat":[385,156],"product_tag":[],"class_list":{"0":"post-2384","1":"product","2":"type-product","3":"status-publish","4":"has-post-thumbnail","6":"product_cat-cremas-faciales-2","7":"product_cat-linea-elicrisia-es","9":"first","10":"outofstock","11":"taxable","12":"shipping-taxable","13":"purchasable","14":"product-type-simple"},"_links":{"self":[{"href":"https:\/\/www.mosquetas.com\/es\/wp-json\/wp\/v2\/product\/2384","targetHints":{"allow":["GET"]}}],"collection":[{"href":"https:\/\/www.mosquetas.com\/es\/wp-json\/wp\/v2\/product"}],"about":[{"href":"https:\/\/www.mosquetas.com\/es\/wp-json\/wp\/v2\/types\/product"}],"wp:featuredmedia":[{"embeddable":true,"href":"https:\/\/www.mosquetas.com\/es\/wp-json\/wp\/v2\/media\/2753"}],"wp:attachment":[{"href":"https:\/\/www.mosquetas.com\/es\/wp-json\/wp\/v2\/media?parent=2384"}],"wp:term":[{"taxonomy":"product_brand","embeddable":true,"href":"https:\/\/www.mosquetas.com\/es\/wp-json\/wp\/v2\/product_brand?post=2384"},{"taxonomy":"product_cat","embeddable":true,"href":"https:\/\/www.mosquetas.com\/es\/wp-json\/wp\/v2\/product_cat?post=2384"},{"taxonomy":"product_tag","embeddable":true,"href":"https:\/\/www.mosquetas.com\/es\/wp-json\/wp\/v2\/product_tag?post=2384"}],"curies":[{"name":"wp","href":"https:\/\/api.w.org\/{rel}","templated":true}]}}