{"id":2381,"date":"2015-07-29T10:43:46","date_gmt":"2015-07-29T08:43:46","guid":{"rendered":"https:\/\/www.mosquetas.com\/prodotto\/omegarosa\/"},"modified":"2024-11-11T09:09:41","modified_gmt":"2024-11-11T08:09:41","slug":"omegarosa","status":"publish","type":"product","link":"https:\/\/www.mosquetas.com\/es\/pr\/omegarosa\/","title":{"rendered":"OMEGAROSA\u00ae"},"content":{"rendered":"<p>C\u00e1psulas de aceite virgen dinamizado de Rosa Mosqueta biol\u00f3gico, una de las pocas fuentes vegetales de los dos \u00e1cidos grasos esenciales Omega 3 \u2013 Omega 6 en proporci\u00f3n alta y equilibrada (35% \u2013 45%).<\/p>\n<p>90 c\u00e1psulas<\/p>\n","protected":false},"excerpt":{"rendered":"<p>C\u00e1psulas de aceite virgen dinamizado de Rosa Mosqueta biol\u00f3gico<\/p>\n","protected":false},"featured_media":2647,"template":"","meta":[],"product_brand":[],"product_cat":[416,241],"product_tag":[],"class_list":{"0":"post-2381","1":"product","2":"type-product","3":"status-publish","4":"has-post-thumbnail","6":"product_cat-promociones","7":"product_cat-suplementos","9":"first","10":"instock","11":"taxable","12":"shipping-taxable","13":"purchasable","14":"product-type-simple"},"_links":{"self":[{"href":"https:\/\/www.mosquetas.com\/es\/wp-json\/wp\/v2\/product\/2381","targetHints":{"allow":["GET"]}}],"collection":[{"href":"https:\/\/www.mosquetas.com\/es\/wp-json\/wp\/v2\/product"}],"about":[{"href":"https:\/\/www.mosquetas.com\/es\/wp-json\/wp\/v2\/types\/product"}],"wp:featuredmedia":[{"embeddable":true,"href":"https:\/\/www.mosquetas.com\/es\/wp-json\/wp\/v2\/media\/2647"}],"wp:attachment":[{"href":"https:\/\/www.mosquetas.com\/es\/wp-json\/wp\/v2\/media?parent=2381"}],"wp:term":[{"taxonomy":"product_brand","embeddable":true,"href":"https:\/\/www.mosquetas.com\/es\/wp-json\/wp\/v2\/product_brand?post=2381"},{"taxonomy":"product_cat","embeddable":true,"href":"https:\/\/www.mosquetas.com\/es\/wp-json\/wp\/v2\/product_cat?post=2381"},{"taxonomy":"product_tag","embeddable":true,"href":"https:\/\/www.mosquetas.com\/es\/wp-json\/wp\/v2\/product_tag?post=2381"}],"curies":[{"name":"wp","href":"https:\/\/api.w.org\/{rel}","templated":true}]}}