{"id":2376,"date":"2015-07-29T10:45:16","date_gmt":"2015-07-29T08:45:16","guid":{"rendered":"https:\/\/www.mosquetas.com\/prodotto\/omegarosa-plus\/"},"modified":"2023-09-14T10:30:42","modified_gmt":"2023-09-14T08:30:42","slug":"omegarosa-plus","status":"publish","type":"product","link":"https:\/\/www.mosquetas.com\/es\/pr\/omegarosa-plus\/","title":{"rendered":"OMEGAROSA\u00ae PLUS"},"content":{"rendered":"<p><strong>C\u00e1psulas de aceite de rosa mosqueta y borraja biol\u00f3gicos<\/strong> obtenidos por presi\u00f3n en fr\u00edo.\u00a0Muy rico en \u00e1cidos grasos de las cadenas de Omega 3 (\u00e1cido alfa-linol\u00e9nico) y Omega 6 (de los cuales el \u00e1cido gamma-linol\u00e9nico, \u00e1cido graso presente en un peque\u00f1o n\u00famero de semillas).<\/p>\n<p>90 c\u00e1psulas<\/p>\n","protected":false},"excerpt":{"rendered":"<p>C\u00e1psulas de aceite de rosa mosqueta y borraja biol\u00f3gicos obtenidos por presi\u00f3n en fr\u00edo<\/p>\n","protected":false},"featured_media":2642,"template":"","meta":[],"product_brand":[],"product_cat":[241],"product_tag":[],"class_list":{"0":"post-2376","1":"product","2":"type-product","3":"status-publish","4":"has-post-thumbnail","6":"product_cat-suplementos","8":"first","9":"instock","10":"featured","11":"taxable","12":"shipping-taxable","13":"purchasable","14":"product-type-simple"},"_links":{"self":[{"href":"https:\/\/www.mosquetas.com\/es\/wp-json\/wp\/v2\/product\/2376","targetHints":{"allow":["GET"]}}],"collection":[{"href":"https:\/\/www.mosquetas.com\/es\/wp-json\/wp\/v2\/product"}],"about":[{"href":"https:\/\/www.mosquetas.com\/es\/wp-json\/wp\/v2\/types\/product"}],"wp:featuredmedia":[{"embeddable":true,"href":"https:\/\/www.mosquetas.com\/es\/wp-json\/wp\/v2\/media\/2642"}],"wp:attachment":[{"href":"https:\/\/www.mosquetas.com\/es\/wp-json\/wp\/v2\/media?parent=2376"}],"wp:term":[{"taxonomy":"product_brand","embeddable":true,"href":"https:\/\/www.mosquetas.com\/es\/wp-json\/wp\/v2\/product_brand?post=2376"},{"taxonomy":"product_cat","embeddable":true,"href":"https:\/\/www.mosquetas.com\/es\/wp-json\/wp\/v2\/product_cat?post=2376"},{"taxonomy":"product_tag","embeddable":true,"href":"https:\/\/www.mosquetas.com\/es\/wp-json\/wp\/v2\/product_tag?post=2376"}],"curies":[{"name":"wp","href":"https:\/\/api.w.org\/{rel}","templated":true}]}}