{"id":2372,"date":"2017-11-29T15:48:51","date_gmt":"2017-11-29T14:48:51","guid":{"rendered":"https:\/\/www.mosquetas.com\/prodotto\/crema-anti-age-ultra-dolce-bio-2\/"},"modified":"2023-09-14T10:30:41","modified_gmt":"2023-09-14T08:30:41","slug":"crema-anti-age-ultra-dolce-bio-2","status":"publish","type":"product","link":"https:\/\/www.mosquetas.com\/es\/pr\/crema-anti-age-ultra-dolce-bio-2\/","title":{"rendered":"CREMA ANTI-AGE ULTRA DULCE \u2013 BIO"},"content":{"rendered":"<p>Crema anti-\u00e2ge calmante y regeneradora, especialmente formulada para la piel con tendencia ultra sensible o at\u00f3pica. Muy rica en ingredientes activos Bio que incluyen el aceite de Rosa Mosqueta (antienvejecimiento, regenerador) y la Margarita Azul (calmante, antioxidante y reparador), los hidrolatos de Helichrysum y Grosellero Negro (reparadores y descongestionantes), Bisabolol (calmante y antioxidante), los aceites de Onagra, Jojoba y Karit\u00e9 (nutrientes). Adem\u00e1s, el Acido Hialur\u00f3nico que refuerza la hidrataci\u00f3n. Sin al\u00e9rgenos y sin alcohol.<br \/>\nProtege, calma y nutre con suavidad garantizando elasticidad y confort.<\/p>\n<p>50ml<\/p>\n<p>* de cultivo ecol\u00f3gico<\/p>\n","protected":false},"excerpt":{"rendered":"<p>Crema anti-\u00e2ge calmante y regeneradora, especialmente formulada para la piel con tendencia ultra sensible o at\u00f3pica.<\/p>\n","protected":false},"featured_media":2637,"template":"","meta":[],"product_brand":[],"product_cat":[405,220],"product_tag":[],"class_list":{"0":"post-2372","1":"product","2":"type-product","3":"status-publish","4":"has-post-thumbnail","6":"product_cat-cremas-faciales","7":"product_cat-linea-rosa-es","9":"first","10":"outofstock","11":"taxable","12":"shipping-taxable","13":"purchasable","14":"product-type-simple"},"_links":{"self":[{"href":"https:\/\/www.mosquetas.com\/es\/wp-json\/wp\/v2\/product\/2372","targetHints":{"allow":["GET"]}}],"collection":[{"href":"https:\/\/www.mosquetas.com\/es\/wp-json\/wp\/v2\/product"}],"about":[{"href":"https:\/\/www.mosquetas.com\/es\/wp-json\/wp\/v2\/types\/product"}],"wp:featuredmedia":[{"embeddable":true,"href":"https:\/\/www.mosquetas.com\/es\/wp-json\/wp\/v2\/media\/2637"}],"wp:attachment":[{"href":"https:\/\/www.mosquetas.com\/es\/wp-json\/wp\/v2\/media?parent=2372"}],"wp:term":[{"taxonomy":"product_brand","embeddable":true,"href":"https:\/\/www.mosquetas.com\/es\/wp-json\/wp\/v2\/product_brand?post=2372"},{"taxonomy":"product_cat","embeddable":true,"href":"https:\/\/www.mosquetas.com\/es\/wp-json\/wp\/v2\/product_cat?post=2372"},{"taxonomy":"product_tag","embeddable":true,"href":"https:\/\/www.mosquetas.com\/es\/wp-json\/wp\/v2\/product_tag?post=2372"}],"curies":[{"name":"wp","href":"https:\/\/api.w.org\/{rel}","templated":true}]}}