{"id":2370,"date":"2018-04-10T15:16:59","date_gmt":"2018-04-10T13:16:59","guid":{"rendered":"https:\/\/www.mosquetas.com\/prodotto\/elicrisia-sensity-night-bio-2\/"},"modified":"2023-09-14T10:30:40","modified_gmt":"2023-09-14T08:30:40","slug":"elicrisia-sensity-night-bio-2","status":"publish","type":"product","link":"https:\/\/www.mosquetas.com\/es\/pr\/elicrisia-sensity-night-bio-2\/","title":{"rendered":"ELICRISIA\u00ae SENSITY NIGHT\u2013 BIO"},"content":{"rendered":"<p>Crema de noche, nutre profundamente incluso la<strong> piel m\u00e1s seca y delicada<\/strong> ejerciendo una acci\u00f3n relajante, antioxidante y antienvejecimiento gracias a sus <strong>preciosos ingredientes activos<\/strong>: los aceites de Onagra*, Jojoba*, Aguacate* y Karit\u00e9* para combatir la sequedad y dar m\u00e1s elasticidad a la piel. El Helichrysum*, el Grosellero Negro*, la ra\u00edz de Maca de los Andes*, calmante y regeneradora. El innovador complejo de plantas compuesto de aceite de Rosa Mosqueta*, extracto de baya de Rosa Canina y el extracto de semilla de Frambuesa org\u00e1nica aportan una fuerte acci\u00f3n antioxidante, calmante y restructurante protegiendo la piel del envejecimiento. El \u00c1cido Hialur\u00f3nico intensifica la acci\u00f3n hidratante y antiedad.<\/p>\n<p>50ml<\/p>\n<p>* de cultivo ecol\u00f3gico<\/p>\n","protected":false},"excerpt":{"rendered":"<p>Crema de noche, nutre profundamente incluso la<strong> piel m\u00e1s seca y delicada<\/strong> ejerciendo una acci\u00f3n relajante, antioxidante y antienvejecimiento<\/p>\n","protected":false},"featured_media":2632,"template":"","meta":[],"product_brand":[],"product_cat":[385,156],"product_tag":[],"class_list":{"0":"post-2370","1":"product","2":"type-product","3":"status-publish","4":"has-post-thumbnail","6":"product_cat-cremas-faciales-2","7":"product_cat-linea-elicrisia-es","9":"first","10":"instock","11":"taxable","12":"shipping-taxable","13":"purchasable","14":"product-type-simple"},"_links":{"self":[{"href":"https:\/\/www.mosquetas.com\/es\/wp-json\/wp\/v2\/product\/2370","targetHints":{"allow":["GET"]}}],"collection":[{"href":"https:\/\/www.mosquetas.com\/es\/wp-json\/wp\/v2\/product"}],"about":[{"href":"https:\/\/www.mosquetas.com\/es\/wp-json\/wp\/v2\/types\/product"}],"wp:featuredmedia":[{"embeddable":true,"href":"https:\/\/www.mosquetas.com\/es\/wp-json\/wp\/v2\/media\/2632"}],"wp:attachment":[{"href":"https:\/\/www.mosquetas.com\/es\/wp-json\/wp\/v2\/media?parent=2370"}],"wp:term":[{"taxonomy":"product_brand","embeddable":true,"href":"https:\/\/www.mosquetas.com\/es\/wp-json\/wp\/v2\/product_brand?post=2370"},{"taxonomy":"product_cat","embeddable":true,"href":"https:\/\/www.mosquetas.com\/es\/wp-json\/wp\/v2\/product_cat?post=2370"},{"taxonomy":"product_tag","embeddable":true,"href":"https:\/\/www.mosquetas.com\/es\/wp-json\/wp\/v2\/product_tag?post=2370"}],"curies":[{"name":"wp","href":"https:\/\/api.w.org\/{rel}","templated":true}]}}