{"id":3931,"date":"2023-08-23T23:44:41","date_gmt":"2023-08-23T21:44:41","guid":{"rendered":"https:\/\/www.mosquetas.com\/?page_id=3931"},"modified":"2023-08-23T23:52:31","modified_gmt":"2023-08-23T21:52:31","slug":"copyright","status":"publish","type":"page","link":"https:\/\/www.mosquetas.com\/es\/copyright\/","title":{"rendered":"Derechos de autor"},"content":{"rendered":"\t\t<div data-elementor-type=\"wp-page\" data-elementor-id=\"3931\" class=\"elementor elementor-3931 elementor-3928\">\n\t\t\t\t<div class=\"elementor-element elementor-element-a122cf6 e-flex e-con-boxed wpr-particle-no wpr-jarallax-no wpr-parallax-no wpr-sticky-section-no wpr-equal-height-no e-con e-parent\" data-id=\"a122cf6\" data-element_type=\"container\" data-e-type=\"container\">\n\t\t\t\t\t<div class=\"e-con-inner\">\n\t\t\t\t<div class=\"elementor-element elementor-element-3a1160e elementor-widget elementor-widget-text-editor\" data-id=\"3a1160e\" data-element_type=\"widget\" data-e-type=\"widget\" data-widget_type=\"text-editor.default\">\n\t\t\t\t<div class=\"elementor-widget-container\">\n\t\t\t\t\t\t\t\t\t<p>Este sitio web y el material en \u00e9l contenido constituyen propiedad intelectual y est\u00e1n protegidos por la ley sobre el derecho de autor y por otras leyes de protecci\u00f3n de la propiedad intelectual.<\/p><p>Donde no se indique lo contrario, todos los derechos pertenecen en modo exclusivo a\u00a0<strong>ITALCHILE SRL<\/strong>.<\/p><p>Ning\u00fan elemento que forme parte de este sitio web puede por lo tanto ser reproducido, a trav\u00e9s de ning\u00fan medio anal\u00f3gico o digital, de manera directa o indirecta, de manera temporal o permanente, en su totalidad o en parte, sin autorizaci\u00f3n escrita de\u00a0<strong>ITALCHILE SRL<\/strong>, a excepci\u00f3n de las reproducciones realizadas para uso exclusivamente personal.<\/p><p>Las obras de las cuales se indica la fuente son de propiedad exclusiva de los respectivos autores y de sus causahabientes. Queda prohibida toda reproducci\u00f3n, comunicaci\u00f3n p\u00fablica, distribuci\u00f3n y traducci\u00f3n de dichas obras (por otra parte, dicho listado es solo un ejemplo, debi\u00e9ndose en cada caso hacer referencia a todas las normas que regulan la materia) sin la autorizaci\u00f3n escrita de los respectivos propietarios. Asimismo, se permite la reproducci\u00f3n para uso personal, as\u00ed como la s\u00edntesis, la cita o la reproducci\u00f3n de fragmentos o de partes de la obra y su comunicaci\u00f3n p\u00fablica si se realizan para uso de cr\u00edtica o debate, en la medida de lo necesario para el cumplimiento de dichos objetivos, siempre y cuando no constituyan competencia de uso econ\u00f3mico de la obra, establecido que, en cada caso, se cite su autor y la fuente obligatoriamente.<\/p><p><strong>ITALCHILE SRL<\/strong>\u00a0no asume responsabilidad alguna por cualquier violaci\u00f3n de los derechos de propiedad intelectual por parte de los propios usuarios.<\/p><p>Todas las marcas y otros s\u00edmbolos caracter\u00edsticos presentes en el sitio web son de propiedad de\u00a0<strong>ITALCHILE SRL<\/strong>\u00a0o de los respectivos propietarios. Por lo tanto, est\u00e1 prohibido todo uso no autorizado de los mismos. En particular est\u00e1 prohibido el uso, sin la previa autorizaci\u00f3n de los titulares de los derechos, de metaetiquetas y\/u otros textos ocultos, formados por marcas o por otros s\u00edmbolos caracter\u00edsticos de propiedad de\u00a0<strong>ITALCHILE SRL<\/strong>\u00a0o de otros sujetos.<\/p><p>No es intenci\u00f3n de\u00a0<strong>ITALCHILE SRL<\/strong>\u00a0violar los derechos de propiedad intelectual de terceros. No obstante, si alguien se considera perjudicado en sus propios derechos exclusivos puede contactar con\u00a0<strong>ITALCHILE SRL<\/strong>\u00a0para solicitar la eliminaci\u00f3n el material protegido o para buscar soluciones de com\u00fan acuerdo al problema.<\/p>\t\t\t\t\t\t\t\t<\/div>\n\t\t\t\t<\/div>\n\t\t\t\t\t<\/div>\n\t\t\t\t<\/div>\n\t\t\t\t<\/div>\n\t\t","protected":false},"excerpt":{"rendered":"<p>Este sitio web y el material en \u00e9l contenido constituyen propiedad intelectual y est\u00e1n protegidos por la ley sobre el derecho de autor y por otras leyes de protecci\u00f3n de la propiedad intelectual. Donde no se indique lo contrario, todos los derechos pertenecen en modo exclusivo a\u00a0ITALCHILE SRL. Ning\u00fan elemento que forme parte de este sitio web puede por lo tanto ser reproducido, a trav\u00e9s de ning\u00fan medio anal\u00f3gico o digital, de manera directa o indirecta, de manera temporal o permanente, en su totalidad o en parte, sin autorizaci\u00f3n escrita de\u00a0ITALCHILE SRL, a excepci\u00f3n de las reproducciones realizadas para uso exclusivamente personal. Las obras de las cuales se indica la fuente son de propiedad exclusiva de los respectivos autores y de sus causahabientes. Queda prohibida toda reproducci\u00f3n, comunicaci\u00f3n p\u00fablica, distribuci\u00f3n y traducci\u00f3n de dichas obras (por otra parte, dicho listado es solo un ejemplo, debi\u00e9ndose en cada caso hacer referencia a todas las normas que regulan la materia) sin la autorizaci\u00f3n escrita de los respectivos propietarios. Asimismo, se permite la reproducci\u00f3n para uso personal, as\u00ed como la s\u00edntesis, la cita o la reproducci\u00f3n de fragmentos o de partes de la obra y su comunicaci\u00f3n p\u00fablica si se realizan para uso de cr\u00edtica o debate, en la medida de lo necesario para el cumplimiento de dichos objetivos, siempre y cuando no constituyan competencia de uso econ\u00f3mico de la obra, establecido que, en cada caso, se cite su autor y la fuente obligatoriamente. ITALCHILE SRL\u00a0no asume responsabilidad alguna por cualquier violaci\u00f3n de los derechos de propiedad intelectual por parte de los propios usuarios. Todas las marcas y otros s\u00edmbolos caracter\u00edsticos presentes en el sitio web son de propiedad de\u00a0ITALCHILE SRL\u00a0o de los respectivos propietarios. Por lo tanto, est\u00e1 prohibido todo uso no autorizado de los mismos. En particular est\u00e1 prohibido el uso, sin la previa autorizaci\u00f3n de los titulares de los derechos, de metaetiquetas y\/u otros textos ocultos, formados por marcas o por otros s\u00edmbolos caracter\u00edsticos de propiedad de\u00a0ITALCHILE SRL\u00a0o de otros sujetos. No es intenci\u00f3n de\u00a0ITALCHILE SRL\u00a0violar los derechos de propiedad intelectual de terceros. No obstante, si alguien se considera perjudicado en sus propios derechos exclusivos puede contactar con\u00a0ITALCHILE SRL\u00a0para solicitar la eliminaci\u00f3n el material protegido o para buscar soluciones de com\u00fan acuerdo al problema.<\/p>\n","protected":false},"author":1,"featured_media":0,"parent":0,"menu_order":0,"comment_status":"closed","ping_status":"closed","template":"","meta":{"footnotes":""},"class_list":["post-3931","page","type-page","status-publish","hentry"],"blocksy_meta":{"styles_descriptor":{"styles":{"desktop":"","tablet":"","mobile":""},"google_fonts":[],"version":6}},"_links":{"self":[{"href":"https:\/\/www.mosquetas.com\/es\/wp-json\/wp\/v2\/pages\/3931","targetHints":{"allow":["GET"]}}],"collection":[{"href":"https:\/\/www.mosquetas.com\/es\/wp-json\/wp\/v2\/pages"}],"about":[{"href":"https:\/\/www.mosquetas.com\/es\/wp-json\/wp\/v2\/types\/page"}],"author":[{"embeddable":true,"href":"https:\/\/www.mosquetas.com\/es\/wp-json\/wp\/v2\/users\/1"}],"replies":[{"embeddable":true,"href":"https:\/\/www.mosquetas.com\/es\/wp-json\/wp\/v2\/comments?post=3931"}],"version-history":[{"count":0,"href":"https:\/\/www.mosquetas.com\/es\/wp-json\/wp\/v2\/pages\/3931\/revisions"}],"wp:attachment":[{"href":"https:\/\/www.mosquetas.com\/es\/wp-json\/wp\/v2\/media?parent=3931"}],"curies":[{"name":"wp","href":"https:\/\/api.w.org\/{rel}","templated":true}]}}