{"id":3313,"date":"2022-07-02T05:28:59","date_gmt":"2022-07-02T03:28:59","guid":{"rendered":"https:\/\/www.mosquetas.com\/?page_id=3313"},"modified":"2023-08-30T15:52:29","modified_gmt":"2023-08-30T13:52:29","slug":"mosquetas","status":"publish","type":"page","link":"https:\/\/www.mosquetas.com\/es\/mosquetas\/","title":{"rendered":"Mosqueta&#8217;s"},"content":{"rendered":"\t\t<div data-elementor-type=\"wp-page\" data-elementor-id=\"3313\" class=\"elementor elementor-3313 elementor-681\">\n\t\t\t\t<div class=\"elementor-element elementor-element-da2f1b1 e-flex e-con-boxed wpr-particle-no wpr-jarallax-no wpr-parallax-no wpr-sticky-section-no wpr-equal-height-no e-con e-parent\" data-id=\"da2f1b1\" data-element_type=\"container\" data-e-type=\"container\" data-settings=\"{&quot;background_background&quot;:&quot;classic&quot;}\">\n\t\t\t\t\t<div class=\"e-con-inner\">\n\t\t\t\t<div class=\"elementor-element elementor-element-3fedb34 elementor-widget elementor-widget-heading\" data-id=\"3fedb34\" data-element_type=\"widget\" data-e-type=\"widget\" data-widget_type=\"heading.default\">\n\t\t\t\t<div class=\"elementor-widget-container\">\n\t\t\t\t\t<h1 class=\"elementor-heading-title elementor-size-default\">Mosqueta's<\/h1>\t\t\t\t<\/div>\n\t\t\t\t<\/div>\n\t\t\t\t\t<\/div>\n\t\t\t\t<\/div>\n\t\t<div class=\"elementor-element elementor-element-5e11a2b e-flex e-con-boxed wpr-particle-no wpr-jarallax-no wpr-parallax-no wpr-sticky-section-no wpr-equal-height-no e-con e-parent\" data-id=\"5e11a2b\" data-element_type=\"container\" data-e-type=\"container\">\n\t\t\t\t\t<div class=\"e-con-inner\">\n\t\t\t\t<div class=\"elementor-element elementor-element-c117e0b elementor-widget elementor-widget-text-editor\" data-id=\"c117e0b\" data-element_type=\"widget\" data-e-type=\"widget\" data-widget_type=\"text-editor.default\">\n\t\t\t\t<div class=\"elementor-widget-container\">\n\t\t\t\t\t\t\t\t\t<p><strong><em><img loading=\"lazy\" decoding=\"async\" class=\" wp-image-3421 alignright\" src=\"https:\/\/www.mosquetas.com\/wp-content\/uploads\/2023\/08\/Nathalie_Gueneau-261x300.jpg.webp\" alt=\"\" width=\"144\" height=\"171\" \/><\/em><\/strong><\/p><p><strong>En 1989<\/strong>, Nathalie Gu\u00e9nau, empresaria francesa con una fuerte pasi\u00f3n por la bot\u00e1nica y el mundo natural,\u00a0durante\u00a0un viaje a Chile experimenta en persona,\u00a0<strong>despu\u00e9s de haberse da\u00f1ado seriamente los labios, la capacidad terap\u00e9utica y regeneradora<\/strong>\u00a0del\u00a0<strong>Aceite de Rosa Mosqueta<\/strong>\u00a0(Rosa affinis Rubiginosa).<\/p><p>Se trata de una variedad de rosal silvestre que crece en la naturaleza, en un h\u00e1bitat sin contaminaci\u00f3n en la zona centro-meridional de Chile. De su fruto se extra un aceite natural caracterizado por una\u00a0<strong>incomparable riqueza de \u00e1cidos grasos esenciales, como el Omega 3 vegetal.<\/strong><\/p><p>Nathalie Gu\u00e9nau entra en contacto con el equipo de investigaci\u00f3n del departamento de qu\u00edmica farmac\u00e9utica de la Universidad de Concepci\u00f3n, que a principios de los a\u00f1os 80 hab\u00edan descubierto y experimentado, las excepcionales propiedades regeneradoras de la Rosa Mosqueta (o Rubiginosa).<\/p><p>Es la chispa que dio lugar a la creaci\u00f3n de\u00a0<em><strong>Italchile<\/strong><\/em>, empresa cuyo objetivo es desarrollar la producci\u00f3n del Aceite de Rosa Mosqueta por presi\u00f3n en fr\u00edo. Este procedimiento consigue preservar sus propiedades \u00fanicas, haciendo que est\u00e9 disponible en formato \u201cextra-virgen\u201d.<\/p><p><strong><em>Gracias a la filial chilena, Italchile controla todo el proceso de producci\u00f3n del aceite de Rosa Mosqueta, desde la recolecci\u00f3n hasta el secado, desde la extracci\u00f3n hasta la distribuci\u00f3n.<\/em><\/strong><\/p><p>Coherente con la filosof\u00eda de la empresa,\u00a0<strong>en 1995 Italchile<\/strong>\u00a0es la primera que obtiene la\u00a0<strong>certificaci\u00f3n biol\u00f3gica<\/strong>\u00a0para el<strong>\u00a0aceite de Rosa Mosqueta<\/strong>.<\/p><p>Este aceite de rosa es el ingrediente principal de toda la l\u00ednea de cosm\u00e9ticos biol\u00f3gicos de Rosa Mosqueta y complementos alimenticios Omegarosa\u00ae Omegarosa\u00ae Plus.<\/p><p><strong>En 2002\/2003<\/strong>, Italchile fue una de las primeras empresas en obtener la\u00a0<strong>certificaci\u00f3n de \u201cCosmetique Biologique\u201d (cosm\u00e9ticos biol\u00f3gicos) Ecocert.<\/strong><\/p><h3><strong>Una exclusiva de ITALCHILE: la DINAMIZACION<\/strong><\/h3><p>Gracias a la cooperaci\u00f3n con las universidades europeas que miden objetivamente la concentraci\u00f3n de biofotones, todos los cosm\u00e9ticos y suplementos Italchile est\u00e1n bio-dinamizados con un proceso innovador que restaura la energ\u00eda presente en el producto final de la planta en la naturaleza: la din\u00e1mica.<\/p>\t\t\t\t\t\t\t\t<\/div>\n\t\t\t\t<\/div>\n\t\t\t\t\t<\/div>\n\t\t\t\t<\/div>\n\t\t\t\t<\/div>\n\t\t","protected":false},"excerpt":{"rendered":"<p>Mosqueta&#8217;s En 1989, Nathalie Gu\u00e9nau, empresaria francesa con una fuerte pasi\u00f3n por la bot\u00e1nica y el mundo natural,\u00a0durante\u00a0un viaje a Chile experimenta en persona,\u00a0despu\u00e9s de haberse da\u00f1ado seriamente los labios, la capacidad terap\u00e9utica y regeneradora\u00a0del\u00a0Aceite de Rosa Mosqueta\u00a0(Rosa affinis Rubiginosa). Se trata de una variedad de rosal silvestre que crece en la naturaleza, en un h\u00e1bitat sin contaminaci\u00f3n en la zona centro-meridional de Chile. De su fruto se extra un aceite natural caracterizado por una\u00a0incomparable riqueza de \u00e1cidos grasos esenciales, como el Omega 3 vegetal. Nathalie Gu\u00e9nau entra en contacto con el equipo de investigaci\u00f3n del departamento de qu\u00edmica farmac\u00e9utica de la Universidad de Concepci\u00f3n, que a principios de los a\u00f1os 80 hab\u00edan descubierto y experimentado, las excepcionales propiedades regeneradoras de la Rosa Mosqueta (o Rubiginosa). Es la chispa que dio lugar a la creaci\u00f3n de\u00a0Italchile, empresa cuyo objetivo es desarrollar la producci\u00f3n del Aceite de Rosa Mosqueta por presi\u00f3n en fr\u00edo. Este procedimiento consigue preservar sus propiedades \u00fanicas, haciendo que est\u00e9 disponible en formato \u201cextra-virgen\u201d. Gracias a la filial chilena, Italchile controla todo el proceso de producci\u00f3n del aceite de Rosa Mosqueta, desde la recolecci\u00f3n hasta el secado, desde la extracci\u00f3n hasta la distribuci\u00f3n. Coherente con la filosof\u00eda de la empresa,\u00a0en 1995 Italchile\u00a0es la primera que obtiene la\u00a0certificaci\u00f3n biol\u00f3gica\u00a0para el\u00a0aceite de Rosa Mosqueta. Este aceite de rosa es el ingrediente principal de toda la l\u00ednea de cosm\u00e9ticos biol\u00f3gicos de Rosa Mosqueta y complementos alimenticios Omegarosa\u00ae Omegarosa\u00ae Plus. En 2002\/2003, Italchile fue una de las primeras empresas en obtener la\u00a0certificaci\u00f3n de \u201cCosmetique Biologique\u201d (cosm\u00e9ticos biol\u00f3gicos) Ecocert. Una exclusiva de ITALCHILE: la DINAMIZACION Gracias a la cooperaci\u00f3n con las universidades europeas que miden objetivamente la concentraci\u00f3n de biofotones, todos los cosm\u00e9ticos y suplementos Italchile est\u00e1n bio-dinamizados con un proceso innovador que restaura la energ\u00eda presente en el producto final de la planta en la naturaleza: la din\u00e1mica.<\/p>\n","protected":false},"author":1,"featured_media":0,"parent":0,"menu_order":0,"comment_status":"closed","ping_status":"closed","template":"","meta":{"footnotes":""},"class_list":["post-3313","page","type-page","status-publish","hentry"],"blocksy_meta":{"styles_descriptor":{"styles":{"desktop":"","tablet":"","mobile":""},"google_fonts":[],"version":6},"page_title_panel":"","has_hero_section":"disabled","1d15b7934ff424ab25737f2d764de13a":"","hero_section":"type-1","hero_elements":[{"id":"custom_title","enabled":true,"heading_tag":"h1","title":"Home"},{"id":"custom_description","enabled":true,"description_visibility":{"desktop":true,"tablet":true,"mobile":false}},{"id":"custom_meta","enabled":false,"meta_elements":[{"id":"author","enabled":true,"label":"By","has_author_avatar":"yes","avatar_size":25},{"id":"post_date","enabled":true,"label":"On","date_format_source":"default","date_format":"M j, Y"},{"id":"updated_date","enabled":false,"label":"On","date_format_source":"default","date_format":"M j, Y"},{"id":"categories","enabled":false,"label":"In","style":"simple"},{"id":"comments","enabled":true}],"page_meta_elements":{"joined":true,"articles_count":true,"comments":true}},{"id":"breadcrumbs","enabled":false}],"e377139f0e48a4cb5a64798ea8d651b9":"","hero_alignment1":"CT_CSS_SKIP_RULE","hero_margin":40,"hero_alignment2":"center","hero_vertical_alignment":"center","af09189de71c08c18e1cd076aeaad8fe":"","hero_structure":"narrow","4241a204ae10e70836b130f646a7f2d5":"","page_title_bg_type":"featured_image","custom_hero_background":{"attachment_id":null},"page_title_image_size":"full","parallax":{"desktop":false,"tablet":false,"mobile":false},"37c6846e78051bc32791c6958664507d":"","hero_height":"250px","pageTitleFont":{"family":"Default","variation":"Default","size":"30px","line-height":"CT_CSS_SKIP_RULE","letter-spacing":"CT_CSS_SKIP_RULE","text-transform":"CT_CSS_SKIP_RULE","text-decoration":"CT_CSS_SKIP_RULE"},"pageTitleFontColor":{"default":{"color":"CT_CSS_SKIP_RULEDEFAULT"}},"pageMetaFont":{"family":"Default","variation":"n6","size":"12px","line-height":"1.3","letter-spacing":"CT_CSS_SKIP_RULE","text-transform":"uppercase","text-decoration":"CT_CSS_SKIP_RULE"},"pageMetaFontColor":{"default":{"color":"CT_CSS_SKIP_RULEDEFAULT"},"hover":{"color":"CT_CSS_SKIP_RULEDEFAULT"}},"page_meta_button_type_font_colors":{"default":{"color":"CT_CSS_SKIP_RULEDEFAULT"},"hover":{"color":"CT_CSS_SKIP_RULEDEFAULT"}},"page_meta_button_type_background_colors":{"default":{"color":"CT_CSS_SKIP_RULEDEFAULT"},"hover":{"color":"CT_CSS_SKIP_RULEDEFAULT"}},"pageExcerptFont":{"family":"Default","variation":"Default","size":"CT_CSS_SKIP_RULE","line-height":"CT_CSS_SKIP_RULE","letter-spacing":"CT_CSS_SKIP_RULE","text-transform":"CT_CSS_SKIP_RULE","text-decoration":"CT_CSS_SKIP_RULE"},"pageExcerptColor":{"default":{"color":"CT_CSS_SKIP_RULEDEFAULT"}},"breadcrumbsFont":{"family":"Default","variation":"Default","size":"CT_CSS_SKIP_RULE","line-height":"CT_CSS_SKIP_RULE","letter-spacing":"CT_CSS_SKIP_RULE","text-transform":"CT_CSS_SKIP_RULE","text-decoration":"CT_CSS_SKIP_RULE"},"breadcrumbsFontColor":{"default":{"color":"CT_CSS_SKIP_RULEDEFAULT"},"initial":{"color":"CT_CSS_SKIP_RULEDEFAULT"},"hover":{"color":"CT_CSS_SKIP_RULEDEFAULT"}},"pageTitleOverlay":{"background_type":"color","background_pattern":"type-1","background_image":{"attachment_id":null,"x":0,"y":0},"gradient":"linear-gradient(135deg,rgba(6,147,227,1) 0%,rgb(155,81,224) 100%)","background_repeat":"repeat","background_size":"auto","background_attachment":"scroll","patternColor":{"default":{"color":"#e5e7ea"}},"overlayColor":{"default":{"color":"CT_CSS_SKIP_RULE"}},"backgroundColor":{"default":{"color":"CT_CSS_SKIP_RULE"}}},"pageTitleBackground":{"background_type":"color","background_pattern":"type-1","background_image":{"attachment_id":null,"x":0,"y":0},"gradient":"linear-gradient(135deg,rgba(6,147,227,1) 0%,rgb(155,81,224) 100%)","background_repeat":"repeat","background_size":"auto","background_attachment":"scroll","patternColor":{"default":{"color":"#e5e7ea"}},"overlayColor":{"default":{"color":"CT_CSS_SKIP_RULE"}},"backgroundColor":{"default":{"color":"var(--theme-palette-color-6)"}}},"pageTitlePadding":{"top":"50px","bottom":"50px","left":"auto","right":"auto","linked":true},"a8fa859ceafab67cbfce97e380ccc088":"","page_structure_type":"default","2c44625e200027fb7003d1deb510aed8":"","content_style_source":"inherit","content_style":"wide","vertical_spacing_source":"custom","content_area_spacing":"none","background":{"background_type":"color","background_pattern":"type-1","background_image":{"attachment_id":null,"x":0,"y":0},"gradient":"linear-gradient(135deg,rgba(6,147,227,1) 0%,rgb(155,81,224) 100%)","background_repeat":"repeat","background_size":"auto","background_attachment":"scroll","patternColor":{"default":{"color":"#e5e7ea"}},"overlayColor":{"default":{"color":"CT_CSS_SKIP_RULE"}},"backgroundColor":{"default":{"color":"CT_CSS_SKIP_RULE"}}},"content_background":{"background_type":"color","background_pattern":"type-1","background_image":{"attachment_id":null,"x":0,"y":0},"gradient":"linear-gradient(135deg,rgba(6,147,227,1) 0%,rgb(155,81,224) 100%)","background_repeat":"repeat","background_size":"auto","background_attachment":"scroll","patternColor":{"default":{"color":"#e5e7ea"}},"overlayColor":{"default":{"color":"CT_CSS_SKIP_RULE"}},"backgroundColor":{"default":{"color":"var(--theme-palette-color-8)"}}},"content_boxed_shadow":{"inherit":false,"blur":18,"spread":-6,"v_offset":12,"h_offset":0,"inset":false,"enable":true,"color":{"color":"rgba(34, 56, 101, 0.04)"}},"content_boxed_border":{"width":1,"style":"none","color":{"color":"rgba(44,62,80,0.2)"}},"content_boxed_radius":{"top":"3px","bottom":"3px","left":"3px","right":"3px","linked":true},"boxed_content_spacing":{"desktop":{"top":"40px","bottom":"40px","left":"40px","right":"40px","linked":true},"tablet":{"top":"35px","bottom":"35px","left":"35px","right":"35px","linked":true},"mobile":{"top":"20px","bottom":"20px","left":"20px","right":"20px","linked":true}},"b6a9da5a132a1b76f66ef374aa22372c":"","disable_featured_image":"no","disable_share_box":"no","disable_header":"no","disable_footer":"no"},"_links":{"self":[{"href":"https:\/\/www.mosquetas.com\/es\/wp-json\/wp\/v2\/pages\/3313","targetHints":{"allow":["GET"]}}],"collection":[{"href":"https:\/\/www.mosquetas.com\/es\/wp-json\/wp\/v2\/pages"}],"about":[{"href":"https:\/\/www.mosquetas.com\/es\/wp-json\/wp\/v2\/types\/page"}],"author":[{"embeddable":true,"href":"https:\/\/www.mosquetas.com\/es\/wp-json\/wp\/v2\/users\/1"}],"replies":[{"embeddable":true,"href":"https:\/\/www.mosquetas.com\/es\/wp-json\/wp\/v2\/comments?post=3313"}],"version-history":[{"count":0,"href":"https:\/\/www.mosquetas.com\/es\/wp-json\/wp\/v2\/pages\/3313\/revisions"}],"wp:attachment":[{"href":"https:\/\/www.mosquetas.com\/es\/wp-json\/wp\/v2\/media?parent=3313"}],"curies":[{"name":"wp","href":"https:\/\/api.w.org\/{rel}","templated":true}]}}