{"id":3901,"date":"2023-08-23T23:22:24","date_gmt":"2023-08-23T21:22:24","guid":{"rendered":"https:\/\/www.mosquetas.com\/?page_id=3901"},"modified":"2023-08-23T23:30:53","modified_gmt":"2023-08-23T21:30:53","slug":"general-condition","status":"publish","type":"page","link":"https:\/\/www.mosquetas.com\/en\/general-condition\/","title":{"rendered":"General conditions of Sale"},"content":{"rendered":"\t\t<div data-elementor-type=\"wp-page\" data-elementor-id=\"3901\" class=\"elementor elementor-3901 elementor-3899\">\n\t\t\t\t\t\t<section class=\"elementor-section elementor-top-section elementor-element elementor-element-2bcd220 elementor-section-boxed elementor-section-height-default elementor-section-height-default wpr-particle-no wpr-jarallax-no wpr-parallax-no wpr-sticky-section-no wpr-equal-height-no\" data-id=\"2bcd220\" data-element_type=\"section\" data-e-type=\"section\">\n\t\t\t\t\t\t<div class=\"elementor-container elementor-column-gap-default\">\n\t\t\t\t\t<div class=\"elementor-column elementor-col-100 elementor-top-column elementor-element elementor-element-4863c2b3\" data-id=\"4863c2b3\" data-element_type=\"column\" data-e-type=\"column\">\n\t\t\t<div class=\"elementor-widget-wrap elementor-element-populated\">\n\t\t\t\t\t\t<div class=\"elementor-element elementor-element-5732306b elementor-widget elementor-widget-text-editor\" data-id=\"5732306b\" data-element_type=\"widget\" data-e-type=\"widget\" data-widget_type=\"text-editor.default\">\n\t\t\t\t<div class=\"elementor-widget-container\">\n\t\t\t\t\t\t\t\t\t<p><strong>1 IDENTIFICAZIONE DEL FORNITORE<\/strong><\/p><p>I beni oggetto delle presenti condizioni generali sono posti in vendita dalla societ\u00e0 Italchile srl con sede in Varese (VA), via Giordani 43\/b \u2013 Sede Legale: Via Aurelio Saffi, 21, 20123 Milano (MI) \u2013 CF e P.IVA 09773290151 \u2013 Reg. Imp. Trib. Milano 09773290151 \u2013 Vol. 7503 fasc. 23 REA Milano 1315868<br \/><strong>Switzerland:<\/strong><br \/>SOGITAS SAGL \u2013 VIA BRESCE 16 A \u2013 6854 S.PIETRO DI STABIO<\/p><p><strong>2 ACCETTAZIONE DELLE CONDIZIONI GENERALI DI VENDITA<\/strong><\/p><p>Il contratto stipulato tra Italchile srl ed il cliente si ritiene concluso con l\u2019accettazione, anche solo parziale, dell\u2019ordine da parte di Italchile srl. Tale accettazione si ritiene tacita.<\/p><p>Effettuando un ordine nelle modalit\u00e0 previste, il cliente dichiara di aver preso visione di tutte le indicazioni a lui fornite durante la procedura di acquisto, e di accettare integralmente le condizioni generali e di pagamento di seguito trascritte.<\/p><p>Effettuando un ordine, il cliente dichiara di compiere l\u2019acquisto per fini estranei all\u2019attivit\u00e0 commerciale o professionale esercitata.<\/p><p>Il cliente dichiara inoltre di:<\/p><ul><li>Essere maggiorenne<\/li><li>Che i dati forniti per l\u2019esecuzione del contratto sono corretti e veritieri<\/li><\/ul><p><strong>3 MODALITA\u2019 DI ACQUISTO<\/strong><\/p><p>Il cliente pu\u00f2 acquistare solo i prodotti presenti nel catalogo elettronico al momento dell\u2019inoltro dell\u2019ordine e visionabili online all\u2019indirizzo\u00a0<u><a href=\"https:\/\/www.mosquetas.com\/negozio-online\/\">www.mosquetas.com\/negozio-online\/<\/a><\/u><\/p><p>La corretta ricezione dell\u2019ordine \u00e8 confermata mediante una risposta via e-mail, inviata all\u2019indirizzo di posta elettronica comunicato dal cliente.<\/p><p>Nel caso di mancata accettazione dell\u2019ordine, Italchile provveder\u00e0 ad effettuare comunicazione tempestiva al cliente tramite e-mail.<\/p><p><strong>4 PREZZI<\/strong><\/p><p>Tutti i prezzi indicati nel sito web sono da intendersi IVA inclusa. I prezzi dei prodotti possono variare senza preavviso. I costi di spedizione, se presenti, saranno indicati e calcolati nella procedura di acquisto prima dell\u2019inoltro dell\u2019ordine da parte dell\u2019acquirente e altres\u00ec contenuti nella pagina web di riepilogo dell\u2019ordine effettuato.<\/p><p><strong>5 MODALITA\u2019 DI PAGAMENTO<\/strong><\/p><p><strong>5.1 Bonifico Bancario<\/strong><\/p><p>Le spedizioni saranno effettuate a partire dal giorno di accredito dell\u2019importo sul conto corrente.<\/p><p><strong>5.2 Carta di credito<\/strong><\/p><p>In caso di pagamento con carta di credito, l\u2019addebito dell\u2019importo dell\u2019ordine avverr\u00e0 solo nel momento in cui l\u2019ordine sar\u00e0 completo e pronto per la spedizione.<\/p><p><strong>5.3 Paypal<\/strong><\/p><p>Nei casi di acquisto con pagamento tramite PayPal, l\u2019addebito effettivo dell\u2019importo dell\u2019ordine avverr\u00e0 alla conclusione\u00a0 della transazione online.<\/p><p><strong>6 MODALITA\u2019 E SPESE DI CONSEGNA<\/strong><\/p><p>Le spese di consegna ammontano a \u20ac 8,00, sono a carico del cliente e chiaramente esplicitate in sede di effettuazione dell\u2019ordine. Nulla \u00e8 dovuto in pi\u00f9 dal cliente rispetto all\u2019importo totale dell\u2019ordine indicato al termine della procedura di acquisto.<\/p><p>I tempi di consegna sono calcolati in 2-5 giorni lavorativi a partire dal ricevimento dell\u2019ordine.<\/p><p>Al momento della consegna della merce da parte del corriere, il cliente \u00e8 tenuto a controllare l\u2019effettiva integrit\u00e0 dell\u2019imballo ricevuto. Eventuali danni devono essere contestati immediatamente al corriere che effettua la consegna.<\/p><p>Eventuali problemi relativi alla completezza e corrispondenza dei prodotti ricevuti ed alla loro integrit\u00e0 fisica devono essere comunicati entro 7 giorni dall\u2019avvenuta consegna.<\/p><p>In caso di mancato ritiro entro 5 giorni lavorativi della merce in giacenza presso i magazzini del corriere a causa dell\u2019impossibilit\u00e0 di consegna al recapito indicato dal cliente all\u2019atto dell\u2019ordine, l\u2019ordine verr\u00e0 automaticamente annullato.<\/p><p><strong>7 DIRITTO DI RECESSO<\/strong><\/p><p>Il cliente ha diritto a recedere dal contratto di acquisto per qualsiasi motivo, senza fornire spiegazioni. Per esercitare il diritto di recesso, il cliente dovr\u00e0 inviare a Italchile una comunicazione entro 14 giorni lavorativi dalla data di ricevimento della merce. Tale comunicazione dovr\u00e0 essere inviata a mezzo lettera raccomandata al seguente indirizzo:<\/p><p>ITALCHILE SRL \u2013\u00a0Via Giordani 43\/b \u2013\u00a021100 Varese (VA)<br \/><strong><br \/>Switzerland:<\/strong><br \/>SOGITAS SAGL \u2013 VIA BRESCE 16 A \u2013 6854 S.PIETRO DI STABIO<\/p><p>Il diritto di recesso si applica al prodotto acquistato nella sua interezza, non \u00e8 possibile esercitare recesso solamente su parte del prodotto acquistato. Il bene acquistato dovr\u00e0 essere integro e restituito nella confezione originale, completa in tutte le sue parti.<\/p><p>Le spese di spedizione relative alla restituzione del bene sono a carico del cliente. La spedizione, fino al ricevimento nel nostro magazzino, \u00e8 sotto la completa responsabilit\u00e0 del cliente.<\/p><p>Italchile provveder\u00e0 a rimborsare al cliente l\u2019intero importo della merce gi\u00e0 pagato a mezzo bonifico bancario entro 14 giorni dal rientro della merce in magazzino. Il cliente dovr\u00e0 fornire le coordinate bancarie (nome e cognome dell\u2019intestatario del conto e codice IBAN) sulle quali ricevere il rimborso.<\/p><p><strong>8 PRODOTTI DANNEGGIATI<\/strong><\/p><p>Il cliente che dovesse ricevere merce danneggiata, deve comunicarlo entro 7 giorni lavorativi all\u2019indirizzo mail\u00a0<u><a href=\"mailto:info@italchile.it\">info@italchile.it<\/a><\/u>\u00a0, specificando nell\u2019oggetto \u201cprodotto danneggiato\u201d oppure contattare telefonicamente il Servizio Clienti al numero 0332\/223894.<\/p><p>9 RECLAMI<\/p><p>Ogni eventuale reclamo dovr\u00e0 essere rivolto in forma scritta, tramite raccomandata A\/R a Italchile Srl, Via Giordani 43\/b, 21100 Varese (VA)<br \/><strong>Switzerland:<\/strong><br \/>SOGITAS SAGL \u2013 VIA BRESCE 16 A \u2013 6854 S.PIETRO DI STABIO<\/p><p>Per qualsiasi problematica riscontrata, prima di intraprendere la strada del reclamo, si invita il cliente a contattare lo staff di Italchile in modo da poter risolvere eventuali problemi o anomalie direttamente e in poco tempo.<\/p><p><strong>10 LEGGE APPLICABILE<\/strong><\/p><p>Il presente contratto \u00e8 regolato dalla legge italiana.<\/p><p>Piattaforma ODR:\u00a0https:\/\/ec.europa.eu\/consumers\/odr\/<\/p>\t\t\t\t\t\t\t\t<\/div>\n\t\t\t\t<\/div>\n\t\t\t\t\t<\/div>\n\t\t<\/div>\n\t\t\t\t\t<\/div>\n\t\t<\/section>\n\t\t\t\t<\/div>\n\t\t","protected":false},"excerpt":{"rendered":"<p>1 IDENTIFICAZIONE DEL FORNITORE I beni oggetto delle presenti condizioni generali sono posti in vendita dalla societ\u00e0 Italchile srl con sede in Varese (VA), via Giordani 43\/b \u2013 Sede Legale: Via Aurelio Saffi, 21, 20123 Milano (MI) \u2013 CF e P.IVA 09773290151 \u2013 Reg. Imp. Trib. Milano 09773290151 \u2013 Vol. 7503 fasc. 23 REA Milano 1315868Switzerland:SOGITAS SAGL \u2013 VIA BRESCE 16 A \u2013 6854 S.PIETRO DI STABIO 2 ACCETTAZIONE DELLE CONDIZIONI GENERALI DI VENDITA Il contratto stipulato tra Italchile srl ed il cliente si ritiene concluso con l\u2019accettazione, anche solo parziale, dell\u2019ordine da parte di Italchile srl. Tale accettazione si ritiene tacita. Effettuando un ordine nelle modalit\u00e0 previste, il cliente dichiara di aver preso visione di tutte le indicazioni a lui fornite durante la procedura di acquisto, e di accettare integralmente le condizioni generali e di pagamento di seguito trascritte. Effettuando un ordine, il cliente dichiara di compiere l\u2019acquisto per fini estranei all\u2019attivit\u00e0 commerciale o professionale esercitata. Il cliente dichiara inoltre di: Essere maggiorenne Che i dati forniti per l\u2019esecuzione del contratto sono corretti e veritieri 3 MODALITA\u2019 DI ACQUISTO Il cliente pu\u00f2 acquistare solo i prodotti presenti nel catalogo elettronico al momento dell\u2019inoltro dell\u2019ordine e visionabili online all\u2019indirizzo\u00a0www.mosquetas.com\/negozio-online\/ La corretta ricezione dell\u2019ordine \u00e8 confermata mediante una risposta via e-mail, inviata all\u2019indirizzo di posta elettronica comunicato dal cliente. Nel caso di mancata accettazione dell\u2019ordine, Italchile provveder\u00e0 ad effettuare comunicazione tempestiva al cliente tramite e-mail. 4 PREZZI Tutti i prezzi indicati nel sito web sono da intendersi IVA inclusa. I prezzi dei prodotti possono variare senza preavviso. I costi di spedizione, se presenti, saranno indicati e calcolati nella procedura di acquisto prima dell\u2019inoltro dell\u2019ordine da parte dell\u2019acquirente e altres\u00ec contenuti nella pagina web di riepilogo dell\u2019ordine effettuato. 5 MODALITA\u2019 DI PAGAMENTO 5.1 Bonifico Bancario Le spedizioni saranno effettuate a partire dal giorno di accredito dell\u2019importo sul conto corrente. 5.2 Carta di credito In caso di pagamento con carta di credito, l\u2019addebito dell\u2019importo dell\u2019ordine avverr\u00e0 solo nel momento in cui l\u2019ordine sar\u00e0 completo e pronto per la spedizione. 5.3 Paypal Nei casi di acquisto con pagamento tramite PayPal, l\u2019addebito effettivo dell\u2019importo dell\u2019ordine avverr\u00e0 alla conclusione\u00a0 della transazione online. 6 MODALITA\u2019 E SPESE DI CONSEGNA Le spese di consegna ammontano a \u20ac 8,00, sono a carico del cliente e chiaramente esplicitate in sede di effettuazione dell\u2019ordine. Nulla \u00e8 dovuto in pi\u00f9 dal cliente rispetto all\u2019importo totale dell\u2019ordine indicato al termine della procedura di acquisto. I tempi di consegna sono calcolati in 2-5 giorni lavorativi a partire dal ricevimento dell\u2019ordine. Al momento della consegna della merce da parte del corriere, il cliente \u00e8 tenuto a controllare l\u2019effettiva integrit\u00e0 dell\u2019imballo ricevuto. Eventuali danni devono essere contestati immediatamente al corriere che effettua la consegna. Eventuali problemi relativi alla completezza e corrispondenza dei prodotti ricevuti ed alla loro integrit\u00e0 fisica devono essere comunicati entro 7 giorni dall\u2019avvenuta consegna. In caso di mancato ritiro entro 5 giorni lavorativi della merce in giacenza presso i magazzini del corriere a causa dell\u2019impossibilit\u00e0 di consegna al recapito indicato dal cliente all\u2019atto dell\u2019ordine, l\u2019ordine verr\u00e0 automaticamente annullato. 7 DIRITTO DI RECESSO Il cliente ha diritto a recedere dal contratto di acquisto per qualsiasi motivo, senza fornire spiegazioni. Per esercitare il diritto di recesso, il cliente dovr\u00e0 inviare a Italchile una comunicazione entro 14 giorni lavorativi dalla data di ricevimento della merce. Tale comunicazione dovr\u00e0 essere inviata a mezzo lettera raccomandata al seguente indirizzo: ITALCHILE SRL \u2013\u00a0Via Giordani 43\/b \u2013\u00a021100 Varese (VA)Switzerland:SOGITAS SAGL \u2013 VIA BRESCE 16 A \u2013 6854 S.PIETRO DI STABIO Il diritto di recesso si applica al prodotto acquistato nella sua interezza, non \u00e8 possibile esercitare recesso solamente su parte del prodotto acquistato. Il bene acquistato dovr\u00e0 essere integro e restituito nella confezione originale, completa in tutte le sue parti. Le spese di spedizione relative alla restituzione del bene sono a carico del cliente. La spedizione, fino al ricevimento nel nostro magazzino, \u00e8 sotto la completa responsabilit\u00e0 del cliente. Italchile provveder\u00e0 a rimborsare al cliente l\u2019intero importo della merce gi\u00e0 pagato a mezzo bonifico bancario entro 14 giorni dal rientro della merce in magazzino. Il cliente dovr\u00e0 fornire le coordinate bancarie (nome e cognome dell\u2019intestatario del conto e codice IBAN) sulle quali ricevere il rimborso. 8 PRODOTTI DANNEGGIATI Il cliente che dovesse ricevere merce danneggiata, deve comunicarlo entro 7 giorni lavorativi all\u2019indirizzo mail\u00a0info@italchile.it\u00a0, specificando nell\u2019oggetto \u201cprodotto danneggiato\u201d oppure contattare telefonicamente il Servizio Clienti al numero 0332\/223894. 9 RECLAMI Ogni eventuale reclamo dovr\u00e0 essere rivolto in forma scritta, tramite raccomandata A\/R a Italchile Srl, Via Giordani 43\/b, 21100 Varese (VA)Switzerland:SOGITAS SAGL \u2013 VIA BRESCE 16 A \u2013 6854 S.PIETRO DI STABIO Per qualsiasi problematica riscontrata, prima di intraprendere la strada del reclamo, si invita il cliente a contattare lo staff di Italchile in modo da poter risolvere eventuali problemi o anomalie direttamente e in poco tempo. 10 LEGGE APPLICABILE Il presente contratto \u00e8 regolato dalla legge italiana. Piattaforma ODR:\u00a0https:\/\/ec.europa.eu\/consumers\/odr\/<\/p>\n","protected":false},"author":1,"featured_media":0,"parent":0,"menu_order":0,"comment_status":"closed","ping_status":"closed","template":"","meta":{"footnotes":""},"class_list":["post-3901","page","type-page","status-publish","hentry"],"blocksy_meta":[],"_links":{"self":[{"href":"https:\/\/www.mosquetas.com\/en\/wp-json\/wp\/v2\/pages\/3901","targetHints":{"allow":["GET"]}}],"collection":[{"href":"https:\/\/www.mosquetas.com\/en\/wp-json\/wp\/v2\/pages"}],"about":[{"href":"https:\/\/www.mosquetas.com\/en\/wp-json\/wp\/v2\/types\/page"}],"author":[{"embeddable":true,"href":"https:\/\/www.mosquetas.com\/en\/wp-json\/wp\/v2\/users\/1"}],"replies":[{"embeddable":true,"href":"https:\/\/www.mosquetas.com\/en\/wp-json\/wp\/v2\/comments?post=3901"}],"version-history":[{"count":0,"href":"https:\/\/www.mosquetas.com\/en\/wp-json\/wp\/v2\/pages\/3901\/revisions"}],"wp:attachment":[{"href":"https:\/\/www.mosquetas.com\/en\/wp-json\/wp\/v2\/media?parent=3901"}],"curies":[{"name":"wp","href":"https:\/\/api.w.org\/{rel}","templated":true}]}}