{"id":5634,"date":"2023-08-29T15:56:09","date_gmt":"2023-08-29T13:56:09","guid":{"rendered":"https:\/\/www.mosquetas.com\/?post_type=product&#038;p=5634"},"modified":"2023-09-14T10:27:59","modified_gmt":"2023-09-14T08:27:59","slug":"elicrisia-eclat-tonikum-bio-copia","status":"publish","type":"product","link":"https:\/\/www.mosquetas.com\/de\/pr\/elicrisia-eclat-tonikum-bio-copia\/","title":{"rendered":"ELICRISIA\u00ae ECLAT TONIKUM + ELICRISIA\u00ae PURITY \u2013 BIO"},"content":{"rendered":"<p>Tonikum, g\u00e4nzlich ohne Alkohol, f\u00fcr normale Haut oder Mischhaut, belebt und l\u00e4sst die Haut strahlen, dank der Verbindung der Hydrolate der Italienischen Strohblume*, der Hamamelis* und des Salbei*. Die Extrakte von gr\u00fcnem Kaffee*, der Samen der Wildrose* und der Aloe Vera* sichern Schutz und Hydrierung. Die Haut wird frischer und strahlender. Der besondere Duft (von der Strohblume dominiert) regt den Geist an und verleiht ein sofortiges Gef\u00fchl von Wohlbehagen und Vitalit\u00e4t.<\/p>\n<p>200 ml<\/p>\n<p>+<\/p>\n<p>Gesichtscreme f\u00fcr Mischhaut. Reich an Bio-Wirkstoffen: Hydrolate von Hamamelis* und Italienischer Strohblume* (belebend und adstringierend), Salbei* (reinigend) und wertvolle \u00d6le (Wildrose*, Jojoba*, Calophyllum*, Sesam*) schenken Reinheit, Strahlen und Wohlbehagen. Der Saft der Aloe Vera* und das Extrakt von gr\u00fcnem Kaffee* verst\u00e4rken die sch\u00fctzende und n\u00e4hrende Wirkung. Die Haut wird gleichm\u00e4\u00dfiger.<\/p>\n<p>50 ml<\/p>\n<p>*aus biologischem Anbau<\/p>\n","protected":false},"excerpt":{"rendered":"<p>Tonikum, g\u00e4nzlich ohne Alkohol, f\u00fcr normale Haut oder Mischhaut<\/p>\n<p>Gesichtscreme f\u00fcr Mischhaut<\/p>\n","protected":false},"featured_media":5641,"template":"","meta":[],"product_brand":[],"product_cat":[415,246,384,392],"product_tag":[],"class_list":{"0":"post-5634","1":"product","2":"type-product","3":"status-publish","4":"has-post-thumbnail","6":"product_cat-werbeaktionen","7":"product_cat-elicrisia-linie","8":"product_cat-cremes-gesight-2","9":"product_cat-behandlung","11":"first","12":"instock","13":"sale","14":"taxable","15":"shipping-taxable","16":"purchasable","17":"product-type-simple"},"_links":{"self":[{"href":"https:\/\/www.mosquetas.com\/de\/wp-json\/wp\/v2\/product\/5634","targetHints":{"allow":["GET"]}}],"collection":[{"href":"https:\/\/www.mosquetas.com\/de\/wp-json\/wp\/v2\/product"}],"about":[{"href":"https:\/\/www.mosquetas.com\/de\/wp-json\/wp\/v2\/types\/product"}],"wp:featuredmedia":[{"embeddable":true,"href":"https:\/\/www.mosquetas.com\/de\/wp-json\/wp\/v2\/media\/5641"}],"wp:attachment":[{"href":"https:\/\/www.mosquetas.com\/de\/wp-json\/wp\/v2\/media?parent=5634"}],"wp:term":[{"taxonomy":"product_brand","embeddable":true,"href":"https:\/\/www.mosquetas.com\/de\/wp-json\/wp\/v2\/product_brand?post=5634"},{"taxonomy":"product_cat","embeddable":true,"href":"https:\/\/www.mosquetas.com\/de\/wp-json\/wp\/v2\/product_cat?post=5634"},{"taxonomy":"product_tag","embeddable":true,"href":"https:\/\/www.mosquetas.com\/de\/wp-json\/wp\/v2\/product_tag?post=5634"}],"curies":[{"name":"wp","href":"https:\/\/api.w.org\/{rel}","templated":true}]}}