{"id":2551,"date":"2022-03-22T08:29:29","date_gmt":"2022-03-22T07:29:29","guid":{"rendered":"https:\/\/www.mosquetas.com\/prodotto\/omegarosa-plus-copia-2\/"},"modified":"2023-09-14T10:27:34","modified_gmt":"2023-09-14T08:27:34","slug":"omegarosa-plus-copia-2","status":"publish","type":"product","link":"https:\/\/www.mosquetas.com\/de\/pr\/omegarosa-plus-copia-2\/","title":{"rendered":"OMEGAROSA\u00ae PLUS X2 + KOSTENLOSES Buch"},"content":{"rendered":"<p><strong>Kapseln mit kaltgepresstem, biologischem Wildrosen\u00f6l und Gurkenkrautsamen\u00f6l.<\/strong><br \/>\nSehr reich an <strong>Omega 3<\/strong>&#8211; (alpha-Linolens\u00e4ure) und <strong>Omega 6<\/strong>-Fetts\u00e4ureketten (Gamma-Linolens\u00e4ure, eine Fetts\u00e4ure, die in einer kleinen Anzahl von Samen vorhanden ist).<\/p>\n<p>90 Kapseln X2 + KOSTENLOSES Buch (italienische Ausgabe)<\/p>\n","protected":false},"excerpt":{"rendered":"<p>Kapseln mit kaltgepresstem, biologischem Wildrosen\u00f6l und Gurkenkrautsamen\u00f6l<\/p>\n","protected":false},"featured_media":2600,"template":"","meta":[],"product_brand":[],"product_cat":[245,239,415],"product_tag":[],"class_list":{"0":"post-2551","1":"product","2":"type-product","3":"status-publish","4":"has-post-thumbnail","6":"product_cat-bucher","7":"product_cat-nahrungserganzungsmittel","8":"product_cat-werbeaktionen","10":"first","11":"instock","12":"taxable","13":"shipping-taxable","14":"purchasable","15":"product-type-simple"},"_links":{"self":[{"href":"https:\/\/www.mosquetas.com\/de\/wp-json\/wp\/v2\/product\/2551","targetHints":{"allow":["GET"]}}],"collection":[{"href":"https:\/\/www.mosquetas.com\/de\/wp-json\/wp\/v2\/product"}],"about":[{"href":"https:\/\/www.mosquetas.com\/de\/wp-json\/wp\/v2\/types\/product"}],"wp:featuredmedia":[{"embeddable":true,"href":"https:\/\/www.mosquetas.com\/de\/wp-json\/wp\/v2\/media\/2600"}],"wp:attachment":[{"href":"https:\/\/www.mosquetas.com\/de\/wp-json\/wp\/v2\/media?parent=2551"}],"wp:term":[{"taxonomy":"product_brand","embeddable":true,"href":"https:\/\/www.mosquetas.com\/de\/wp-json\/wp\/v2\/product_brand?post=2551"},{"taxonomy":"product_cat","embeddable":true,"href":"https:\/\/www.mosquetas.com\/de\/wp-json\/wp\/v2\/product_cat?post=2551"},{"taxonomy":"product_tag","embeddable":true,"href":"https:\/\/www.mosquetas.com\/de\/wp-json\/wp\/v2\/product_tag?post=2551"}],"curies":[{"name":"wp","href":"https:\/\/api.w.org\/{rel}","templated":true}]}}