{"id":2540,"date":"2015-06-04T09:12:59","date_gmt":"2015-06-04T07:12:59","guid":{"rendered":"https:\/\/www.mosquetas.com\/prodotto\/reines-aetherisches-strohblumenoel-helichrysum-italicum-aus-wildsammlung\/"},"modified":"2023-12-05T15:48:11","modified_gmt":"2023-12-05T14:48:11","slug":"reines-aetherisches-strohblumenoel-helichrysum-italicum-aus-wildsammlung","status":"publish","type":"product","link":"https:\/\/www.mosquetas.com\/de\/pr\/reines-aetherisches-strohblumenoel-helichrysum-italicum-aus-wildsammlung\/","title":{"rendered":"REINES \u00c4THERISCHES STROHBLUMEN\u00d6L"},"content":{"rendered":"<p>\u00c4therisches Strohblumen\u00f6l\u00a0 (Helichrysum Italicum), aufgrund seiner zahlreichen Eigenschaften als besonders wertvoll angesehen. Aufgrund seiner n\u00fctzlichen Eigenschaften sollte es stets zu Hand sein, sei es zu Hause, als auch auf Reisen.<\/p>\n<p><strong>5 ml<\/strong><\/p>\n","protected":false},"excerpt":{"rendered":"<p>\u00c4therisches Strohblumen\u00f6l\u00a0 (Helichrysum Italicum) aus Wildsammlung. 5 ml<\/p>\n","protected":false},"featured_media":2877,"template":"","meta":[],"product_brand":[],"product_cat":[246,388],"product_tag":[],"class_list":{"0":"post-2540","1":"product","2":"type-product","3":"status-publish","4":"has-post-thumbnail","6":"product_cat-elicrisia-linie","7":"product_cat-ole-2","9":"first","10":"instock","11":"taxable","12":"shipping-taxable","13":"purchasable","14":"product-type-simple"},"_links":{"self":[{"href":"https:\/\/www.mosquetas.com\/de\/wp-json\/wp\/v2\/product\/2540","targetHints":{"allow":["GET"]}}],"collection":[{"href":"https:\/\/www.mosquetas.com\/de\/wp-json\/wp\/v2\/product"}],"about":[{"href":"https:\/\/www.mosquetas.com\/de\/wp-json\/wp\/v2\/types\/product"}],"wp:featuredmedia":[{"embeddable":true,"href":"https:\/\/www.mosquetas.com\/de\/wp-json\/wp\/v2\/media\/2877"}],"wp:attachment":[{"href":"https:\/\/www.mosquetas.com\/de\/wp-json\/wp\/v2\/media?parent=2540"}],"wp:term":[{"taxonomy":"product_brand","embeddable":true,"href":"https:\/\/www.mosquetas.com\/de\/wp-json\/wp\/v2\/product_brand?post=2540"},{"taxonomy":"product_cat","embeddable":true,"href":"https:\/\/www.mosquetas.com\/de\/wp-json\/wp\/v2\/product_cat?post=2540"},{"taxonomy":"product_tag","embeddable":true,"href":"https:\/\/www.mosquetas.com\/de\/wp-json\/wp\/v2\/product_tag?post=2540"}],"curies":[{"name":"wp","href":"https:\/\/api.w.org\/{rel}","templated":true}]}}