{"id":2536,"date":"2015-06-04T09:25:22","date_gmt":"2015-06-04T07:25:22","guid":{"rendered":"https:\/\/www.mosquetas.com\/prodotto\/mildes-abschmink-gel-bio\/"},"modified":"2023-09-14T10:27:28","modified_gmt":"2023-09-14T08:27:28","slug":"mildes-abschmink-gel-bio","status":"publish","type":"product","link":"https:\/\/www.mosquetas.com\/de\/pr\/mildes-abschmink-gel-bio\/","title":{"rendered":"MILDES ABSCHMINK-GEL \u2013 BIO"},"content":{"rendered":"<p>Abschmink-Gel, reinigend und zum sanften Abschminken von Gesicht und Augen. Verleiht ein sofortiges Gef\u00fchl der Frische. Macht die Haut samtig und strahlend, dank der Kornblumen-Extrakte* und dem Rosen-Hydrolat* (reinigend und beruhigend), dem Wildrosen\u00f6l* (regenerierend) und der Aloe Vera* (belebend). Das Kamillen\u00f6l sorgt zus\u00e4tzlich f\u00fcr eine abschwellende Wirkung. Parf\u00fcmfrei, ideal f\u00fcr empfindliche Augen.<\/p>\n<p>150 ml<\/p>\n<p>*aus biologischem Anbau<\/p>\n","protected":false},"excerpt":{"rendered":"<p>Abschmink-Gel, reinigend und zum sanften Abschminken von Gesicht und Augen<\/p>\n","protected":false},"featured_media":2872,"template":"","meta":[],"product_brand":[],"product_cat":[408,251],"product_tag":[],"class_list":{"0":"post-2536","1":"product","2":"type-product","3":"status-publish","4":"has-post-thumbnail","6":"product_cat-reinigung-und-behandlung","7":"product_cat-rosen-linie","9":"first","10":"instock","11":"taxable","12":"shipping-taxable","13":"purchasable","14":"product-type-simple"},"_links":{"self":[{"href":"https:\/\/www.mosquetas.com\/de\/wp-json\/wp\/v2\/product\/2536","targetHints":{"allow":["GET"]}}],"collection":[{"href":"https:\/\/www.mosquetas.com\/de\/wp-json\/wp\/v2\/product"}],"about":[{"href":"https:\/\/www.mosquetas.com\/de\/wp-json\/wp\/v2\/types\/product"}],"wp:featuredmedia":[{"embeddable":true,"href":"https:\/\/www.mosquetas.com\/de\/wp-json\/wp\/v2\/media\/2872"}],"wp:attachment":[{"href":"https:\/\/www.mosquetas.com\/de\/wp-json\/wp\/v2\/media?parent=2536"}],"wp:term":[{"taxonomy":"product_brand","embeddable":true,"href":"https:\/\/www.mosquetas.com\/de\/wp-json\/wp\/v2\/product_brand?post=2536"},{"taxonomy":"product_cat","embeddable":true,"href":"https:\/\/www.mosquetas.com\/de\/wp-json\/wp\/v2\/product_cat?post=2536"},{"taxonomy":"product_tag","embeddable":true,"href":"https:\/\/www.mosquetas.com\/de\/wp-json\/wp\/v2\/product_tag?post=2536"}],"curies":[{"name":"wp","href":"https:\/\/api.w.org\/{rel}","templated":true}]}}