{"id":2524,"date":"2015-07-29T08:54:00","date_gmt":"2015-07-29T06:54:00","guid":{"rendered":"https:\/\/www.mosquetas.com\/prodotto\/masque-fraicheur-bio\/"},"modified":"2026-01-18T13:58:02","modified_gmt":"2026-01-18T12:58:02","slug":"masque-fraicheur-bio","status":"publish","type":"product","link":"https:\/\/www.mosquetas.com\/de\/pr\/masque-fraicheur-bio\/","title":{"rendered":"MASQUE FRAICHEUR \u2013 BIO"},"content":{"rendered":"<p>Um der Haut sofortige Sch\u00f6nheit zu verleihen: intensiv revitalisierende und hydrierende Maske f\u00fcr jeden Hauttyp, dank des Wildrosen\u00f6ls* (regenerierend) und des Sesam\u00f6ls (geschmeidig machend), in Verbindung mit dem Hamamelis-Hydrolat* (belebend und lindern), dem Johanniskraut* (stark Feuchtigkeit spendend) und dem Hafer-Extrakt* (gl\u00e4ttend). Die Maske hinterl\u00e4sst ein Gef\u00fchl tiefgehender Frische und Wohlbefinden.<\/p>\n<p>75 ml<\/p>\n<p>*aus biologischem Anbau<\/p>\n","protected":false},"excerpt":{"rendered":"<p>Um der Haut sofortige Sch\u00f6nheit zu verleihen: intensiv revitalisierende und hydrierende Maske f\u00fcr jeden Hauttyp<\/p>\n","protected":false},"featured_media":2857,"template":"","meta":[],"product_brand":[],"product_cat":[408,251],"product_tag":[],"class_list":{"0":"post-2524","1":"product","2":"type-product","3":"status-publish","4":"has-post-thumbnail","6":"product_cat-reinigung-und-behandlung","7":"product_cat-rosen-linie","9":"first","10":"outofstock","11":"taxable","12":"shipping-taxable","13":"purchasable","14":"product-type-simple"},"_links":{"self":[{"href":"https:\/\/www.mosquetas.com\/de\/wp-json\/wp\/v2\/product\/2524","targetHints":{"allow":["GET"]}}],"collection":[{"href":"https:\/\/www.mosquetas.com\/de\/wp-json\/wp\/v2\/product"}],"about":[{"href":"https:\/\/www.mosquetas.com\/de\/wp-json\/wp\/v2\/types\/product"}],"wp:featuredmedia":[{"embeddable":true,"href":"https:\/\/www.mosquetas.com\/de\/wp-json\/wp\/v2\/media\/2857"}],"wp:attachment":[{"href":"https:\/\/www.mosquetas.com\/de\/wp-json\/wp\/v2\/media?parent=2524"}],"wp:term":[{"taxonomy":"product_brand","embeddable":true,"href":"https:\/\/www.mosquetas.com\/de\/wp-json\/wp\/v2\/product_brand?post=2524"},{"taxonomy":"product_cat","embeddable":true,"href":"https:\/\/www.mosquetas.com\/de\/wp-json\/wp\/v2\/product_cat?post=2524"},{"taxonomy":"product_tag","embeddable":true,"href":"https:\/\/www.mosquetas.com\/de\/wp-json\/wp\/v2\/product_tag?post=2524"}],"curies":[{"name":"wp","href":"https:\/\/api.w.org\/{rel}","templated":true}]}}