{"id":2520,"date":"2015-07-29T09:01:30","date_gmt":"2015-07-29T07:01:30","guid":{"rendered":"https:\/\/www.mosquetas.com\/prodotto\/creme-velours-feuchtigkeitspflege-bio\/"},"modified":"2023-09-14T10:27:23","modified_gmt":"2023-09-14T08:27:23","slug":"creme-velours-feuchtigkeitspflege-bio","status":"publish","type":"product","link":"https:\/\/www.mosquetas.com\/de\/pr\/creme-velours-feuchtigkeitspflege-bio\/","title":{"rendered":"CREME VELOURS FEUCHTIGKEITSPFLEGE \u2013 BIO"},"content":{"rendered":"<p>Gesichtscreme mit einer sehr hohen Konzentration an n\u00e4hrenden Wirkstoffen (20 % hochwertige \u00d6le: Wildrose*, Jojoba*, Avocado* Karit\u00e9*, Sesam*), nicht fettend, zur Sicherung des optimalen Feuchtigkeitsgehalts. Der Reichtum ihrer Wirkstoffe (Extrakte von Malve*, Wei\u00dfer Lilie*, Olive*, Damaszener-Rose*, Aloe Vera*) sorgt f\u00fcr Wohlbefinden und sch\u00fctzt die Haut den ganzen Tag. Die Hyalurons\u00e4ure verst\u00e4rkt die hydrierende Wirkung.<\/p>\n<p>50 ml<\/p>\n<p>*aus biologischem Anbau<\/p>\n","protected":false},"excerpt":{"rendered":"<p>Gesichtscreme mit einer sehr hohen Konzentration an n\u00e4hrenden Wirkstoffen, nicht fettend, zur Sicherung des optimalen Feuchtigkeitsgehalts<\/p>\n","protected":false},"featured_media":2852,"template":"","meta":[],"product_brand":[],"product_cat":[404,251],"product_tag":[],"class_list":{"0":"post-2520","1":"product","2":"type-product","3":"status-publish","4":"has-post-thumbnail","6":"product_cat-cremes-gesight","7":"product_cat-rosen-linie","9":"first","10":"instock","11":"taxable","12":"shipping-taxable","13":"purchasable","14":"product-type-simple"},"_links":{"self":[{"href":"https:\/\/www.mosquetas.com\/de\/wp-json\/wp\/v2\/product\/2520","targetHints":{"allow":["GET"]}}],"collection":[{"href":"https:\/\/www.mosquetas.com\/de\/wp-json\/wp\/v2\/product"}],"about":[{"href":"https:\/\/www.mosquetas.com\/de\/wp-json\/wp\/v2\/types\/product"}],"wp:featuredmedia":[{"embeddable":true,"href":"https:\/\/www.mosquetas.com\/de\/wp-json\/wp\/v2\/media\/2852"}],"wp:attachment":[{"href":"https:\/\/www.mosquetas.com\/de\/wp-json\/wp\/v2\/media?parent=2520"}],"wp:term":[{"taxonomy":"product_brand","embeddable":true,"href":"https:\/\/www.mosquetas.com\/de\/wp-json\/wp\/v2\/product_brand?post=2520"},{"taxonomy":"product_cat","embeddable":true,"href":"https:\/\/www.mosquetas.com\/de\/wp-json\/wp\/v2\/product_cat?post=2520"},{"taxonomy":"product_tag","embeddable":true,"href":"https:\/\/www.mosquetas.com\/de\/wp-json\/wp\/v2\/product_tag?post=2520"}],"curies":[{"name":"wp","href":"https:\/\/api.w.org\/{rel}","templated":true}]}}