{"id":2516,"date":"2015-07-29T09:04:18","date_gmt":"2015-07-29T07:04:18","guid":{"rendered":"https:\/\/www.mosquetas.com\/prodotto\/creme-energie-anti-age-bio\/"},"modified":"2026-01-18T13:58:03","modified_gmt":"2026-01-18T12:58:03","slug":"creme-energie-anti-age-bio","status":"publish","type":"product","link":"https:\/\/www.mosquetas.com\/de\/pr\/creme-energie-anti-age-bio\/","title":{"rendered":"CREME \u00c9NERGIE ANTI-AGE \u2013 BIO"},"content":{"rendered":"<p>Anti-Aging-Gesichtspflege, reich an wertvollen Wirkstoffen: Wildrosen\u00f6l* (regenerierend) in Verbindung mit Jojoba\u00f6l* und Sesam\u00f6l* (geschmeidig machend, Feuchtigkeit spendend), Tepezcohuite und Ginseng* (stimulierend), Hyalurons\u00e4ure (verst\u00e4rkt die hydrierende Wirkung) verleihen der erm\u00fcdeten Haut Strahlen, Elastizit\u00e4t und Spannkraft. Die Haut wird glatt und f\u00fchlt sich angenehm seidig an.<\/p>\n<p>50 ml<\/p>\n<p>*aus biologischem Anbau<\/p>\n<p>&nbsp;<\/p>\n","protected":false},"excerpt":{"rendered":"<p>Anti-Aging-Gesichtspflege, reich an wertvollen Wirkstoffen<\/p>\n","protected":false},"featured_media":2847,"template":"","meta":[],"product_brand":[],"product_cat":[404,251],"product_tag":[],"class_list":{"0":"post-2516","1":"product","2":"type-product","3":"status-publish","4":"has-post-thumbnail","6":"product_cat-cremes-gesight","7":"product_cat-rosen-linie","9":"first","10":"instock","11":"taxable","12":"shipping-taxable","13":"purchasable","14":"product-type-simple"},"_links":{"self":[{"href":"https:\/\/www.mosquetas.com\/de\/wp-json\/wp\/v2\/product\/2516","targetHints":{"allow":["GET"]}}],"collection":[{"href":"https:\/\/www.mosquetas.com\/de\/wp-json\/wp\/v2\/product"}],"about":[{"href":"https:\/\/www.mosquetas.com\/de\/wp-json\/wp\/v2\/types\/product"}],"wp:featuredmedia":[{"embeddable":true,"href":"https:\/\/www.mosquetas.com\/de\/wp-json\/wp\/v2\/media\/2847"}],"wp:attachment":[{"href":"https:\/\/www.mosquetas.com\/de\/wp-json\/wp\/v2\/media?parent=2516"}],"wp:term":[{"taxonomy":"product_brand","embeddable":true,"href":"https:\/\/www.mosquetas.com\/de\/wp-json\/wp\/v2\/product_brand?post=2516"},{"taxonomy":"product_cat","embeddable":true,"href":"https:\/\/www.mosquetas.com\/de\/wp-json\/wp\/v2\/product_cat?post=2516"},{"taxonomy":"product_tag","embeddable":true,"href":"https:\/\/www.mosquetas.com\/de\/wp-json\/wp\/v2\/product_tag?post=2516"}],"curies":[{"name":"wp","href":"https:\/\/api.w.org\/{rel}","templated":true}]}}