{"id":2512,"date":"2015-07-29T09:08:30","date_gmt":"2015-07-29T07:08:30","guid":{"rendered":"https:\/\/www.mosquetas.com\/prodotto\/creme-super-eclat-bio\/"},"modified":"2024-02-28T17:24:45","modified_gmt":"2024-02-28T16:24:45","slug":"creme-super-eclat-bio","status":"publish","type":"product","link":"https:\/\/www.mosquetas.com\/de\/pr\/creme-super-eclat-bio\/","title":{"rendered":"CREME SUPER ECLAT \u2013 BIO"},"content":{"rendered":"<p>Eine spezielle Creme f\u00fcr m\u00fcde Haut, sofortige Entspannung und Lifting-Effekt. Lang anhaltende gl\u00e4ttende, belebende Anti-Aging-Wirkung, dank der Wirkung des Hamameliswasser*, des Wildrosen\u00f6ls* und des Hafer-Extrakts*.\u00a0 Die Haut erscheint gleich j\u00fcnger und strahlender.<\/p>\n<p>50 ml<\/p>\n<p>*aus biologischem Anbau<\/p>\n","protected":false},"excerpt":{"rendered":"<p>Eine spezielle Creme f\u00fcr m\u00fcde Haut, sofortige Entspannung und Lifting-Effekt<\/p>\n","protected":false},"featured_media":2842,"template":"","meta":[],"product_brand":[],"product_cat":[404,251],"product_tag":[],"class_list":{"0":"post-2512","1":"product","2":"type-product","3":"status-publish","4":"has-post-thumbnail","6":"product_cat-cremes-gesight","7":"product_cat-rosen-linie","9":"first","10":"instock","11":"taxable","12":"shipping-taxable","13":"purchasable","14":"product-type-simple"},"_links":{"self":[{"href":"https:\/\/www.mosquetas.com\/de\/wp-json\/wp\/v2\/product\/2512","targetHints":{"allow":["GET"]}}],"collection":[{"href":"https:\/\/www.mosquetas.com\/de\/wp-json\/wp\/v2\/product"}],"about":[{"href":"https:\/\/www.mosquetas.com\/de\/wp-json\/wp\/v2\/types\/product"}],"wp:featuredmedia":[{"embeddable":true,"href":"https:\/\/www.mosquetas.com\/de\/wp-json\/wp\/v2\/media\/2842"}],"wp:attachment":[{"href":"https:\/\/www.mosquetas.com\/de\/wp-json\/wp\/v2\/media?parent=2512"}],"wp:term":[{"taxonomy":"product_brand","embeddable":true,"href":"https:\/\/www.mosquetas.com\/de\/wp-json\/wp\/v2\/product_brand?post=2512"},{"taxonomy":"product_cat","embeddable":true,"href":"https:\/\/www.mosquetas.com\/de\/wp-json\/wp\/v2\/product_cat?post=2512"},{"taxonomy":"product_tag","embeddable":true,"href":"https:\/\/www.mosquetas.com\/de\/wp-json\/wp\/v2\/product_tag?post=2512"}],"curies":[{"name":"wp","href":"https:\/\/api.w.org\/{rel}","templated":true}]}}