{"id":2508,"date":"2015-07-29T09:11:37","date_gmt":"2015-07-29T07:11:37","guid":{"rendered":"https:\/\/www.mosquetas.com\/prodotto\/augen-und-lippencreme-bio\/"},"modified":"2024-02-28T17:24:44","modified_gmt":"2024-02-28T16:24:44","slug":"augen-und-lippencreme-bio","status":"publish","type":"product","link":"https:\/\/www.mosquetas.com\/de\/pr\/augen-und-lippencreme-bio\/","title":{"rendered":"AUGEN- UND LIPPENCREME \u2013 BIO"},"content":{"rendered":"<p>Reichhaltiges Wildrosen\u00f6l* (10 %), regenerierend, n\u00e4hrend und sch\u00fctzend. Der Hafer-Extrakt* sorgt f\u00fcr eine sofortige straffende Wirkung. Die Hyalurons\u00e4ure verst\u00e4rkt die feuchtigkeitsspendende Wirkung. Ein kleiner Prozentsatz an nat\u00fcrlichen Essenzen l\u00e4sst, dank ihrer entschlackenden Wirkung, den Augenbereich strahlen und lindert die Augenringe. Die besser hydrierte Haut scheint ihre Festigkeit wiederzufinden.<\/p>\n<p>15 ml<\/p>\n<p>*aus biologischem Anbau<\/p>\n","protected":false},"excerpt":{"rendered":"<p>Reichhaltiges Wildrosen\u00f6l* (10 %), regenerierend, n\u00e4hrend und sch\u00fctzend<\/p>\n","protected":false},"featured_media":2837,"template":"","meta":[],"product_brand":[],"product_cat":[396,251],"product_tag":[],"class_list":{"0":"post-2508","1":"product","2":"type-product","3":"status-publish","4":"has-post-thumbnail","6":"product_cat-augen-und-lippencreme","7":"product_cat-rosen-linie","9":"first","10":"instock","11":"taxable","12":"shipping-taxable","13":"purchasable","14":"product-type-simple"},"_links":{"self":[{"href":"https:\/\/www.mosquetas.com\/de\/wp-json\/wp\/v2\/product\/2508","targetHints":{"allow":["GET"]}}],"collection":[{"href":"https:\/\/www.mosquetas.com\/de\/wp-json\/wp\/v2\/product"}],"about":[{"href":"https:\/\/www.mosquetas.com\/de\/wp-json\/wp\/v2\/types\/product"}],"wp:featuredmedia":[{"embeddable":true,"href":"https:\/\/www.mosquetas.com\/de\/wp-json\/wp\/v2\/media\/2837"}],"wp:attachment":[{"href":"https:\/\/www.mosquetas.com\/de\/wp-json\/wp\/v2\/media?parent=2508"}],"wp:term":[{"taxonomy":"product_brand","embeddable":true,"href":"https:\/\/www.mosquetas.com\/de\/wp-json\/wp\/v2\/product_brand?post=2508"},{"taxonomy":"product_cat","embeddable":true,"href":"https:\/\/www.mosquetas.com\/de\/wp-json\/wp\/v2\/product_cat?post=2508"},{"taxonomy":"product_tag","embeddable":true,"href":"https:\/\/www.mosquetas.com\/de\/wp-json\/wp\/v2\/product_tag?post=2508"}],"curies":[{"name":"wp","href":"https:\/\/api.w.org\/{rel}","templated":true}]}}