{"id":2504,"date":"2015-07-29T09:14:31","date_gmt":"2015-07-29T07:14:31","guid":{"rendered":"https:\/\/www.mosquetas.com\/prodotto\/koerperfluid-bio\/"},"modified":"2025-06-06T08:56:51","modified_gmt":"2025-06-06T06:56:51","slug":"koerperfluid-bio","status":"publish","type":"product","link":"https:\/\/www.mosquetas.com\/de\/pr\/koerperfluid-bio\/","title":{"rendered":"K\u00d6RPERFLUID \u2013 BIO"},"content":{"rendered":"<p>Stark konzentriertes K\u00f6rperfluid mit Wildrosen\u00f6l* (20 ml), fundamental f\u00fcr die Elastizit\u00e4t der Haut. Karit\u00e9-Butter*, Ringelblumen-Extrakte*, Centella-Extrakte* und Hyalurons\u00e4ure intensivieren die feuchtigkeitsspendende und straffende Wirkung. Die t\u00e4gliche Verwendung gibt der Haut ihre nat\u00fcrliche Geschmeidigkeit zur\u00fcck, ein satiniertes Aussehen und ein seidiges Gef\u00fchl.<\/p>\n<p>200 ml<\/p>\n<p>*aus biologischem Anbau<\/p>\n","protected":false},"excerpt":{"rendered":"<p>Stark konzentriertes K\u00f6rperfluid mit Wildrosen\u00f6l* (20 ml), fundamental f\u00fcr die Elastizit\u00e4t der Haut<\/p>\n","protected":false},"featured_media":2832,"template":"","meta":[],"product_brand":[],"product_cat":[400,251],"product_tag":[],"class_list":{"0":"post-2504","1":"product","2":"type-product","3":"status-publish","4":"has-post-thumbnail","6":"product_cat-korpercremes","7":"product_cat-rosen-linie","9":"first","10":"instock","11":"taxable","12":"shipping-taxable","13":"purchasable","14":"product-type-simple"},"_links":{"self":[{"href":"https:\/\/www.mosquetas.com\/de\/wp-json\/wp\/v2\/product\/2504","targetHints":{"allow":["GET"]}}],"collection":[{"href":"https:\/\/www.mosquetas.com\/de\/wp-json\/wp\/v2\/product"}],"about":[{"href":"https:\/\/www.mosquetas.com\/de\/wp-json\/wp\/v2\/types\/product"}],"wp:featuredmedia":[{"embeddable":true,"href":"https:\/\/www.mosquetas.com\/de\/wp-json\/wp\/v2\/media\/2832"}],"wp:attachment":[{"href":"https:\/\/www.mosquetas.com\/de\/wp-json\/wp\/v2\/media?parent=2504"}],"wp:term":[{"taxonomy":"product_brand","embeddable":true,"href":"https:\/\/www.mosquetas.com\/de\/wp-json\/wp\/v2\/product_brand?post=2504"},{"taxonomy":"product_cat","embeddable":true,"href":"https:\/\/www.mosquetas.com\/de\/wp-json\/wp\/v2\/product_cat?post=2504"},{"taxonomy":"product_tag","embeddable":true,"href":"https:\/\/www.mosquetas.com\/de\/wp-json\/wp\/v2\/product_tag?post=2504"}],"curies":[{"name":"wp","href":"https:\/\/api.w.org\/{rel}","templated":true}]}}