{"id":2480,"date":"2015-07-29T09:40:39","date_gmt":"2015-07-29T07:40:39","guid":{"rendered":"https:\/\/www.mosquetas.com\/prodotto\/mosqueta-rosenoel-bio-damaszener-rosenoel-bio\/"},"modified":"2025-08-26T12:11:11","modified_gmt":"2025-08-26T10:11:11","slug":"mosqueta-rosenoel-bio-damaszener-rosenoel-bio","status":"publish","type":"product","link":"https:\/\/www.mosquetas.com\/de\/pr\/mosqueta-rosenoel-bio-damaszener-rosenoel-bio\/","title":{"rendered":"MOSQUETA ROSEN\u00d6L + BIO-DAMASZENER-ROSEN\u00d6L \u2013 BIO"},"content":{"rendered":"<p>Natives Bio-Wildrosen\u00f6l, angereichert mit \u00e4therischem Bio-Damaszener-Rosen\u00f6l.<\/p>\n<ul>\n<li>\u00a0zur Erneuerung der Haut<\/li>\n<li>\u00a0zur Minderung der Unsch\u00f6nheiten, aufgrund von Narben und Dehnungsstreifen<\/li>\n<li>\u00a0zum Erhalt der Spannkraft der Haut<\/li>\n<li>\u00a0gegen eine fr\u00fchzeitige Alterung der Haut<\/li>\n<li>\u00a0gegen trockene Haut<\/li>\n<li>\u00a0gegen Ausdrucksfalten<\/li>\n<li>\u00a0gegen Sch\u00e4digungen durch Sonneneinstrahlung<\/li>\n<\/ul>\n<p>30 ml<\/p>\n<p>&nbsp;<\/p>\n","protected":false},"excerpt":{"rendered":"<p>Natives Bio-Wildrosen\u00f6l angereichert mit \u00e4therischem Bio-Damaszener-Rosen\u00f6l.<\/p>\n","protected":false},"featured_media":2807,"template":"","meta":[],"product_brand":[],"product_cat":[262],"product_tag":[],"class_list":{"0":"post-2480","1":"product","2":"type-product","3":"status-publish","4":"has-post-thumbnail","6":"product_cat-ole","8":"first","9":"instock","10":"taxable","11":"shipping-taxable","12":"purchasable","13":"product-type-simple"},"_links":{"self":[{"href":"https:\/\/www.mosquetas.com\/de\/wp-json\/wp\/v2\/product\/2480","targetHints":{"allow":["GET"]}}],"collection":[{"href":"https:\/\/www.mosquetas.com\/de\/wp-json\/wp\/v2\/product"}],"about":[{"href":"https:\/\/www.mosquetas.com\/de\/wp-json\/wp\/v2\/types\/product"}],"wp:featuredmedia":[{"embeddable":true,"href":"https:\/\/www.mosquetas.com\/de\/wp-json\/wp\/v2\/media\/2807"}],"wp:attachment":[{"href":"https:\/\/www.mosquetas.com\/de\/wp-json\/wp\/v2\/media?parent=2480"}],"wp:term":[{"taxonomy":"product_brand","embeddable":true,"href":"https:\/\/www.mosquetas.com\/de\/wp-json\/wp\/v2\/product_brand?post=2480"},{"taxonomy":"product_cat","embeddable":true,"href":"https:\/\/www.mosquetas.com\/de\/wp-json\/wp\/v2\/product_cat?post=2480"},{"taxonomy":"product_tag","embeddable":true,"href":"https:\/\/www.mosquetas.com\/de\/wp-json\/wp\/v2\/product_tag?post=2480"}],"curies":[{"name":"wp","href":"https:\/\/api.w.org\/{rel}","templated":true}]}}