{"id":2476,"date":"2015-07-29T09:56:03","date_gmt":"2015-07-29T07:56:03","guid":{"rendered":"https:\/\/www.mosquetas.com\/prodotto\/trockenes-mosqueta-rosenoel-bio\/"},"modified":"2024-12-16T09:38:10","modified_gmt":"2024-12-16T08:38:10","slug":"trockenes-mosqueta-rosenoel-bio","status":"publish","type":"product","link":"https:\/\/www.mosquetas.com\/de\/pr\/trockenes-mosqueta-rosenoel-bio\/","title":{"rendered":"TROCKENES MOSQUETA ROSEN\u00d6L \u2013 BIO"},"content":{"rendered":"<p>Von einer nicht fettenden Textur gekennzeichnet, parfumfrei und ohne Allergene, besonders zu Zeiten der Gewichtsschwankungen empfohlen (Schwangerschaft, Zu- oder Abnahme); hilft der Haut, diese Gewebever\u00e4nderungen zu \u00fcberstehen, hilfreich gegen Dehnungsstreifen oder bei Verlust der Spannkraft.<\/p>\n<p>Das Wildrosen\u00f6l* regeneriert auf nat\u00fcrliche Weise. Die n\u00e4hrenden und lindernden \u00d6le (Mandel*, Sesam*) sichern ein samtiges Gef\u00fchl.<\/p>\n<p>Centella-Extrakt* st\u00e4rkt die reparierenden, belebenden und straffenden Eigenschaften.<\/p>\n<p>100 ml<\/p>\n<p>*aus biologischem Anbau<\/p>\n","protected":false},"excerpt":{"rendered":"<p>Von einer nicht fettenden Textur gekennzeichnet, parfumfrei und ohne Allergene<\/p>\n","protected":false},"featured_media":2802,"template":"","meta":[],"product_brand":[],"product_cat":[253],"product_tag":[],"class_list":{"0":"post-2476","1":"product","2":"type-product","3":"status-publish","4":"has-post-thumbnail","6":"product_cat-spezialitaten","8":"first","9":"outofstock","10":"taxable","11":"shipping-taxable","12":"purchasable","13":"product-type-simple"},"_links":{"self":[{"href":"https:\/\/www.mosquetas.com\/de\/wp-json\/wp\/v2\/product\/2476","targetHints":{"allow":["GET"]}}],"collection":[{"href":"https:\/\/www.mosquetas.com\/de\/wp-json\/wp\/v2\/product"}],"about":[{"href":"https:\/\/www.mosquetas.com\/de\/wp-json\/wp\/v2\/types\/product"}],"wp:featuredmedia":[{"embeddable":true,"href":"https:\/\/www.mosquetas.com\/de\/wp-json\/wp\/v2\/media\/2802"}],"wp:attachment":[{"href":"https:\/\/www.mosquetas.com\/de\/wp-json\/wp\/v2\/media?parent=2476"}],"wp:term":[{"taxonomy":"product_brand","embeddable":true,"href":"https:\/\/www.mosquetas.com\/de\/wp-json\/wp\/v2\/product_brand?post=2476"},{"taxonomy":"product_cat","embeddable":true,"href":"https:\/\/www.mosquetas.com\/de\/wp-json\/wp\/v2\/product_cat?post=2476"},{"taxonomy":"product_tag","embeddable":true,"href":"https:\/\/www.mosquetas.com\/de\/wp-json\/wp\/v2\/product_tag?post=2476"}],"curies":[{"name":"wp","href":"https:\/\/api.w.org\/{rel}","templated":true}]}}