{"id":2469,"date":"2015-07-29T10:03:09","date_gmt":"2015-07-29T08:03:09","guid":{"rendered":"https:\/\/www.mosquetas.com\/prodotto\/relax-bein-gel-bio\/"},"modified":"2023-09-14T10:27:02","modified_gmt":"2023-09-14T08:27:02","slug":"relax-bein-gel-bio","status":"publish","type":"product","link":"https:\/\/www.mosquetas.com\/de\/pr\/relax-bein-gel-bio\/","title":{"rendered":"RELAX BEIN-GEL \u2013 BIO"},"content":{"rendered":"<p>Sehr belebendes Bein-Gel, dank der Hydrolate der Italienischen Strohblume* und Hamamelis*, der Extrakte der Arnica*, roten Traube*, Rosskastanie* und Minze*. Das OPC und das \u00d6l der Rosskastanie sichern einen besseren Schutz. Das Wildrosen\u00f6l* macht die Haut noch weicher. Verleiht eine sofortige Linderung und sorgt f\u00fcr ein Gef\u00fchl von Wohlbefinden und Leichtigkeit.<\/p>\n<p>150 ml<\/p>\n<p>*aus biologischem Anbau<\/p>\n","protected":false},"excerpt":{"rendered":"<p>Sehr belebendes Bein-Gel, dank der Hydrolate der Italienischen Strohblume* und Hamamelis*, der Extrakte der Arnica*, roten Traube*, Rosskastanie* und Minze*<\/p>\n","protected":false},"featured_media":2792,"template":"","meta":[],"product_brand":[],"product_cat":[253],"product_tag":[],"class_list":{"0":"post-2469","1":"product","2":"type-product","3":"status-publish","4":"has-post-thumbnail","6":"product_cat-spezialitaten","8":"first","9":"instock","10":"taxable","11":"shipping-taxable","12":"purchasable","13":"product-type-simple"},"_links":{"self":[{"href":"https:\/\/www.mosquetas.com\/de\/wp-json\/wp\/v2\/product\/2469","targetHints":{"allow":["GET"]}}],"collection":[{"href":"https:\/\/www.mosquetas.com\/de\/wp-json\/wp\/v2\/product"}],"about":[{"href":"https:\/\/www.mosquetas.com\/de\/wp-json\/wp\/v2\/types\/product"}],"wp:featuredmedia":[{"embeddable":true,"href":"https:\/\/www.mosquetas.com\/de\/wp-json\/wp\/v2\/media\/2792"}],"wp:attachment":[{"href":"https:\/\/www.mosquetas.com\/de\/wp-json\/wp\/v2\/media?parent=2469"}],"wp:term":[{"taxonomy":"product_brand","embeddable":true,"href":"https:\/\/www.mosquetas.com\/de\/wp-json\/wp\/v2\/product_brand?post=2469"},{"taxonomy":"product_cat","embeddable":true,"href":"https:\/\/www.mosquetas.com\/de\/wp-json\/wp\/v2\/product_cat?post=2469"},{"taxonomy":"product_tag","embeddable":true,"href":"https:\/\/www.mosquetas.com\/de\/wp-json\/wp\/v2\/product_tag?post=2469"}],"curies":[{"name":"wp","href":"https:\/\/api.w.org\/{rel}","templated":true}]}}