{"id":2449,"date":"2015-07-29T10:16:18","date_gmt":"2015-07-29T08:16:18","guid":{"rendered":"https:\/\/www.mosquetas.com\/prodotto\/elicrisia-sensity-day-bio\/"},"modified":"2024-09-26T14:42:10","modified_gmt":"2024-09-26T12:42:10","slug":"elicrisia-sensity-day-bio","status":"publish","type":"product","link":"https:\/\/www.mosquetas.com\/de\/pr\/elicrisia-sensity-day-bio\/","title":{"rendered":"ELICRISIA\u00ae SENSITY DAY &#8211; BIO"},"content":{"rendered":"<p>Ideale Gesichtscreme f\u00fcr sensible Haut mit Neigung zu Couperose. Dank ihrer wertvolle Wirkstoffe wirkt sie lindernd und beruhigend: Italienische Strohblume*, Bisabolol, Aloe Vera*, Vitamin E. Die pflanzlichen \u00d6le (Wildrose*, Aprikose*, Karit\u00e9*, Jojoba*) n\u00e4hren und reparieren auch zarteste Haut. Extrakt von roten Trauben*, Hydrolat von schwarzen Johannisbeeren* und die Wildrose stimulieren die Epidermis. Die Hyalurons\u00e4ure sichert eine perfekte Hydrierung.<\/p>\n<p>50 ml<\/p>\n<p>*aus biologischem Anbau<\/p>\n<p>&nbsp;<\/p>\n","protected":false},"excerpt":{"rendered":"<p>Ideale Gesichtscreme f\u00fcr sensible Haut mit Neigung zu Couperose<\/p>\n","protected":false},"featured_media":2762,"template":"","meta":[],"product_brand":[],"product_cat":[246,384],"product_tag":[],"class_list":{"0":"post-2449","1":"product","2":"type-product","3":"status-publish","4":"has-post-thumbnail","6":"product_cat-elicrisia-linie","7":"product_cat-cremes-gesight-2","9":"first","10":"instock","11":"featured","12":"taxable","13":"shipping-taxable","14":"purchasable","15":"product-type-simple"},"_links":{"self":[{"href":"https:\/\/www.mosquetas.com\/de\/wp-json\/wp\/v2\/product\/2449","targetHints":{"allow":["GET"]}}],"collection":[{"href":"https:\/\/www.mosquetas.com\/de\/wp-json\/wp\/v2\/product"}],"about":[{"href":"https:\/\/www.mosquetas.com\/de\/wp-json\/wp\/v2\/types\/product"}],"wp:featuredmedia":[{"embeddable":true,"href":"https:\/\/www.mosquetas.com\/de\/wp-json\/wp\/v2\/media\/2762"}],"wp:attachment":[{"href":"https:\/\/www.mosquetas.com\/de\/wp-json\/wp\/v2\/media?parent=2449"}],"wp:term":[{"taxonomy":"product_brand","embeddable":true,"href":"https:\/\/www.mosquetas.com\/de\/wp-json\/wp\/v2\/product_brand?post=2449"},{"taxonomy":"product_cat","embeddable":true,"href":"https:\/\/www.mosquetas.com\/de\/wp-json\/wp\/v2\/product_cat?post=2449"},{"taxonomy":"product_tag","embeddable":true,"href":"https:\/\/www.mosquetas.com\/de\/wp-json\/wp\/v2\/product_tag?post=2449"}],"curies":[{"name":"wp","href":"https:\/\/api.w.org\/{rel}","templated":true}]}}