{"id":2442,"date":"2015-07-29T10:19:27","date_gmt":"2015-07-29T08:19:27","guid":{"rendered":"https:\/\/www.mosquetas.com\/prodotto\/elicrisia-primissima-bio\/"},"modified":"2024-12-09T14:51:38","modified_gmt":"2024-12-09T13:51:38","slug":"elicrisia-primissima-bio","status":"publish","type":"product","link":"https:\/\/www.mosquetas.com\/de\/pr\/elicrisia-primissima-bio\/","title":{"rendered":"ELICRISIA\u00ae PRIMISSIMA &#8211; BIO"},"content":{"rendered":"<p>Spezielle Gesichtscreme, um das Auftreten der ersten Falten zu verz\u00f6gern oder zu bek\u00e4mpfen. Die Ausgewogenheit der \u00d6le (Wildrose*, Jojoba*) sichert Hydrierung, Stimulierung und Leichtigkeit. Dank der Hydrolate der Strohblume*, Kamille* und des Extrakts der Bl\u00e4tter des Olivenbaums* hydriert, erfrisch und sch\u00fctzt die Creme.<\/p>\n<p>50 ml<\/p>\n<p>*aus biologischem Anbau<\/p>\n","protected":false},"excerpt":{"rendered":"<p>Spezielle Gesichtscreme, um das Auftreten der ersten Falten zu verz\u00f6gern oder zu bek\u00e4mpfen<\/p>\n","protected":false},"featured_media":2757,"template":"","meta":[],"product_brand":[],"product_cat":[384,246],"product_tag":[],"class_list":{"0":"post-2442","1":"product","2":"type-product","3":"status-publish","4":"has-post-thumbnail","6":"product_cat-cremes-gesight-2","7":"product_cat-elicrisia-linie","9":"first","10":"instock","11":"sale","12":"taxable","13":"shipping-taxable","14":"purchasable","15":"product-type-simple"},"_links":{"self":[{"href":"https:\/\/www.mosquetas.com\/de\/wp-json\/wp\/v2\/product\/2442","targetHints":{"allow":["GET"]}}],"collection":[{"href":"https:\/\/www.mosquetas.com\/de\/wp-json\/wp\/v2\/product"}],"about":[{"href":"https:\/\/www.mosquetas.com\/de\/wp-json\/wp\/v2\/types\/product"}],"wp:featuredmedia":[{"embeddable":true,"href":"https:\/\/www.mosquetas.com\/de\/wp-json\/wp\/v2\/media\/2757"}],"wp:attachment":[{"href":"https:\/\/www.mosquetas.com\/de\/wp-json\/wp\/v2\/media?parent=2442"}],"wp:term":[{"taxonomy":"product_brand","embeddable":true,"href":"https:\/\/www.mosquetas.com\/de\/wp-json\/wp\/v2\/product_brand?post=2442"},{"taxonomy":"product_cat","embeddable":true,"href":"https:\/\/www.mosquetas.com\/de\/wp-json\/wp\/v2\/product_cat?post=2442"},{"taxonomy":"product_tag","embeddable":true,"href":"https:\/\/www.mosquetas.com\/de\/wp-json\/wp\/v2\/product_tag?post=2442"}],"curies":[{"name":"wp","href":"https:\/\/api.w.org\/{rel}","templated":true}]}}