{"id":2441,"date":"2015-07-29T10:24:56","date_gmt":"2015-07-29T08:24:56","guid":{"rendered":"https:\/\/www.mosquetas.com\/prodotto\/elicrisia-eclat-tonikum-bio\/"},"modified":"2024-12-16T09:20:28","modified_gmt":"2024-12-16T08:20:28","slug":"elicrisia-eclat-tonikum-bio","status":"publish","type":"product","link":"https:\/\/www.mosquetas.com\/de\/pr\/elicrisia-eclat-tonikum-bio\/","title":{"rendered":"ELICRISIA\u00ae ECLAT TONIKUM \u2013 BIO"},"content":{"rendered":"<p>Tonikum, g\u00e4nzlich ohne Alkohol, f\u00fcr normale Haut oder Mischhaut, belebt und l\u00e4sst die Haut strahlen, dank der Verbindung der Hydrolate der Italienischen Strohblume*, der Hamamelis* und des Salbei*. Die Extrakte von gr\u00fcnem Kaffee*, der Samen der Wildrose* und der Aloe Vera* sichern Schutz und Hydrierung. Die Haut wird frischer und strahlender. Der besondere Duft (von der Strohblume dominiert) regt den Geist an und verleiht ein sofortiges Gef\u00fchl von Wohlbehagen und Vitalit\u00e4t.<\/p>\n<p>200 ml<\/p>\n<p>*aus biologischem Anbau<\/p>\n","protected":false},"excerpt":{"rendered":"<p>Tonikum, g\u00e4nzlich ohne Alkohol, f\u00fcr normale Haut oder Mischhaut<\/p>\n","protected":false},"featured_media":2747,"template":"","meta":[],"product_brand":[],"product_cat":[392,246],"product_tag":[],"class_list":{"0":"post-2441","1":"product","2":"type-product","3":"status-publish","4":"has-post-thumbnail","6":"product_cat-behandlung","7":"product_cat-elicrisia-linie","9":"first","10":"instock","11":"taxable","12":"shipping-taxable","13":"purchasable","14":"product-type-simple"},"_links":{"self":[{"href":"https:\/\/www.mosquetas.com\/de\/wp-json\/wp\/v2\/product\/2441","targetHints":{"allow":["GET"]}}],"collection":[{"href":"https:\/\/www.mosquetas.com\/de\/wp-json\/wp\/v2\/product"}],"about":[{"href":"https:\/\/www.mosquetas.com\/de\/wp-json\/wp\/v2\/types\/product"}],"wp:featuredmedia":[{"embeddable":true,"href":"https:\/\/www.mosquetas.com\/de\/wp-json\/wp\/v2\/media\/2747"}],"wp:attachment":[{"href":"https:\/\/www.mosquetas.com\/de\/wp-json\/wp\/v2\/media?parent=2441"}],"wp:term":[{"taxonomy":"product_brand","embeddable":true,"href":"https:\/\/www.mosquetas.com\/de\/wp-json\/wp\/v2\/product_brand?post=2441"},{"taxonomy":"product_cat","embeddable":true,"href":"https:\/\/www.mosquetas.com\/de\/wp-json\/wp\/v2\/product_cat?post=2441"},{"taxonomy":"product_tag","embeddable":true,"href":"https:\/\/www.mosquetas.com\/de\/wp-json\/wp\/v2\/product_tag?post=2441"}],"curies":[{"name":"wp","href":"https:\/\/api.w.org\/{rel}","templated":true}]}}