{"id":2432,"date":"2015-07-29T10:34:31","date_gmt":"2015-07-29T08:34:31","guid":{"rendered":"https:\/\/www.mosquetas.com\/prodotto\/mascara-mit-mosqueta-rose-bio\/"},"modified":"2026-01-27T12:51:14","modified_gmt":"2026-01-27T11:51:14","slug":"mascara-mit-mosqueta-rose-bio","status":"publish","type":"product","link":"https:\/\/www.mosquetas.com\/de\/pr\/mascara-mit-mosqueta-rose-bio\/","title":{"rendered":"MASCARA MIT MOSQUETA ROSE \u2013 BIO"},"content":{"rendered":"<p>Die Formel auf der Basis von Bienenwachs, Wildrosen\u00f6l*, Mandel\u00f6l* und Karit\u00e9-Butter verleiht dem Mascara von Mosqueta\u2019s eine cremige Textur, die jede Wimper von der Wurzel bis zur Spitze \u00fcberzieht. Die Weizenst\u00e4rke komplettiert die Formel, um mehr Volumen und Dichte zu verleihen. Dank der Synergie dieser Komponenten werden die Wimpern perfekt definiert, verl\u00e4ngert, vereinzelt und gesch\u00fctzt.<\/p>\n<p>In Schwarz und Braun verf\u00fcgbar.<\/p>\n<p>10 ml<\/p>\n<p>*aus biologischem Anbau<\/p>\n","protected":false},"excerpt":{"rendered":"<p>Die Formel auf der Basis von Bienenwachs, Wildrosen\u00f6l*, Mandel\u00f6l* und Karit\u00e9-Butter verleiht dem Mascara von Mosqueta\u2019s eine cremige Textur, die jede Wimper von der Wurzel bis zur Spitze \u00fcberzieht. Die Weizenst\u00e4rke komplettiert die Formel, um mehr Volumen und Dichte zu verleihen. Dank der Synergie dieser Komponenten werden die Wimpern perfekt definiert, verl\u00e4ngert, vereinzelt und gesch\u00fctzt. In Schwarz und Braun verf\u00fcgbar. 10 ml *aus biologischem Anbau<\/p>\n","protected":false},"featured_media":12769,"template":"","meta":[],"product_brand":[],"product_cat":[259],"product_tag":[],"class_list":{"0":"post-2432","1":"product","2":"type-product","3":"status-publish","4":"has-post-thumbnail","6":"product_cat-make-up","8":"first","9":"instock","10":"taxable","11":"shipping-taxable","12":"purchasable","13":"product-type-variable"},"_links":{"self":[{"href":"https:\/\/www.mosquetas.com\/de\/wp-json\/wp\/v2\/product\/2432","targetHints":{"allow":["GET"]}}],"collection":[{"href":"https:\/\/www.mosquetas.com\/de\/wp-json\/wp\/v2\/product"}],"about":[{"href":"https:\/\/www.mosquetas.com\/de\/wp-json\/wp\/v2\/types\/product"}],"wp:featuredmedia":[{"embeddable":true,"href":"https:\/\/www.mosquetas.com\/de\/wp-json\/wp\/v2\/media\/12769"}],"wp:attachment":[{"href":"https:\/\/www.mosquetas.com\/de\/wp-json\/wp\/v2\/media?parent=2432"}],"wp:term":[{"taxonomy":"product_brand","embeddable":true,"href":"https:\/\/www.mosquetas.com\/de\/wp-json\/wp\/v2\/product_brand?post=2432"},{"taxonomy":"product_cat","embeddable":true,"href":"https:\/\/www.mosquetas.com\/de\/wp-json\/wp\/v2\/product_cat?post=2432"},{"taxonomy":"product_tag","embeddable":true,"href":"https:\/\/www.mosquetas.com\/de\/wp-json\/wp\/v2\/product_tag?post=2432"}],"curies":[{"name":"wp","href":"https:\/\/api.w.org\/{rel}","templated":true}]}}