{"id":2418,"date":"2015-07-29T10:36:29","date_gmt":"2015-07-29T08:36:29","guid":{"rendered":"https:\/\/www.mosquetas.com\/prodotto\/eyeliner-mit-mosqueta-rose-bio\/"},"modified":"2025-05-03T22:51:48","modified_gmt":"2025-05-03T20:51:48","slug":"eyeliner-mit-mosqueta-rose-bio","status":"publish","type":"product","link":"https:\/\/www.mosquetas.com\/de\/pr\/eyeliner-mit-mosqueta-rose-bio\/","title":{"rendered":"EYELINER MIT MOSQUETA ROSE \u2013 BIO"},"content":{"rendered":"<p>In drei verschiedenen Farben im Angebot, Kakao, Gr\u00fcn und Schwarz, besonders leicht zu ziehen und zu dosieren, optimale Haftung auf dem Augenlid. Das n\u00e4hrende Wildrosen\u00f6l*, das antibakterielle Salbei-Hydrolat* und die pflanzlichen Wachse machen diesen\u00a0Eyeliner zu einer echten Sch\u00f6nheitsbehandlung. Ohne Alkohol<\/p>\n<p>Der Eyeliner von Mosqueta\u2019s wurde zum besten franz\u00f6sischen Eyeliner aus 49 getesteten Produkten gew\u00e4hlt (Observatoire des Cosm\u00e9tiques 2015\/2016).<\/p>\n<p>4,5 ml<\/p>\n<p>*aus biologischem Anbau<\/p>\n","protected":false},"excerpt":{"rendered":"<p>In drei verschiedenen Farben im Angebot, Kakao, Gr\u00fcn und Schwarz, besonders leicht zu ziehen und zu dosieren, optimale Haftung auf dem Augenlid. Das n\u00e4hrende Wildrosen\u00f6l*, das antibakterielle Salbei-Hydrolat* und die pflanzlichen Wachse machen diesen\u00a0Eyeliner zu einer echten Sch\u00f6nheitsbehandlung. Ohne Alkohol Der Eyeliner von Mosqueta\u2019s wurde zum besten franz\u00f6sischen Eyeliner aus 49 getesteten Produkten gew\u00e4hlt (Observatoire des Cosm\u00e9tiques 2015\/2016). 4,5 ml *aus biologischem Anbau<\/p>\n","protected":false},"featured_media":2692,"template":"","meta":[],"product_brand":[],"product_cat":[259],"product_tag":[],"class_list":{"0":"post-2418","1":"product","2":"type-product","3":"status-publish","4":"has-post-thumbnail","6":"product_cat-make-up","8":"first","9":"instock","10":"taxable","11":"shipping-taxable","12":"purchasable","13":"product-type-variable"},"_links":{"self":[{"href":"https:\/\/www.mosquetas.com\/de\/wp-json\/wp\/v2\/product\/2418","targetHints":{"allow":["GET"]}}],"collection":[{"href":"https:\/\/www.mosquetas.com\/de\/wp-json\/wp\/v2\/product"}],"about":[{"href":"https:\/\/www.mosquetas.com\/de\/wp-json\/wp\/v2\/types\/product"}],"wp:featuredmedia":[{"embeddable":true,"href":"https:\/\/www.mosquetas.com\/de\/wp-json\/wp\/v2\/media\/2692"}],"wp:attachment":[{"href":"https:\/\/www.mosquetas.com\/de\/wp-json\/wp\/v2\/media?parent=2418"}],"wp:term":[{"taxonomy":"product_brand","embeddable":true,"href":"https:\/\/www.mosquetas.com\/de\/wp-json\/wp\/v2\/product_brand?post=2418"},{"taxonomy":"product_cat","embeddable":true,"href":"https:\/\/www.mosquetas.com\/de\/wp-json\/wp\/v2\/product_cat?post=2418"},{"taxonomy":"product_tag","embeddable":true,"href":"https:\/\/www.mosquetas.com\/de\/wp-json\/wp\/v2\/product_tag?post=2418"}],"curies":[{"name":"wp","href":"https:\/\/api.w.org\/{rel}","templated":true}]}}