{"id":2401,"date":"2015-07-29T10:38:28","date_gmt":"2015-07-29T08:38:28","guid":{"rendered":"https:\/\/www.mosquetas.com\/prodotto\/kajal-mit-mosqueta-rose-bio\/"},"modified":"2024-11-17T15:10:41","modified_gmt":"2024-11-17T14:10:41","slug":"kajal-mit-mosqueta-rose-bio","status":"publish","type":"product","link":"https:\/\/www.mosquetas.com\/de\/pr\/kajal-mit-mosqueta-rose-bio\/","title":{"rendered":"KAJAL MIT MOSQUETA ROSE &#8211; BIO"},"content":{"rendered":"<p>Ein besonders weicher Stift f\u00fcr einen d\u00fcnnen und pr\u00e4zisen Strich, f\u00fcr ein effektvolles Make-up ohne Verwischungen. Leicht aufzutragen, um auch den Augenwinkel fein zu schattieren.<\/p>\n<p>Die Formel mit Wildrosen\u00f6l*, Jojoba\u00f6l*, Karit\u00e9-Butter*, in Verbindung mit den pflanzlichen Wachsen, garantiert optimalen Halt und perfekte Toleranz.<\/p>\n<p>In Schwarz und Braun verf\u00fcgbar.<\/p>\n<p>1,14 g<\/p>\n<p>*aus biologischem Anbau<\/p>\n","protected":false},"excerpt":{"rendered":"<p>Ein besonders weicher Stift f\u00fcr einen d\u00fcnnen und pr\u00e4zisen Strich, f\u00fcr ein effektvolles Make-up ohne Verwischungen. Leicht aufzutragen, um auch den Augenwinkel fein zu schattieren. Die Formel mit Wildrosen\u00f6l*, Jojoba\u00f6l*, Karit\u00e9-Butter*, in Verbindung mit den pflanzlichen Wachsen, garantiert optimalen Halt und perfekte Toleranz. In Schwarz und Braun verf\u00fcgbar. 1,14 g *aus biologischem Anbau<\/p>\n","protected":false},"featured_media":2674,"template":"","meta":[],"product_brand":[],"product_cat":[259],"product_tag":[],"class_list":{"0":"post-2401","1":"product","2":"type-product","3":"status-publish","4":"has-post-thumbnail","6":"product_cat-make-up","8":"first","9":"instock","10":"taxable","11":"shipping-taxable","12":"purchasable","13":"product-type-variable"},"_links":{"self":[{"href":"https:\/\/www.mosquetas.com\/de\/wp-json\/wp\/v2\/product\/2401","targetHints":{"allow":["GET"]}}],"collection":[{"href":"https:\/\/www.mosquetas.com\/de\/wp-json\/wp\/v2\/product"}],"about":[{"href":"https:\/\/www.mosquetas.com\/de\/wp-json\/wp\/v2\/types\/product"}],"wp:featuredmedia":[{"embeddable":true,"href":"https:\/\/www.mosquetas.com\/de\/wp-json\/wp\/v2\/media\/2674"}],"wp:attachment":[{"href":"https:\/\/www.mosquetas.com\/de\/wp-json\/wp\/v2\/media?parent=2401"}],"wp:term":[{"taxonomy":"product_brand","embeddable":true,"href":"https:\/\/www.mosquetas.com\/de\/wp-json\/wp\/v2\/product_brand?post=2401"},{"taxonomy":"product_cat","embeddable":true,"href":"https:\/\/www.mosquetas.com\/de\/wp-json\/wp\/v2\/product_cat?post=2401"},{"taxonomy":"product_tag","embeddable":true,"href":"https:\/\/www.mosquetas.com\/de\/wp-json\/wp\/v2\/product_tag?post=2401"}],"curies":[{"name":"wp","href":"https:\/\/api.w.org\/{rel}","templated":true}]}}