{"id":2389,"date":"2015-07-29T10:40:25","date_gmt":"2015-07-29T08:40:25","guid":{"rendered":"https:\/\/www.mosquetas.com\/prodotto\/multi-concealer-bio\/"},"modified":"2024-12-16T09:29:52","modified_gmt":"2024-12-16T08:29:52","slug":"multi-concealer-bio","status":"publish","type":"product","link":"https:\/\/www.mosquetas.com\/de\/pr\/multi-concealer-bio\/","title":{"rendered":"MULTI CONCEALER &#8211; BIO"},"content":{"rendered":"<p>Unsichtbar, versteckt augenblicklich kleine Unsch\u00f6nheiten, wie Augenringe, R\u00f6tungen, Flecken und Kapillare im Gesicht, auf dem Dekollet\u00e9 und an den Beinen.<\/p>\n<p>Mit seiner cremigen und nicht fettenden Textur verleiht er ein nat\u00fcrliches Aussehen mit einer mattierenden Wirkung. Dank seiner wertvollen Inhaltsstoffe (Wildrosen\u00f6l*, Karit\u00e9-Butter*, Hydrolat der Italienischer Strohblume*, Baobab\u00f6l*, Ringelblumen-Extrakt) hydriert, sch\u00fctzt und beruhigt er die Haut, w\u00e4hrend kleine Defekte abgedeckt werden.<\/p>\n<p>Zwei Varianten 01 (hell) und 02 (mittel).<\/p>\n<p>3,5 g<\/p>\n<p>*aus biologischem Anbau<\/p>\n","protected":false},"excerpt":{"rendered":"<p>Unsichtbar, versteckt augenblicklich kleine Unsch\u00f6nheiten, wie Augenringe, R\u00f6tungen, Flecken und Kapillare im Gesicht, auf dem Dekollet\u00e9 und an den Beinen. Mit seiner cremigen und nicht fettenden Textur verleiht er ein nat\u00fcrliches Aussehen mit einer mattierenden Wirkung. Dank seiner wertvollen Inhaltsstoffe (Wildrosen\u00f6l*, Karit\u00e9-Butter*, Hydrolat der Italienischer Strohblume*, Baobab\u00f6l*, Ringelblumen-Extrakt) hydriert, sch\u00fctzt und beruhigt er die Haut, w\u00e4hrend kleine Defekte abgedeckt werden. Zwei Varianten 01 (hell) und 02 (mittel). 3,5 g *aus biologischem Anbau<\/p>\n","protected":false},"featured_media":2651,"template":"","meta":[],"product_brand":[],"product_cat":[259],"product_tag":[],"class_list":{"0":"post-2389","1":"product","2":"type-product","3":"status-publish","4":"has-post-thumbnail","6":"product_cat-make-up","8":"first","9":"instock","10":"featured","11":"taxable","12":"shipping-taxable","13":"purchasable","14":"product-type-variable"},"_links":{"self":[{"href":"https:\/\/www.mosquetas.com\/de\/wp-json\/wp\/v2\/product\/2389","targetHints":{"allow":["GET"]}}],"collection":[{"href":"https:\/\/www.mosquetas.com\/de\/wp-json\/wp\/v2\/product"}],"about":[{"href":"https:\/\/www.mosquetas.com\/de\/wp-json\/wp\/v2\/types\/product"}],"wp:featuredmedia":[{"embeddable":true,"href":"https:\/\/www.mosquetas.com\/de\/wp-json\/wp\/v2\/media\/2651"}],"wp:attachment":[{"href":"https:\/\/www.mosquetas.com\/de\/wp-json\/wp\/v2\/media?parent=2389"}],"wp:term":[{"taxonomy":"product_brand","embeddable":true,"href":"https:\/\/www.mosquetas.com\/de\/wp-json\/wp\/v2\/product_brand?post=2389"},{"taxonomy":"product_cat","embeddable":true,"href":"https:\/\/www.mosquetas.com\/de\/wp-json\/wp\/v2\/product_cat?post=2389"},{"taxonomy":"product_tag","embeddable":true,"href":"https:\/\/www.mosquetas.com\/de\/wp-json\/wp\/v2\/product_tag?post=2389"}],"curies":[{"name":"wp","href":"https:\/\/api.w.org\/{rel}","templated":true}]}}