{"id":2383,"date":"2015-07-29T10:21:42","date_gmt":"2015-07-29T08:21:42","guid":{"rendered":"https:\/\/www.mosquetas.com\/prodotto\/elicrisia-purity-emulsione-equilibrante-bio\/"},"modified":"2023-09-14T10:26:43","modified_gmt":"2023-09-14T08:26:43","slug":"elicrisia-purity-emulsione-equilibrante-bio","status":"publish","type":"product","link":"https:\/\/www.mosquetas.com\/de\/pr\/elicrisia-purity-emulsione-equilibrante-bio\/","title":{"rendered":"ELICRISIA\u00ae PURITY &#8211; BIO"},"content":{"rendered":"<p>Gesichtscreme f\u00fcr Mischhaut. Reich an Bio-Wirkstoffen: Hydrolate von Hamamelis* und Italienischer Strohblume* (belebend und adstringierend), Salbei* (reinigend) und wertvolle \u00d6le (Wildrose*, Jojoba*, Calophyllum*, Sesam*) schenken Reinheit, Strahlen und Wohlbehagen. Der Saft der Aloe Vera* und das Extrakt von gr\u00fcnem Kaffee* verst\u00e4rken die sch\u00fctzende und n\u00e4hrende Wirkung. Die Haut wird gleichm\u00e4\u00dfiger.<\/p>\n<p>50 ml<\/p>\n<p>*aus biologischem Anbau<\/p>\n","protected":false},"excerpt":{"rendered":"<p>Gesichtscreme f\u00fcr Mischhaut<\/p>\n","protected":false},"featured_media":2752,"template":"","meta":[],"product_brand":[],"product_cat":[384,246],"product_tag":[],"class_list":{"0":"post-2383","1":"product","2":"type-product","3":"status-publish","4":"has-post-thumbnail","6":"product_cat-cremes-gesight-2","7":"product_cat-elicrisia-linie","9":"first","10":"outofstock","11":"taxable","12":"shipping-taxable","13":"purchasable","14":"product-type-simple"},"_links":{"self":[{"href":"https:\/\/www.mosquetas.com\/de\/wp-json\/wp\/v2\/product\/2383","targetHints":{"allow":["GET"]}}],"collection":[{"href":"https:\/\/www.mosquetas.com\/de\/wp-json\/wp\/v2\/product"}],"about":[{"href":"https:\/\/www.mosquetas.com\/de\/wp-json\/wp\/v2\/types\/product"}],"wp:featuredmedia":[{"embeddable":true,"href":"https:\/\/www.mosquetas.com\/de\/wp-json\/wp\/v2\/media\/2752"}],"wp:attachment":[{"href":"https:\/\/www.mosquetas.com\/de\/wp-json\/wp\/v2\/media?parent=2383"}],"wp:term":[{"taxonomy":"product_brand","embeddable":true,"href":"https:\/\/www.mosquetas.com\/de\/wp-json\/wp\/v2\/product_brand?post=2383"},{"taxonomy":"product_cat","embeddable":true,"href":"https:\/\/www.mosquetas.com\/de\/wp-json\/wp\/v2\/product_cat?post=2383"},{"taxonomy":"product_tag","embeddable":true,"href":"https:\/\/www.mosquetas.com\/de\/wp-json\/wp\/v2\/product_tag?post=2383"}],"curies":[{"name":"wp","href":"https:\/\/api.w.org\/{rel}","templated":true}]}}