{"id":2368,"date":"2018-04-10T15:16:59","date_gmt":"2018-04-10T13:16:59","guid":{"rendered":"https:\/\/www.mosquetas.com\/prodotto\/elicrisia-sensity-night-bio-2\/"},"modified":"2024-09-26T14:42:10","modified_gmt":"2024-09-26T12:42:10","slug":"elicrisia-sensity-night-bio-2","status":"publish","type":"product","link":"https:\/\/www.mosquetas.com\/de\/pr\/elicrisia-sensity-night-bio-2\/","title":{"rendered":"ELICRISIA\u00ae SENSITY NIGHT\u2013 BIO"},"content":{"rendered":"<p>Eine Nachtcreme, die auch die trockensten und zartesten Hautstellen tiefschichtig n\u00e4hrt und dank des innovativen Pflanzenkomplexes (bestehend aus Wildrosen\u00f6l*, Hagebuttenextrakt * und Himbeersamenextrakt) eine beruhigende, antioxidierende Wirkung mit Anti-Aging-Effekt aus\u00fcbt.<br \/>\nOnagra*, Jojoba*, Avocado* und Shea* \u00d6le bek\u00e4mpfen trockene Haut und verleihen ihr mehr Elastizit\u00e4t, w\u00e4hrend Helichrysum*, Schwarze Johannisbeere* und der Extrakt aus der in den Anden beheimateten Maca-Wurzel* eine beruhigende und regenerierende Wirkung aus\u00fcben. Hyalurons\u00e4ure verst\u00e4rkt die feuchtigkeitsspendende Wirkung und beugt der Hautalterung vor.<\/p>\n<p>50ml<\/p>\n<p>*aus biologischem Anbau<\/p>\n","protected":false},"excerpt":{"rendered":"<p>Eine Nachtcreme, die auch die trockensten und zartesten Hautstellen tiefschichtig n\u00e4hrt<\/p>\n","protected":false},"featured_media":2631,"template":"","meta":[],"product_brand":[],"product_cat":[384,246],"product_tag":[],"class_list":{"0":"post-2368","1":"product","2":"type-product","3":"status-publish","4":"has-post-thumbnail","6":"product_cat-cremes-gesight-2","7":"product_cat-elicrisia-linie","9":"first","10":"instock","11":"taxable","12":"shipping-taxable","13":"purchasable","14":"product-type-simple"},"_links":{"self":[{"href":"https:\/\/www.mosquetas.com\/de\/wp-json\/wp\/v2\/product\/2368","targetHints":{"allow":["GET"]}}],"collection":[{"href":"https:\/\/www.mosquetas.com\/de\/wp-json\/wp\/v2\/product"}],"about":[{"href":"https:\/\/www.mosquetas.com\/de\/wp-json\/wp\/v2\/types\/product"}],"wp:featuredmedia":[{"embeddable":true,"href":"https:\/\/www.mosquetas.com\/de\/wp-json\/wp\/v2\/media\/2631"}],"wp:attachment":[{"href":"https:\/\/www.mosquetas.com\/de\/wp-json\/wp\/v2\/media?parent=2368"}],"wp:term":[{"taxonomy":"product_brand","embeddable":true,"href":"https:\/\/www.mosquetas.com\/de\/wp-json\/wp\/v2\/product_brand?post=2368"},{"taxonomy":"product_cat","embeddable":true,"href":"https:\/\/www.mosquetas.com\/de\/wp-json\/wp\/v2\/product_cat?post=2368"},{"taxonomy":"product_tag","embeddable":true,"href":"https:\/\/www.mosquetas.com\/de\/wp-json\/wp\/v2\/product_tag?post=2368"}],"curies":[{"name":"wp","href":"https:\/\/api.w.org\/{rel}","templated":true}]}}