{"id":10925,"date":"2024-12-05T09:41:08","date_gmt":"2024-12-05T08:41:08","guid":{"rendered":"https:\/\/www.mosquetas.com\/?post_type=product&#038;p=10925"},"modified":"2024-12-05T10:42:51","modified_gmt":"2024-12-05T09:42:51","slug":"braunes-set-mascara-mit-mosqueta-rose-kajal-mit-mosqueta-rose-bio","status":"publish","type":"product","link":"https:\/\/www.mosquetas.com\/de\/pr\/braunes-set-mascara-mit-mosqueta-rose-kajal-mit-mosqueta-rose-bio\/","title":{"rendered":"BRAUNES SET: MASCARA MIT MOSQUETA ROSE + KAJAL MIT MOSQUETA ROSE &#8211; BIO"},"content":{"rendered":"<h3>BRAUNES SET: MASCARA MIT MOSQUETA ROSE + KAJAL MIT MOSQUETA ROSE &#8211; BIO<\/h3>\n<p><strong>MASCARA MIT MOSQUETA ROSE \u2013 BIO<\/strong><\/p>\n<p>Die Formel auf der Basis von Bienenwachs, Wildrosen\u00f6l*, Mandel\u00f6l* und Karit\u00e9-Butter verleiht dem Mascara von Mosqueta\u2019s eine cremige Textur, die jede Wimper von der Wurzel bis zur Spitze \u00fcberzieht. Die Weizenst\u00e4rke komplettiert die Formel, um mehr Volumen und Dichte zu verleihen. Dank der Synergie dieser Komponenten werden die Wimpern perfekt definiert, verl\u00e4ngert, vereinzelt und gesch\u00fctzt.<\/p>\n<p>8 ml<\/p>\n<p><strong>KAJAL MIT MOSQUETA ROSE &#8211; BIO<\/strong><\/p>\n<p>Ein besonders weicher Stift f\u00fcr einen d\u00fcnnen und pr\u00e4zisen Strich, f\u00fcr ein effektvolles Make-up ohne Verwischungen. Leicht aufzutragen, um auch den Augenwinkel fein zu schattieren.<\/p>\n<p>Die Formel mit Wildrosen\u00f6l*, Jojoba\u00f6l*, Karit\u00e9-Butter*, in Verbindung mit den pflanzlichen Wachsen, garantiert optimalen Halt und perfekte Toleranz.<\/p>\n<p>1,14 g<\/p>\n<p>*aus biologischem Anbau<\/p>\n","protected":false},"excerpt":{"rendered":"<p>BRAUNES SET: MASCARA MIT MOSQUETA ROSE + KAJAL MIT MOSQUETA ROSE &#8211; BIO MASCARA MIT MOSQUETA ROSE \u2013 BIO Die Formel auf der Basis von Bienenwachs, Wildrosen\u00f6l*, Mandel\u00f6l* und Karit\u00e9-Butter verleiht dem Mascara von Mosqueta\u2019s eine cremige Textur, die jede Wimper von der Wurzel bis zur Spitze \u00fcberzieht. Die Weizenst\u00e4rke komplettiert die Formel, um mehr Volumen und Dichte zu verleihen. Dank der Synergie dieser Komponenten werden die Wimpern perfekt definiert, verl\u00e4ngert, vereinzelt und gesch\u00fctzt. 8 ml KAJAL MIT MOSQUETA ROSE &#8211; BIO Ein besonders weicher Stift f\u00fcr einen d\u00fcnnen und pr\u00e4zisen Strich, f\u00fcr ein effektvolles Make-up ohne Verwischungen. Leicht aufzutragen, um auch den Augenwinkel fein zu schattieren. Die Formel mit Wildrosen\u00f6l*, Jojoba\u00f6l*, Karit\u00e9-Butter*, in Verbindung mit den pflanzlichen Wachsen, garantiert optimalen Halt und perfekte Toleranz. 1,14 g *aus biologischem Anbau<\/p>\n","protected":false},"featured_media":10909,"template":"","meta":[],"product_brand":[],"product_cat":[259,415],"product_tag":[],"class_list":{"0":"post-10925","1":"product","2":"type-product","3":"status-publish","4":"has-post-thumbnail","6":"product_cat-make-up","7":"product_cat-werbeaktionen","9":"first","10":"instock","11":"taxable","12":"shipping-taxable","13":"purchasable","14":"product-type-simple"},"_links":{"self":[{"href":"https:\/\/www.mosquetas.com\/de\/wp-json\/wp\/v2\/product\/10925","targetHints":{"allow":["GET"]}}],"collection":[{"href":"https:\/\/www.mosquetas.com\/de\/wp-json\/wp\/v2\/product"}],"about":[{"href":"https:\/\/www.mosquetas.com\/de\/wp-json\/wp\/v2\/types\/product"}],"wp:featuredmedia":[{"embeddable":true,"href":"https:\/\/www.mosquetas.com\/de\/wp-json\/wp\/v2\/media\/10909"}],"wp:attachment":[{"href":"https:\/\/www.mosquetas.com\/de\/wp-json\/wp\/v2\/media?parent=10925"}],"wp:term":[{"taxonomy":"product_brand","embeddable":true,"href":"https:\/\/www.mosquetas.com\/de\/wp-json\/wp\/v2\/product_brand?post=10925"},{"taxonomy":"product_cat","embeddable":true,"href":"https:\/\/www.mosquetas.com\/de\/wp-json\/wp\/v2\/product_cat?post=10925"},{"taxonomy":"product_tag","embeddable":true,"href":"https:\/\/www.mosquetas.com\/de\/wp-json\/wp\/v2\/product_tag?post=10925"}],"curies":[{"name":"wp","href":"https:\/\/api.w.org\/{rel}","templated":true}]}}