{"id":6220,"date":"2023-08-28T15:20:30","date_gmt":"2023-08-28T13:20:30","guid":{"rendered":"https:\/\/www.mosquetas.com\/?page_id=6220"},"modified":"2023-09-06T11:15:25","modified_gmt":"2023-09-06T09:15:25","slug":"cookie-policy","status":"publish","type":"page","link":"https:\/\/www.mosquetas.com\/de\/cookie-policy\/","title":{"rendered":"Cookie Policy"},"content":{"rendered":"\t\t<div data-elementor-type=\"wp-page\" data-elementor-id=\"6220\" class=\"elementor elementor-6220 elementor-6218\">\n\t\t\t\t\t\t<section class=\"elementor-section elementor-top-section elementor-element elementor-element-16b188bc elementor-section-boxed elementor-section-height-default elementor-section-height-default wpr-particle-no wpr-jarallax-no wpr-parallax-no wpr-sticky-section-no wpr-equal-height-no\" data-id=\"16b188bc\" data-element_type=\"section\" data-e-type=\"section\">\n\t\t\t\t\t\t<div class=\"elementor-container elementor-column-gap-default\">\n\t\t\t\t\t<div class=\"elementor-column elementor-col-100 elementor-top-column elementor-element elementor-element-3af3000a\" data-id=\"3af3000a\" data-element_type=\"column\" data-e-type=\"column\">\n\t\t\t<div class=\"elementor-widget-wrap elementor-element-populated\">\n\t\t\t\t\t\t<div class=\"elementor-element elementor-element-5323c8cc elementor-widget elementor-widget-text-editor\" data-id=\"5323c8cc\" data-element_type=\"widget\" data-e-type=\"widget\" data-widget_type=\"text-editor.default\">\n\t\t\t\t<div class=\"elementor-widget-container\">\n\t\t\t\t\t\t\t\t\t<!--googleoff: all-->\n<p><strong>Hinweis zur Verwendung von Cookies und \u00e4hnlichen Tracking\u2011Technologien<\/strong><br>\n<\/p>\n\n\n<p><strong>1. Einleitung und rechtliche Hinweise<\/strong><br>\nDieser Hinweis erl\u00e4utert die wichtigsten Informationen zur Verarbeitung personenbezogener Daten und zur Nutzung von Cookies auf dieser Website.<br>\nEr richtet sich an alle, die diese Website aufrufen oder nutzen, und beschreibt, wie personenbezogene Daten der Nutzer mittels Cookies und \u00e4hnlicher Technologien erhoben, verwendet und gesch\u00fctzt werden, sowie die gesetzlich gew\u00e4hrten Rechte.<br>\nDiese Bestimmungen gelten nicht f\u00fcr andere Websites, Seiten oder Online\u2011Dienste, die \u00fcber externe Links von dieser Website aus erreichbar sind; bitte beachten Sie die jeweiligen Datenschutzhinweise.<br>\nDieser Hinweis erfolgt in \u00dcbereinstimmung mit den wichtigsten nationalen und internationalen Datenschutzvorschriften, darunter:\n<\/p>\n<ul>\n<li class=\"map_gdpr_text\">Verordnung (EU) 2016\/679 (DSGVO)<\/li>\n\n\n\n\n\n\n\n\n\n\n\n\n\n\n\n\n\n\n\n\n\n\n\n\n<li>Weitere gegebenenfalls anwendbare Vorschriften.<\/li>\n<\/ul>\n\n\n<p><strong>2. Wer verarbeitet Ihre Daten und wie k\u00f6nnen Sie uns kontaktieren?<\/strong><br>\nIhre personenbezogenen Daten werden verarbeitet von:<br>\n<span class=\"map_identity_name\">Italy: ITALCHILE s.r.l. | Swiss: SOGITAS SAGL<br><\/span>\n<span class=\"map_identity_address\">Italy: Via Giordani 43\/B &#8211; 21100 Varese (Italy) | Swiss: VIA BRESCE 16 A \u2013 6854 S.PIETRO DI STABIO<br><\/span>\n<span class=\"map_identity_email\">Italy: info@italchile.it | Swiss: sogitassagl@bluewin.ch<br><\/span>\n<span class=\"map_identity_vat_id\">VAT ID: Italy: 09773290151 | Swiss: CHE 454 113 328<\/span><\/p>\n<p class=\"map_dpo_text\">F\u00fcr Ausk\u00fcnfte zur Verarbeitung personenbezogener Daten oder zur Aus\u00fcbung Ihrer gesetzlichen Rechte k\u00f6nnen sich Betroffene an den vom Verantwortlichen bestellten Datenschutzbeauftragten (DPO) wenden.<\/p>\n<p class=\"map_dpo_other_text\">\nDer DPO ist unter folgenden Kontaktdaten erreichbar:<br>\n<span class=\"map_dpo_email\">E\u2011Mail: Italy: info@italchile.it | Swiss: sogitassagl@bluewin.ch<br><\/span>\n<span class=\"map_dpo_name\">Name: Italy: ITALCHILE s.r.l. | Swiss: SOGITAS SAGL<br><\/span>\n<span class=\"map_dpo_address\">Adresse: Italy: Via Giordani 43\/B &#8211; 21100 Varese (Italy) | Swiss: VIA BRESCE 16 A \u2013 6854 S.PIETRO DI STABIO<\/span>\n<\/p>\n<p class=\"map_dpo_text\">\nDer DPO fungiert als Ansprechpartner f\u00fcr Datenschutzfragen, gew\u00e4hrleistet die Einhaltung der geltenden gesetzlichen Bestimmungen und unterst\u00fctzt Nutzer sowie Aufsichtsbeh\u00f6rden.\n<\/p>\n\n\n\n<p><strong>3. Welche Daten erheben wir, wenn Sie die Website besuchen?<\/strong><br>\nW\u00e4hrend Sie diese Website besuchen, k\u00f6nnen wir \u00fcber Cookies, \u00e4hnliche Tools und Tracking-Technologien bestimmte Informationen erfassen. Die wichtigsten Arten von Daten, die aufgezeichnet werden k\u00f6nnen, umfassen:<\/p>\n<ul>\n<li><strong>Technische und Navigationsinformationen:<\/strong> IP\u2011Adresse, Kennungen des verwendeten Ger\u00e4ts, Informationen zum Browser und Betriebssystem, Datum und Uhrzeit der Zugriffe, besuchte Seiten, technische Befehle zur korrekten Anzeige von Inhalten, Systemfehler.<\/li>\n<li><strong>Nutzerpr\u00e4ferenzen:<\/strong> Entscheidungen zu Cookies und Datenschutzeinstellungen, erhoben \u00fcber Panels, Banner oder \u00e4hnliche Tools.<\/li>\n<li><strong>Aggregierte und anonyme Statistiken:<\/strong> Informationen zur Bewertung und Verbesserung der Funktionsweise der Website, z. B. Besuchsh\u00e4ufigkeit oder meist besuchte Bereiche.<\/li>\n<li><strong>Interaktionen mit externen Diensten oder sozialen Netzwerken:<\/strong> technische Daten, die beim Interagieren mit Social\u2011Plugins, externen Diensten oder Drittanbieter\u2011Tools, die in die Website integriert sind, geteilt werden \u2013 stets gem\u00e4\u00df den Regeln der jeweiligen Anbieter.<\/li>\n<\/ul>\n<p>\nDetails zur Verarbeitung von Daten, die \u00fcber Kontaktformulare, Serviceanfragen oder andere Funktionen \u00fcbermittelt werden, entnehmen Sie bitte unserer Datenschutzerkl\u00e4rung.<\/p>\n\n\n<p><strong>4. Welche Arten von Cookies (und \u00e4hnlichen Tools) gibt es?<\/strong><br>\nUm Ihnen ein besseres Nutzungserlebnis zu bieten, k\u00f6nnen wir verschiedene Kategorien von Cookies und \u00e4hnlichen Technologien einsetzen (Web Beacons, Local Storage und gleichwertige Technologien):\n<\/p>\n<ul>\n<li><strong>Unbedingt erforderliche Cookies:<\/strong> f\u00fcr die technische Funktionsf\u00e4higkeit der Website unerl\u00e4sslich; sie erm\u00f6glichen z. B. den Zugriff auf gesch\u00fctzte Bereiche, die Sitzungsverwaltung oder das Merken unverzichtbarer Pr\u00e4ferenzen.<\/li>\n<li><strong>Cookies f\u00fcr Pr\u00e4ferenzen und Personalisierung:<\/strong> speichern Anzeigeeinstellungen wie Sprache, Schriftgr\u00f6\u00dfe oder Darstellungsmodus, um eine an Ihre Vorlieben angepasste Interaktion zu erm\u00f6glichen.<\/li>\n<li><strong>Analyse\u2011 und Performance\u2011Cookies:<\/strong> helfen uns, die Nutzung der Website besser zu verstehen, indem sie anonymisierte und aggregierte Daten zu Traffic, meistbesuchten Seiten, Besuchsdauer und beliebten Funktionen erheben.<\/li>\n<li><strong>Cookies f\u00fcr werbliche oder Promotion\u2011Zwecke:<\/strong> werden verwendet, um personalisierte Marketinginhalte bereitzustellen und die Wirksamkeit von Werbekampagnen zu messen.<\/li>\n<li><strong>Externe Komponenten und Dienste:<\/strong> bei Interaktionen mit Social\u2011Plugins, Analytics\u2011Tools oder Drittplattformen k\u00f6nnen Cookies oder vergleichbare Systeme installiert werden, die direkt von externen Anbietern verwaltet werden.<\/li>\n<\/ul>\n\n\n<p><strong>5. Wie k\u00f6nnen Sie der Verwendung von Cookies zustimmen oder sie ablehnen?<\/strong><br>\n<strong class=\"map_any_gdpr_like_text\">A. Jurisdiktionen <span class=\"map_gdpr_text\">EU\/<\/span> &amp; DSGVO\u2011\u00e4hnliche L\u00e4nder:<\/strong><\/p>\n<ul class=\"map_any_gdpr_like_text\">\n<li>Die Nutzung von nicht unbedingt erforderlichen Cookies und \u00e4hnlichen Technologien erfordert die <strong>vorherige, freiwillige und spezifische Einwilligung<\/strong> des Nutzers, die \u00fcber eine entsprechende Cookie\u2011Banner\u2011L\u00f6sung eingeholt wird.<\/li>\n<li>Der Nutzer kann seine Pr\u00e4ferenzen jederzeit verwalten und \u00e4ndern, eine erteilte Einwilligung widerrufen und die Funktion \u201eCookie\u2011Einstellungen verwalten\u201c aufrufen.<\/li>\n<\/ul>\n\n<ul>\n<li>\nDer Nutzer hat das Recht, der Erhebung, dem Verkauf und der Weitergabe personenbezogener Daten an Dritte f\u00fcr Marketing\u2011, verhaltensbezogene Werbe\u2011 und Profiling\u2011Zwecke zu widersprechen (Opt\u2011out).\n<\/li>\n<\/ul>\n<p><strong>C. Operative Details:<\/strong><br>\nBeim ersten Zugriff auf die Website wird ein Banner angezeigt, \u00fcber das Sie Pr\u00e4ferenzen zu Cookies und Tracking\u2011Tools verwalten k\u00f6nnen.<br>\n\u00dcber das Banner kann der Nutzer:\n<\/p>\n<ul>\n<li><strong>Alle Cookies akzeptieren:<\/strong> durch Klick auf die entsprechende Schaltfl\u00e4che werden alle nicht essenziellen Cookies aktiviert.<\/li>\n<li><strong>Einstellungen anpassen:<\/strong> es ist m\u00f6glich, im Detail auszuw\u00e4hlen, welche Cookies zugelassen und welche deaktiviert bleiben.<\/li>\n<li><strong>Optionale Cookies ablehnen:<\/strong> durch Anklicken der Ablehnen\u2011Schaltfl\u00e4che oder Schlie\u00dfen des Banners ohne Einwilligung werden ausschlie\u00dflich die f\u00fcr den Betrieb der Website erforderlichen technischen Cookies aktiviert.<\/li>\n<\/ul>\n<p>\nDie \u00fcber das Banner gew\u00e4hlten Pr\u00e4ferenzen werden 180 Tage lang mittels eines technischen Cookies gespeichert. Beim Zugriff \u00fcber ein anderes Ger\u00e4t oder einen anderen Browser m\u00fcssen die Pr\u00e4ferenzen neu konfiguriert werden.<br>\nDer Nutzer kann die getroffenen Entscheidungen jederzeit \u00fcber die entsprechende Funktion \u00e4ndern, die anhand des Symbols bzw. Links zur Einwilligungsverwaltung erkennbar ist.\n<\/p>\n\n\n<p><strong>6. Auf welcher Rechtsgrundlage verarbeiten wir Daten, die \u00fcber Cookies und \u00e4hnliche Technologien erhoben werden?<\/strong><br>\nDie Verarbeitung der \u00fcber Cookies und Tracking\u2011Tools erhobenen Daten st\u00fctzt sich auf verschiedene Rechtsgrundlagen, die je nach Art des Tools und der anwendbaren Vorschriften variieren:<\/p>\n<ol style=\"list-style-type: lower-alpha;\" type=\"A\">\n<li><strong>Erbringung einer Dienstleistung\/vorvertragliche Ma\u00dfnahmen<\/strong>, die der Nutzer \u00fcber die bereitgestellten Kontaktformulare angefordert hat<\/li>\n<li><strong>Erf\u00fcllung gesetzlicher, regulatorischer oder normativer Pflichten<\/strong><\/li>\n\n<\/ol>\n<p>Eine weitere Rechtsgrundlage, das <strong>berechtigte Interesse des Verantwortlichen<\/strong>, kann f\u00fcr spezifische Zwecke verwendet werden (z. B. Gew\u00e4hrleistung der IT\u2011Sicherheit, Betrugspr\u00e4vention, Wahrung der Rechte des Verantwortlichen vor Gericht).<\/p>\n\n\n\n\n<p>Die Ablehnung oder der Widerruf der Einwilligung in die Nutzung bestimmter Cookies kann den Zugang zu einigen personalisierten Funktionen der Website einschr\u00e4nken.<\/p>\n\n\n<p><strong>7. Wie werden Ihre Daten gesch\u00fctzt?<\/strong><br>\nDie \u00fcber diese Website erhobenen personenbezogenen Daten werden \u00fcberwiegend mit elektronischen und digitalen Hilfsmitteln gem\u00e4\u00df den Grunds\u00e4tzen der Rechtm\u00e4\u00dfigkeit, Fairness, Datenminimierung, Integrit\u00e4t und Vertraulichkeit verarbeitet.<\/p>\n\n\n\n\n<p><strong>8. Wohin k\u00f6nnen Ihre Daten \u00fcbertragen werden?<\/strong><br>\nDie \u00fcber diese Website erhobenen personenbezogenen Daten k\u00f6nnen \u2014 zu den angegebenen Zwecken \u2014 in die folgenden L\u00e4nder verarbeitet und \u00fcbertragen werden:<br>\n<ul>\n<li>in L\u00e4nder des Europ\u00e4ischen Wirtschaftsraums (EWR), in die Schweiz oder in andere L\u00e4nder, die von den zust\u00e4ndigen Beh\u00f6rden als \u201eangemessen\u201c im Hinblick auf das gesetzlich geforderte Schutzniveau anerkannt sind;\n<\/li>\n\n<\/ul>\n\n\n<p><strong>Aktualisierte Liste &quot;angemessener&quot; L\u00e4nder<\/strong>:<\/p>\n<ul>\n<li><a href=\"https:\/\/ec.europa.eu\/info\/law\/law-topic\/data-protection\/international-dimension-data-protection\/adequacy-decisions_en\" rel=\"nofollow noopener\" target=\"_blank\">EU<\/a><\/li>\n<li><a href=\"https:\/\/www.edoeb.admin.ch\/en\/adequacy\" rel=\"nofollow noopener\" target=\"_blank\">Schweiz<\/a><\/li>\n<\/ul>\n\n\n<p><strong>9. Wer kann Ihre Daten erhalten?<\/strong><br>\nZugriff auf die \u00fcber Cookies, Tracking\u2011Tools und \u00e4hnliche Technologien erhobenen personenbezogenen Daten haben:<\/p>\n<ul>\n<li>vom Verantwortlichen ausdr\u00fccklich autorisiertes und speziell geschultes Personal;<\/li>\n<li>Unternehmen oder Berater, die uns technische Unterst\u00fctzung, Sicherheit, Wartung oder Analysedienste bereitstellen und als Auftragsverarbeiter benannt sind;<\/li>\n<li>Anbieter externer Plattformen, Software oder Drittanbieterdienste, jeweils nur im Rahmen der angegebenen Zwecke und einer ggf. erteilten Einwilligung.<\/li>\n<\/ul>\n<p>Die detaillierte und aktualisierte Liste unserer Dienstleister ist auf Anfrage erh\u00e4ltlich.<\/p>\n\n\n<p><strong>10. Detaillierte Liste der Cookies<\/strong><\/p>\n<p><b>Google Tag Manager<\/b><br><p>Google Tag Manager ist ein von Google Ireland Limited bereitgestellter Dienst zur Verwaltung von Tags.Die gesendeten Daten werden zum Zweck der Personalisierung der Erfahrung und zur statistischen Verfolgung gesammelt. Weitere Informationen finden Sie auf der Seite <a href=\"https:\/\/business.safety.google\/privacy\" rel=\"nofollow noopener\" target=\"_blank\">&#8222;Weitere Informationen zur Verarbeitung pers&ouml;nlicher Daten durch Google&#8220;<\/a>.<\/p><p>Verarbeitungsort: Irland &#8211; <a target=\"_blank\" href=\"https:\/\/business.safety.google\/privacy\/\" rel=\"nofollow noopener\">Datenschutzerkl\u00e4rung<\/a><\/p><\/p><p><b>Stripe<\/b><br><p>Stripe ist ein Zahlungsdienst von Stripe Technology Europe Ltd.<\/p><p>Verarbeitungsort: Irland &#8211; <a target=\"_blank\" href=\"https:\/\/stripe.com\/ie\/privacy\" rel=\"nofollow noopener\">Datenschutzerkl\u00e4rung<\/a><\/p><\/p><p><b>Google Analytics<\/b><br><p>Google Analytics ist ein Webanalyse-Dienst, bereitgestellt von Google Ireland Limited (&#8222;Google&#8220;). Google verwendet die gesammelten personenbezogenen Daten, um die Nutzung dieser Website zu verfolgen und zu untersuchen, Berichte &uuml;ber ihre Aktivit&auml;ten zu erstellen und sie mit anderen von Google entwickelten Diensten zu teilen. Google kann Ihre personenbezogenen Daten verwenden, um Anzeigen seines Werbenetzwerks zu kontextualisieren und zu personalisieren. Diese Integration von Google Analytics anonymisiert Ihre IP-Adresse.&nbsp;Die &uuml;bermittelten Daten werden zum Zweck der Personalisierung des Nutzungserlebnisses und der statistischen Auswertung erhoben. Weitere Informationen finden Sie auf der Seite &#8222;<a href=\"https:\/\/business.safety.google\/privacy\" rel=\"nofollow noopener\" target=\"_blank\">Weitere Informationen zur Verwaltung personenbezogener Daten durch Google<\/a>&#8222;.<\/p><p>Verarbeitungsort: Irland &#8211; <a target=\"_blank\" href=\"https:\/\/business.safety.google\/privacy\/\" rel=\"nofollow noopener\">Datenschutzerkl\u00e4rung<\/a><\/p><\/p><p><b>Google Ads conversion tracking<\/b><br><p>Conversion-Tracking von Ads ist ein Analysedienst von Google Ireland Limited, der die Daten vom Google Ads-Werbenetzwerk mit den durch diese Website get&auml;tigten Aktionen verbindet.<\/p><p>Verarbeitungsort: Irland &#8211; <a target=\"_blank\" href=\"https:\/\/www.google.com\/intl\/en\/policies\/privacy\/\" rel=\"nofollow noopener\">Datenschutzerkl\u00e4rung<\/a><\/p><\/p><p><b>Google Fonts<\/b><br><p>Google Fonts ist ein von Google Ireland Limited betriebener Dienst zur Darstellung von Schriftarten und dient der Einbindung solcher Inhalte in die Seiten.<\/p><p>Verarbeitungsort: Irland &#8211; <a target=\"_blank\" href=\"https:\/\/policies.google.com\/privacy\" rel=\"nofollow noopener\">Datenschutzerkl\u00e4rung<\/a><\/p><\/p><p><b>Gravatar<\/b><br><p>Gravatar ist ein von Automattic Inc. bereitgestellter Visualisierungsservice f&uuml;r Bilder, mit dem diese Website entsprechende Inhalte auf ihren Seiten einbinden kann.<\/p><p>Verarbeitungsort: Vereinigte Staaten &#8211; <a target=\"_blank\" href=\"https:\/\/automattic.com\/privacy\/\" rel=\"nofollow noopener\">Datenschutzerkl\u00e4rung<\/a><\/p><\/p><p><b>PayPal<\/b><br><p>Die Schaltfl&auml;che und Widgets f&uuml;r PayPal sind Dienste f&uuml;r die Interaktion mit dem PayPal-Netzwerk von PayPal Inc.<\/p><p><a target=\"_blank\" href=\"https:\/\/www.paypal.com\/webapps\/mpp\/ua\/privacy-full\" rel=\"nofollow noopener\">Datenschutzerkl\u00e4rung<\/a><\/p><\/p>\n\n\n<p><strong>11. Wie lange bewahren wir die Daten und Ihre Pr\u00e4ferenzen auf?<\/strong><\/p>\n<p>Die \u00fcber das Banner oder die Einwilligungsverwaltung ge\u00e4u\u00dferten Pr\u00e4ferenzen zur Nutzung von Cookies und Tracking\u2011Technologien werden 180 Tage lang gespeichert.<\/p>\n<p>Bez\u00fcglich Aufbewahrung, Dauer und L\u00f6schungsverfahren f\u00fcr andere als die genannten Daten beachten Sie bitte die spezifischen Bestimmungen in der auf dieser Website verf\u00fcgbaren Richtlinie zu personenbezogenen Daten.<\/p>\n\n\n<p><strong>12. Welche Rechte haben Sie in Bezug auf die erhobenen Daten?<\/strong><br>\nDer Nutzer hat gem\u00e4\u00df der geltenden Rechtslage das Recht:<\/p>\n<ul>\n<li>Berichtigung, Aktualisierung oder L\u00f6schung unrichtiger oder nicht mehr erforderlicher Daten zu verlangen (Recht auf Berichtigung und L\u00f6schung).<\/li>\n<li>Best\u00e4tigung dar\u00fcber zu erhalten, ob ihn betreffende personenbezogene Daten verarbeitet werden, und gegebenenfalls Zugang zu diesen Daten und den entsprechenden Informationen zu erhalten (Auskunftsrecht).<\/li>\n<li>Daten\u00fcbertragbarkeit in einem strukturierten und interoperablen Format zu verlangen (sofern technisch machbar).<\/li>\n<li>Die Einschr\u00e4nkung der Verarbeitung zu verlangen oder der Verarbeitung zu widersprechen, auch zu Zwecken der Werbung\/Profilbildung, sofern vorgesehen.<\/li>\n<li class=\"map_any_gdpr_like_text\">Eine erteilte Einwilligung in die Nutzung nicht technischer Cookies und in die Verarbeitung von mittels Tracking\u2011Tools erhobenen Daten zu widerrufen.<\/li>\n\n<li>Unregelm\u00e4\u00dfigkeiten oder Missbrauch den zust\u00e4ndigen Aufsichtsbeh\u00f6rden zu melden.<\/li>\n<\/ul>\n\n\n\n<p>Zur Aus\u00fcbung dieser Rechte gen\u00fcgt eine Anfrage an die Kontaktdaten des Verantwortlichen. Die Antwort erfolgt innerhalb der in den jeweils anwendbaren lokalen Vorschriften vorgesehenen Fristen.<\/p>\n\n\n<p><strong>Cookies l\u00f6schen<\/strong><\/p>\n<p>\n  Jeder Browser stellt unterschiedliche Verfahren zur Verf\u00fcgung, um die Verwendung von Cookies zu verhindern oder sie zu entfernen.\n  In den Einstellungen Ihres Browsers k\u00f6nnen Sie diese blockieren und\/oder l\u00f6schen.\n  Nachfolgend finden Sie Links zu den offiziellen Anleitungen der wichtigsten Browser zur Verwaltung und L\u00f6schung von Cookies:\n<\/p>\n<ul>\n  <li><a href=\"https:\/\/support.google.com\/accounts\/answer\/32050\" rel=\"nofollow noopener\" target=\"_blank\">Anleitung f\u00fcr Google Chrome<\/a><\/li>\n  <li><a href=\"https:\/\/support.apple.com\/en-in\/guide\/safari\/sfri11471\/mac\" rel=\"nofollow noopener\" target=\"_blank\">Anleitung f\u00fcr Safari<\/a><\/li>\n  <li><a href=\"https:\/\/support.mozilla.org\/en-US\/kb\/clear-cookies-and-site-data-firefox?redirectslug=delete-cookies-remove-info-websites-stored&#038;redirectlocale=en-US\" rel=\"nofollow noopener\" target=\"_blank\">Anleitung f\u00fcr Mozilla Firefox<\/a><\/li>\n  <li><a href=\"https:\/\/support.microsoft.com\/en-us\/topic\/how-to-delete-cookie-files-in-internet-explorer-bca9446f-d873-78de-77ba-d42645fa52fc\" rel=\"nofollow noopener\" target=\"_blank\">Anleitung f\u00fcr Internet Explorer<\/a><\/li>\n<\/ul>\n<p>\n  Wenn Sie einen anderen als die genannten Browser verwenden, konsultieren Sie bitte den Supportbereich der offiziellen Website\n  des jeweiligen Herstellers.\n<\/p>\n\n\n<p><strong>Wie informieren wir Sie \u00fcber \u00c4nderungen dieses Hinweises?<\/strong><br>\nDieser Hinweis wird regelm\u00e4\u00dfig aufgrund gesetzlicher \u00c4nderungen oder Anpassungen der \u00fcber die Website angebotenen Dienste \u00fcberpr\u00fcft. Wesentliche \u00c4nderungen werden auf dieser Seite bekannt gegeben.<br>\n<\/p>\n\n<!--googleon: all-->\t\t\t\t\t\t\t\t<\/div>\n\t\t\t\t<\/div>\n\t\t\t\t\t<\/div>\n\t\t<\/div>\n\t\t\t\t\t<\/div>\n\t\t<\/section>\n\t\t\t\t<\/div>\n\t\t","protected":false},"excerpt":{"rendered":"","protected":false},"author":3,"featured_media":0,"parent":0,"menu_order":0,"comment_status":"closed","ping_status":"closed","template":"","meta":{"footnotes":""},"class_list":["post-6220","page","type-page","status-publish","hentry"],"blocksy_meta":[],"_links":{"self":[{"href":"https:\/\/www.mosquetas.com\/de\/wp-json\/wp\/v2\/pages\/6220","targetHints":{"allow":["GET"]}}],"collection":[{"href":"https:\/\/www.mosquetas.com\/de\/wp-json\/wp\/v2\/pages"}],"about":[{"href":"https:\/\/www.mosquetas.com\/de\/wp-json\/wp\/v2\/types\/page"}],"author":[{"embeddable":true,"href":"https:\/\/www.mosquetas.com\/de\/wp-json\/wp\/v2\/users\/3"}],"replies":[{"embeddable":true,"href":"https:\/\/www.mosquetas.com\/de\/wp-json\/wp\/v2\/comments?post=6220"}],"version-history":[{"count":0,"href":"https:\/\/www.mosquetas.com\/de\/wp-json\/wp\/v2\/pages\/6220\/revisions"}],"wp:attachment":[{"href":"https:\/\/www.mosquetas.com\/de\/wp-json\/wp\/v2\/media?parent=6220"}],"curies":[{"name":"wp","href":"https:\/\/api.w.org\/{rel}","templated":true}]}}