{"id":5088,"date":"2019-06-13T15:56:03","date_gmt":"2019-06-13T13:56:03","guid":{"rendered":"https:\/\/www.mosquetas.com\/rosa-mosqueta-oil\/"},"modified":"2019-06-13T15:58:11","modified_gmt":"2019-06-13T13:58:11","slug":"rosa-mosqueta-oil","status":"publish","type":"page","link":"https:\/\/www.mosquetas.com\/de\/rosa-mosqueta-oil\/","title":{"rendered":"Rosa mosqueta oil"},"content":{"rendered":"<h2>Propriet\u00e0 dell\u2019olio di rosa mosqueta<\/h2>\n<p>Prendersi cura della propria pelle, significa anche saper conoscere i prodotti migliori da utilizzare: il rosa mosqueta oil \u00e8 senz\u2019altro uno dei must-have per la skincare.<\/p>\n<h2>Scopriamo di pi\u00f9 circa l\u2019olio ottenuto dalla rosa mosqueta<\/h2>\n<p>La cura della pelle ha un ruolo assai importante nella quotidianit\u00e0 di tante persone e, la scelta di prodotti naturali o comunque privi di sostanze nocive, a questo proposito ci consente di ottenere una cute bella e brillante. <strong>Utilizzare il mosqueta oil<\/strong>pu\u00f2 essere una mossa vincente! Il <a href=\"https:\/\/www.mosquetas.com\">pregiato rosa mosqueta oil<\/a>\u00a0si presenta come un olio che si ottiene direttamente dalla predetta rosa mosqueta &#8211; precisamente dai semi di questa pianta appartenente alla famiglia della rosa canina (tipica del Cile) &#8211; che ormai viene prescelto per la composizione di diversi prodotti cosmetici. La rosa balsamina viene spesso aggiunta nei rituali di bellezza, giacch\u00e9 permette di mantenere la pelle giovane: infatti, la si pu\u00f2 trovare tra gli ingredienti dei detergenti per viso, ma anche in creme e tonici per il corpo. I vantaggi derivanti dall\u2019utilizzo della mosqueta rose sono tanti per la pelle: all\u2019interno <strong>vi si trova la vitamina E <\/strong>che svolge un\u2019azione protettiva della cute, ma anche acidi grassi che offrono ulteriori benefici. L\u2019olio di rosa mosqueta &#8211; contraddistinto da un colore ambrato &#8211; \u00e8 perfetto per il trattamento del contorno occhi, delle labbra, per le scottature ed i danni derivanti dall\u2019esposizione al sole. Non dimentichiamo poi che, grazie al rosa moschata seed oil (da cui appunto si ottiene questo elisir), \u00e8 possibile idratare in profondit\u00e0 persino i capelli. Acquistando una crema di rosa mosqueta, piuttosto che un trattamento notte arricchito con rosa mosqueta oil, si pu\u00f2 coccolare la pelle in tanti modi differenti!<\/p>\n<h2>Perch\u00e9 \u00e8 importante utilizzare l\u2019olio di rosa mosqueta<\/h2>\n<p>L\u2019utilizzo costante del rosa mosqueta oil <strong>su pelle del viso, collo e zona del d\u00e9collet\u00e9 consente di mantenere la stessa elastica<\/strong>e, quindi, di attenuare le rughe di espressione. L\u2019olio di rosa, inoltre, ha anche altre propriet\u00e0 caratteristiche della famiglia della rosa canina: ad esempio, quella cicatrizzante. Questa \u00e8 resa possibile grazie al contenuto di retinolo, il quale velocizza la guarigione delle ferite. Non dimentichiamo, peraltro, che il mosqueta oil \u00e8 perfetto anche per tutte quelle <strong>pelli problematiche affette da segni di invecchiamento prematuro, smagliature, cheloidi e scottature. <\/strong>Quindi, la rosa rubiginosa (o mosqueta) contenuta nei prodotti di bellezza potr\u00e0 aiutarvi nella beauty routine, ritrovando cos\u00ec l\u2019aspetto impeccabile tanto desiderato. Ricordatevi, poi, che l\u2019olio di rosa mosqueta ha un prezzo variabile in funzione della qualit\u00e0 e della quantit\u00e0.<\/p>\n<h2>Chi pu\u00f2 utilizzare il mosqueta rose oil?<\/h2>\n<p>L\u2019utilizzo del rosa mosqueta oil <strong>non \u00e8 raccomandato ovviamente a coloro i quali soffrono di un\u2019allergia alla rosa mosqueta<\/strong>. Inoltre, noi di mosquetas.com non abbiamo alcun riscontro circa gli effetti derivanti dall\u2019utilizzo della mosqueta rose oil per trattare l\u2019acne: neppure dal punto di vista scientifico \u00e8 comprovato che possa ridurre questo problema, ma sembra che alcune persone abbiano tratto beneficio utilizzandolo per attenuare le imperfezioni dovute ai brufoli. Chi ha la pelle grassa, peraltro, non dovrebbe esagerare nell\u2019impiego di questo prodotto, poich\u00e9 un uso smodato potrebbe favorire un incremento dei punti neri ed altre impurit\u00e0. Vi ricordiamo anche che, di questa pianta, se ne fa uso pure in ambito fitoterapeutico per preparare un\u2019ottima tisana di rosa mosqueta!<\/p>\n","protected":false},"excerpt":{"rendered":"<p>Propriet\u00e0 dell\u2019olio di rosa mosqueta Prendersi cura della propria pelle, significa anche saper conoscere i prodotti migliori da utilizzare: il rosa mosqueta oil \u00e8 senz\u2019altro uno dei must-have per la skincare. Scopriamo di pi\u00f9 circa l\u2019olio ottenuto dalla rosa mosqueta La cura della pelle ha un ruolo assai importante nella quotidianit\u00e0 di tante persone e, la scelta di prodotti naturali o comunque privi di sostanze nocive, a questo proposito ci consente di ottenere una cute bella e brillante. Utilizzare il mosqueta oilpu\u00f2 essere una mossa vincente! Il pregiato rosa mosqueta oil\u00a0si presenta come un olio che si ottiene direttamente dalla predetta rosa mosqueta &#8211; precisamente dai semi di questa pianta appartenente alla famiglia della rosa canina (tipica del Cile) &#8211; che ormai viene prescelto per la composizione di diversi prodotti cosmetici. La rosa balsamina viene spesso aggiunta nei rituali di bellezza, giacch\u00e9 permette di mantenere la pelle giovane: infatti, la si pu\u00f2 trovare tra gli ingredienti dei detergenti per viso, ma anche in creme e tonici per il corpo. I vantaggi derivanti dall\u2019utilizzo della mosqueta rose sono tanti per la pelle: all\u2019interno vi si trova la vitamina E che svolge un\u2019azione protettiva della cute, ma anche acidi grassi che offrono ulteriori benefici. L\u2019olio di rosa mosqueta &#8211; contraddistinto da un colore ambrato &#8211; \u00e8 perfetto per il trattamento del contorno occhi, delle labbra, per le scottature ed i danni derivanti dall\u2019esposizione al sole. Non dimentichiamo poi che, grazie al rosa moschata seed oil (da cui appunto si ottiene questo elisir), \u00e8 possibile idratare in profondit\u00e0 persino i capelli. Acquistando una crema di rosa mosqueta, piuttosto che un trattamento notte arricchito con rosa mosqueta oil, si pu\u00f2 coccolare la pelle in tanti modi differenti! Perch\u00e9 \u00e8 importante utilizzare l\u2019olio di rosa mosqueta L\u2019utilizzo costante del rosa mosqueta oil su pelle del viso, collo e zona del d\u00e9collet\u00e9 consente di mantenere la stessa elasticae, quindi, di attenuare le rughe di espressione. L\u2019olio di rosa, inoltre, ha anche altre propriet\u00e0 caratteristiche della famiglia della rosa canina: ad esempio, quella cicatrizzante. Questa \u00e8 resa possibile grazie al contenuto di retinolo, il quale velocizza la guarigione delle ferite. Non dimentichiamo, peraltro, che il mosqueta oil \u00e8 perfetto anche per tutte quelle pelli problematiche affette da segni di invecchiamento prematuro, smagliature, cheloidi e scottature. Quindi, la rosa rubiginosa (o mosqueta) contenuta nei prodotti di bellezza potr\u00e0 aiutarvi nella beauty routine, ritrovando cos\u00ec l\u2019aspetto impeccabile tanto desiderato. Ricordatevi, poi, che l\u2019olio di rosa mosqueta ha un prezzo variabile in funzione della qualit\u00e0 e della quantit\u00e0. Chi pu\u00f2 utilizzare il mosqueta rose oil? L\u2019utilizzo del rosa mosqueta oil non \u00e8 raccomandato ovviamente a coloro i quali soffrono di un\u2019allergia alla rosa mosqueta. Inoltre, noi di mosquetas.com non abbiamo alcun riscontro circa gli effetti derivanti dall\u2019utilizzo della mosqueta rose oil per trattare l\u2019acne: neppure dal punto di vista scientifico \u00e8 comprovato che possa ridurre questo problema, ma sembra che alcune persone abbiano tratto beneficio utilizzandolo per attenuare le imperfezioni dovute ai brufoli. Chi ha la pelle grassa, peraltro, non dovrebbe esagerare nell\u2019impiego di questo prodotto, poich\u00e9 un uso smodato potrebbe favorire un incremento dei punti neri ed altre impurit\u00e0. Vi ricordiamo anche che, di questa pianta, se ne fa uso pure in ambito fitoterapeutico per preparare un\u2019ottima tisana di rosa mosqueta!<\/p>\n","protected":false},"author":1,"featured_media":0,"parent":0,"menu_order":0,"comment_status":"closed","ping_status":"closed","template":"","meta":{"footnotes":""},"class_list":["post-5088","page","type-page","status-publish","hentry"],"blocksy_meta":[],"_links":{"self":[{"href":"https:\/\/www.mosquetas.com\/de\/wp-json\/wp\/v2\/pages\/5088","targetHints":{"allow":["GET"]}}],"collection":[{"href":"https:\/\/www.mosquetas.com\/de\/wp-json\/wp\/v2\/pages"}],"about":[{"href":"https:\/\/www.mosquetas.com\/de\/wp-json\/wp\/v2\/types\/page"}],"author":[{"embeddable":true,"href":"https:\/\/www.mosquetas.com\/de\/wp-json\/wp\/v2\/users\/1"}],"replies":[{"embeddable":true,"href":"https:\/\/www.mosquetas.com\/de\/wp-json\/wp\/v2\/comments?post=5088"}],"version-history":[{"count":0,"href":"https:\/\/www.mosquetas.com\/de\/wp-json\/wp\/v2\/pages\/5088\/revisions"}],"wp:attachment":[{"href":"https:\/\/www.mosquetas.com\/de\/wp-json\/wp\/v2\/media?parent=5088"}],"curies":[{"name":"wp","href":"https:\/\/api.w.org\/{rel}","templated":true}]}}