{"id":4953,"date":"2019-10-28T08:02:16","date_gmt":"2019-10-28T07:02:16","guid":{"rendered":"https:\/\/www.mosquetas.com\/naturliche-aromaole-mit-einzigartigen-eigenschaften\/"},"modified":"2019-10-28T08:02:16","modified_gmt":"2019-10-28T07:02:16","slug":"naturliche-aromaole-mit-einzigartigen-eigenschaften","status":"publish","type":"page","link":"https:\/\/www.mosquetas.com\/de\/naturliche-aromaole-mit-einzigartigen-eigenschaften\/","title":{"rendered":"Nat\u00fcrliche Aroma\u00f6le mit einzigartigen Eigenschaften"},"content":{"rendered":"<div class=\"woocommerce columns-4 \"><ul class=\"products columns-4\" data-products=\"type-2\" data-hover=\"zoom-in\">\n<li class=\"product type-product post-2545 status-publish first instock product_cat-ole has-post-thumbnail taxable shipping-taxable purchasable product-type-simple\">\n\t<a href=\"https:\/\/www.mosquetas.com\/de\/pr\/rose-dor-mosqueta-rosenoel-italienische-strohblume-30ml-bio\/\" class=\"woocommerce-LoopProduct-link woocommerce-loop-product__link\"><img loading=\"lazy\" decoding=\"async\" width=\"600\" height=\"600\" src=\"https:\/\/www.mosquetas.com\/wp-content\/uploads\/2019\/09\/base-foto-1000x1000-ror-600x600.webp\" class=\"attachment-woocommerce_thumbnail size-woocommerce_thumbnail\" alt=\"Rose d\u2019Or \u2013 Mosqueta Rosen\u00f6l + Italienische Strohblume 30ml \u2013 Bio\" srcset=\"https:\/\/www.mosquetas.com\/wp-content\/uploads\/2019\/09\/base-foto-1000x1000-ror-600x600.webp 600w, https:\/\/www.mosquetas.com\/wp-content\/uploads\/2019\/09\/base-foto-1000x1000-ror-100x100.webp 100w, https:\/\/www.mosquetas.com\/wp-content\/uploads\/2019\/09\/base-foto-1000x1000-ror-300x300.webp 300w, https:\/\/www.mosquetas.com\/wp-content\/uploads\/2019\/09\/base-foto-1000x1000-ror-150x150.webp 150w, https:\/\/www.mosquetas.com\/wp-content\/uploads\/2019\/09\/base-foto-1000x1000-ror-768x768.webp 768w, https:\/\/www.mosquetas.com\/wp-content\/uploads\/2019\/09\/base-foto-1000x1000-ror.webp 1000w\" sizes=\"auto, (max-width: 600px) 100vw, 600px\" \/><h2 class=\"woocommerce-loop-product__title\">Rose d\u2019Or \u2013 Mosqueta Rosen\u00f6l + Italienische Strohblume 30ml \u2013 Bio<\/h2>\n\t<span class=\"price\"><span class=\"woocommerce-Price-amount amount\"><bdi><span class=\"woocommerce-Price-currencySymbol\">&euro;<\/span>33,40<\/bdi><\/span><\/span>\n<\/a><a href=\"\/de\/wp-json\/wp\/v2\/pages\/4953?add-to-cart=2545\" aria-describedby=\"woocommerce_loop_add_to_cart_link_describedby_2545\" data-quantity=\"1\" class=\"button product_type_simple add_to_cart_button ajax_add_to_cart\" data-product_id=\"2545\" data-product_sku=\"ROSOR\" aria-label=\"In den Warenkorb legen: \u201eRose d\u2019Or \u2013 Mosqueta Rosen\u00f6l + Italienische Strohblume 30ml \u2013 Bio\u201c\" rel=\"nofollow\" data-success_message=\"\u201eRose d\u2019Or \u2013 Mosqueta Rosen\u00f6l + Italienische Strohblume 30ml \u2013 Bio\u201c wurde deinem Warenkorb hinzugef\u00fcgt\" role=\"button\">In den Warenkorb<\/a>\t<span id=\"woocommerce_loop_add_to_cart_link_describedby_2545\" class=\"screen-reader-text\">\n\t\t\t<\/span>\n<\/li>\n<li class=\"product type-product post-2480 status-publish instock product_cat-ole has-post-thumbnail taxable shipping-taxable purchasable product-type-simple\">\n\t<a href=\"https:\/\/www.mosquetas.com\/de\/pr\/mosqueta-rosenoel-bio-damaszener-rosenoel-bio\/\" class=\"woocommerce-LoopProduct-link woocommerce-loop-product__link\"><img loading=\"lazy\" decoding=\"async\" width=\"600\" height=\"600\" src=\"https:\/\/www.mosquetas.com\/wp-content\/uploads\/2015\/07\/base-foto-1000x1000-rr-completo--600x600.webp\" class=\"attachment-woocommerce_thumbnail size-woocommerce_thumbnail\" alt=\"MOSQUETA ROSEN\u00d6L + BIO-DAMASZENER-ROSEN\u00d6L \u2013 BIO\" srcset=\"https:\/\/www.mosquetas.com\/wp-content\/uploads\/2015\/07\/base-foto-1000x1000-rr-completo--600x600.webp 600w, https:\/\/www.mosquetas.com\/wp-content\/uploads\/2015\/07\/base-foto-1000x1000-rr-completo--100x100.webp 100w, https:\/\/www.mosquetas.com\/wp-content\/uploads\/2015\/07\/base-foto-1000x1000-rr-completo--300x300.webp 300w, https:\/\/www.mosquetas.com\/wp-content\/uploads\/2015\/07\/base-foto-1000x1000-rr-completo--150x150.webp 150w, https:\/\/www.mosquetas.com\/wp-content\/uploads\/2015\/07\/base-foto-1000x1000-rr-completo--768x768.webp 768w, https:\/\/www.mosquetas.com\/wp-content\/uploads\/2015\/07\/base-foto-1000x1000-rr-completo-.webp 1000w\" sizes=\"auto, (max-width: 600px) 100vw, 600px\" \/><h2 class=\"woocommerce-loop-product__title\">MOSQUETA ROSEN\u00d6L + BIO-DAMASZENER-ROSEN\u00d6L \u2013 BIO<\/h2>\n\t<span class=\"price\"><span class=\"woocommerce-Price-amount amount\"><bdi><span class=\"woocommerce-Price-currencySymbol\">&euro;<\/span>36,00<\/bdi><\/span><\/span>\n<\/a><a href=\"\/de\/wp-json\/wp\/v2\/pages\/4953?add-to-cart=2480\" aria-describedby=\"woocommerce_loop_add_to_cart_link_describedby_2480\" data-quantity=\"1\" class=\"button product_type_simple add_to_cart_button ajax_add_to_cart\" data-product_id=\"2480\" data-product_sku=\"ROSAM30RR\" aria-label=\"In den Warenkorb legen: \u201eMOSQUETA ROSEN\u00d6L + BIO-DAMASZENER-ROSEN\u00d6L \u2013 BIO\u201c\" rel=\"nofollow\" data-success_message=\"\u201eMOSQUETA ROSEN\u00d6L + BIO-DAMASZENER-ROSEN\u00d6L \u2013 BIO\u201c wurde deinem Warenkorb hinzugef\u00fcgt\" role=\"button\">In den Warenkorb<\/a>\t<span id=\"woocommerce_loop_add_to_cart_link_describedby_2480\" class=\"screen-reader-text\">\n\t\t\t<\/span>\n<\/li>\n<li class=\"product type-product post-2491 status-publish instock product_cat-ole has-post-thumbnail featured taxable shipping-taxable purchasable product-type-simple\">\n\t<a href=\"https:\/\/www.mosquetas.com\/de\/pr\/mosqueta-rosenoel-50ml-bio\/\" class=\"woocommerce-LoopProduct-link woocommerce-loop-product__link\"><img loading=\"lazy\" decoding=\"async\" width=\"600\" height=\"600\" src=\"https:\/\/www.mosquetas.com\/wp-content\/uploads\/2015\/07\/base-foto-1000x1000_50ml-completo-600x600.webp\" class=\"attachment-woocommerce_thumbnail size-woocommerce_thumbnail\" alt=\"MOSQUETA ROSEN\u00d6L 50ML - BIO\" srcset=\"https:\/\/www.mosquetas.com\/wp-content\/uploads\/2015\/07\/base-foto-1000x1000_50ml-completo-600x600.webp 600w, https:\/\/www.mosquetas.com\/wp-content\/uploads\/2015\/07\/base-foto-1000x1000_50ml-completo-100x100.webp 100w, https:\/\/www.mosquetas.com\/wp-content\/uploads\/2015\/07\/base-foto-1000x1000_50ml-completo-300x300.webp 300w, https:\/\/www.mosquetas.com\/wp-content\/uploads\/2015\/07\/base-foto-1000x1000_50ml-completo-150x150.webp 150w, https:\/\/www.mosquetas.com\/wp-content\/uploads\/2015\/07\/base-foto-1000x1000_50ml-completo-768x768.webp 768w, https:\/\/www.mosquetas.com\/wp-content\/uploads\/2015\/07\/base-foto-1000x1000_50ml-completo.webp 1000w\" sizes=\"auto, (max-width: 600px) 100vw, 600px\" \/><h2 class=\"woocommerce-loop-product__title\">MOSQUETA ROSEN\u00d6L 50ML &#8211; BIO<\/h2>\n\t<span class=\"price\"><span class=\"woocommerce-Price-amount amount\"><bdi><span class=\"woocommerce-Price-currencySymbol\">&euro;<\/span>43,00<\/bdi><\/span><\/span>\n<\/a><a href=\"\/de\/wp-json\/wp\/v2\/pages\/4953?add-to-cart=2491\" aria-describedby=\"woocommerce_loop_add_to_cart_link_describedby_2491\" data-quantity=\"1\" class=\"button product_type_simple add_to_cart_button ajax_add_to_cart\" data-product_id=\"2491\" data-product_sku=\"ROSAM50\" aria-label=\"In den Warenkorb legen: \u201eMOSQUETA ROSEN\u00d6L 50ML - BIO\u201c\" rel=\"nofollow\" data-success_message=\"\u201eMOSQUETA ROSEN\u00d6L 50ML - BIO\u201c wurde deinem Warenkorb hinzugef\u00fcgt\" role=\"button\">In den Warenkorb<\/a>\t<span id=\"woocommerce_loop_add_to_cart_link_describedby_2491\" class=\"screen-reader-text\">\n\t\t\t<\/span>\n<\/li>\n<li class=\"product type-product post-2492 status-publish last instock product_cat-ole has-post-thumbnail taxable shipping-taxable purchasable product-type-simple\">\n\t<a href=\"https:\/\/www.mosquetas.com\/de\/pr\/mosqueta-rosenoel-30ml-bio\/\" class=\"woocommerce-LoopProduct-link woocommerce-loop-product__link\"><img loading=\"lazy\" decoding=\"async\" width=\"600\" height=\"600\" src=\"https:\/\/www.mosquetas.com\/wp-content\/uploads\/2015\/07\/base-foto-1000x1000_30ml-completo-600x600.webp\" class=\"attachment-woocommerce_thumbnail size-woocommerce_thumbnail\" alt=\"MOSQUETA ROSEN\u00d6L 30ML - BIO\" srcset=\"https:\/\/www.mosquetas.com\/wp-content\/uploads\/2015\/07\/base-foto-1000x1000_30ml-completo-600x600.webp 600w, https:\/\/www.mosquetas.com\/wp-content\/uploads\/2015\/07\/base-foto-1000x1000_30ml-completo-100x100.webp 100w, https:\/\/www.mosquetas.com\/wp-content\/uploads\/2015\/07\/base-foto-1000x1000_30ml-completo-300x300.webp 300w, https:\/\/www.mosquetas.com\/wp-content\/uploads\/2015\/07\/base-foto-1000x1000_30ml-completo-150x150.webp 150w, https:\/\/www.mosquetas.com\/wp-content\/uploads\/2015\/07\/base-foto-1000x1000_30ml-completo-768x768.webp 768w, https:\/\/www.mosquetas.com\/wp-content\/uploads\/2015\/07\/base-foto-1000x1000_30ml-completo.webp 1000w\" sizes=\"auto, (max-width: 600px) 100vw, 600px\" \/><h2 class=\"woocommerce-loop-product__title\">MOSQUETA ROSEN\u00d6L 30ML &#8211; BIO<\/h2>\n\t<span class=\"price\"><span class=\"woocommerce-Price-amount amount\"><bdi><span class=\"woocommerce-Price-currencySymbol\">&euro;<\/span>32,00<\/bdi><\/span><\/span>\n<\/a><a href=\"\/de\/wp-json\/wp\/v2\/pages\/4953?add-to-cart=2492\" aria-describedby=\"woocommerce_loop_add_to_cart_link_describedby_2492\" data-quantity=\"1\" class=\"button product_type_simple add_to_cart_button ajax_add_to_cart\" data-product_id=\"2492\" data-product_sku=\"ROSAM30\" aria-label=\"In den Warenkorb legen: \u201eMOSQUETA ROSEN\u00d6L 30ML - BIO\u201c\" rel=\"nofollow\" data-success_message=\"\u201eMOSQUETA ROSEN\u00d6L 30ML - BIO\u201c wurde deinem Warenkorb hinzugef\u00fcgt\" role=\"button\">In den Warenkorb<\/a>\t<span id=\"woocommerce_loop_add_to_cart_link_describedby_2492\" class=\"screen-reader-text\">\n\t\t\t<\/span>\n<\/li>\n<li class=\"product type-product post-2493 status-publish first instock product_cat-ole has-post-thumbnail taxable shipping-taxable purchasable product-type-simple\">\n\t<a href=\"https:\/\/www.mosquetas.com\/de\/pr\/mosqueta-rosenoel-15ml-bio\/\" class=\"woocommerce-LoopProduct-link woocommerce-loop-product__link\"><img loading=\"lazy\" decoding=\"async\" width=\"600\" height=\"600\" src=\"https:\/\/www.mosquetas.com\/wp-content\/uploads\/2015\/06\/base-foto-1000x1000-15completo-600x600.webp\" class=\"attachment-woocommerce_thumbnail size-woocommerce_thumbnail\" alt=\"MOSQUETA ROSEN\u00d6L 15ML - BIO\" srcset=\"https:\/\/www.mosquetas.com\/wp-content\/uploads\/2015\/06\/base-foto-1000x1000-15completo-600x600.webp 600w, https:\/\/www.mosquetas.com\/wp-content\/uploads\/2015\/06\/base-foto-1000x1000-15completo-100x100.webp 100w, https:\/\/www.mosquetas.com\/wp-content\/uploads\/2015\/06\/base-foto-1000x1000-15completo-300x300.webp 300w, https:\/\/www.mosquetas.com\/wp-content\/uploads\/2015\/06\/base-foto-1000x1000-15completo-150x150.webp 150w, https:\/\/www.mosquetas.com\/wp-content\/uploads\/2015\/06\/base-foto-1000x1000-15completo-768x768.webp 768w, https:\/\/www.mosquetas.com\/wp-content\/uploads\/2015\/06\/base-foto-1000x1000-15completo.webp 1000w\" sizes=\"auto, (max-width: 600px) 100vw, 600px\" \/><h2 class=\"woocommerce-loop-product__title\">MOSQUETA ROSEN\u00d6L 15ML &#8211; BIO<\/h2>\n\t<span class=\"price\"><span class=\"woocommerce-Price-amount amount\"><bdi><span class=\"woocommerce-Price-currencySymbol\">&euro;<\/span>21,00<\/bdi><\/span><\/span>\n<\/a><a href=\"\/de\/wp-json\/wp\/v2\/pages\/4953?add-to-cart=2493\" aria-describedby=\"woocommerce_loop_add_to_cart_link_describedby_2493\" data-quantity=\"1\" class=\"button product_type_simple add_to_cart_button ajax_add_to_cart\" data-product_id=\"2493\" data-product_sku=\"rosam15\" aria-label=\"In den Warenkorb legen: \u201eMOSQUETA ROSEN\u00d6L 15ML - BIO\u201c\" rel=\"nofollow\" data-success_message=\"\u201eMOSQUETA ROSEN\u00d6L 15ML - BIO\u201c wurde deinem Warenkorb hinzugef\u00fcgt\" role=\"button\">In den Warenkorb<\/a>\t<span id=\"woocommerce_loop_add_to_cart_link_describedby_2493\" class=\"screen-reader-text\">\n\t\t\t<\/span>\n<\/li>\n<\/ul>\n<\/div>\n<p><a href=\"https:\/\/www.mosquetas.com\/de\/mosqueta-s-bio-hautol-die-beste-waffe-gegen-unreinheiten\/\">Mosqueta\u2018s nat\u00fcrlichen Aroma\u00f6le<\/a> werden durch Destillation gewonnen und sind deshalb besonders rein. Lesen Sie hier, was unsere Aroma\u00f6le so besonders macht.<\/p>\n<h2>Bio-Aroma\u00f6le \u2013 schonend hergestellt und besonders naturbelassen<\/h2>\n<p>Die Aroma\u00f6le von Mosqueta\u2019s unterscheiden sich von herk\u00f6mmlichen Aroma\u00f6len durch die hohe Naturbelassenheit und Reinheit. W\u00e4hrend herk\u00f6mmliche Bio-Aroma\u00f6le oft auf chemischem Wege hergestellt werden, nutzt Mosqueta\u2019s die Damaszener-Rose. Das Ergebnis k\u00f6nnen Sie mit dem Produkt Rosen\u00f6l+Bio-Damaszener-Rosen\u00f6l kaufen. Es enth\u00e4lt natives Bio-Wildrosen\u00f6l und ist angereichert mit \u00e4therischem Bio-Damaszener-Rosen\u00f6l.<\/p>\n","protected":false},"excerpt":{"rendered":"<p>Mosqueta\u2018s nat\u00fcrlichen Aroma\u00f6le werden durch Destillation gewonnen und sind deshalb besonders rein. Lesen Sie hier, was unsere Aroma\u00f6le so besonders macht. Bio-Aroma\u00f6le \u2013 schonend hergestellt und besonders naturbelassen Die Aroma\u00f6le von Mosqueta\u2019s unterscheiden sich von herk\u00f6mmlichen Aroma\u00f6len durch die hohe Naturbelassenheit und Reinheit. W\u00e4hrend herk\u00f6mmliche Bio-Aroma\u00f6le oft auf chemischem Wege hergestellt werden, nutzt Mosqueta\u2019s die Damaszener-Rose. Das Ergebnis k\u00f6nnen Sie mit dem Produkt Rosen\u00f6l+Bio-Damaszener-Rosen\u00f6l kaufen. Es enth\u00e4lt natives Bio-Wildrosen\u00f6l und ist angereichert mit \u00e4therischem Bio-Damaszener-Rosen\u00f6l.<\/p>\n","protected":false},"author":2,"featured_media":0,"parent":0,"menu_order":0,"comment_status":"closed","ping_status":"closed","template":"","meta":{"footnotes":""},"class_list":["post-4953","page","type-page","status-publish","hentry"],"blocksy_meta":[],"_links":{"self":[{"href":"https:\/\/www.mosquetas.com\/de\/wp-json\/wp\/v2\/pages\/4953","targetHints":{"allow":["GET"]}}],"collection":[{"href":"https:\/\/www.mosquetas.com\/de\/wp-json\/wp\/v2\/pages"}],"about":[{"href":"https:\/\/www.mosquetas.com\/de\/wp-json\/wp\/v2\/types\/page"}],"author":[{"embeddable":true,"href":"https:\/\/www.mosquetas.com\/de\/wp-json\/wp\/v2\/users\/2"}],"replies":[{"embeddable":true,"href":"https:\/\/www.mosquetas.com\/de\/wp-json\/wp\/v2\/comments?post=4953"}],"version-history":[{"count":0,"href":"https:\/\/www.mosquetas.com\/de\/wp-json\/wp\/v2\/pages\/4953\/revisions"}],"wp:attachment":[{"href":"https:\/\/www.mosquetas.com\/de\/wp-json\/wp\/v2\/media?parent=4953"}],"curies":[{"name":"wp","href":"https:\/\/api.w.org\/{rel}","templated":true}]}}