{"id":4951,"date":"2019-10-28T10:00:53","date_gmt":"2019-10-28T09:00:53","guid":{"rendered":"https:\/\/www.mosquetas.com\/mosqueta-s-biokosmetik-testen-sie-es-noch-heute\/"},"modified":"2019-10-28T10:00:53","modified_gmt":"2019-10-28T09:00:53","slug":"mosqueta-s-biokosmetik-testen-sie-es-noch-heute","status":"publish","type":"page","link":"https:\/\/www.mosquetas.com\/de\/mosqueta-s-biokosmetik-testen-sie-es-noch-heute\/","title":{"rendered":"Mosqueta\u2019s Biokosmetik \u2013 Testen Sie es noch heute"},"content":{"rendered":"<div class=\"woocommerce columns-4 \"><ul class=\"products columns-4\" data-products=\"type-2\" data-hover=\"zoom-in\">\n<li class=\"product type-product post-10925 status-publish first instock product_cat-make-up product_cat-werbeaktionen has-post-thumbnail taxable shipping-taxable purchasable product-type-simple\">\n\t<a href=\"https:\/\/www.mosquetas.com\/de\/pr\/braunes-set-mascara-mit-mosqueta-rose-kajal-mit-mosqueta-rose-bio\/\" class=\"woocommerce-LoopProduct-link woocommerce-loop-product__link\"><img loading=\"lazy\" decoding=\"async\" width=\"600\" height=\"600\" src=\"https:\/\/www.mosquetas.com\/wp-content\/uploads\/2024\/12\/base-foto-1000x1000_marrone-600x600.png\" class=\"attachment-woocommerce_thumbnail size-woocommerce_thumbnail\" alt=\"BRAUNES SET: MASCARA MIT MOSQUETA ROSE + KAJAL MIT MOSQUETA ROSE - BIO\" srcset=\"https:\/\/www.mosquetas.com\/wp-content\/uploads\/2024\/12\/base-foto-1000x1000_marrone-600x600.png 600w, https:\/\/www.mosquetas.com\/wp-content\/uploads\/2024\/12\/base-foto-1000x1000_marrone-300x300.png 300w, https:\/\/www.mosquetas.com\/wp-content\/uploads\/2024\/12\/base-foto-1000x1000_marrone-150x150.png 150w, https:\/\/www.mosquetas.com\/wp-content\/uploads\/2024\/12\/base-foto-1000x1000_marrone-768x768.png 768w, https:\/\/www.mosquetas.com\/wp-content\/uploads\/2024\/12\/base-foto-1000x1000_marrone-100x100.png 100w, https:\/\/www.mosquetas.com\/wp-content\/uploads\/2024\/12\/base-foto-1000x1000_marrone.png 1000w\" sizes=\"auto, (max-width: 600px) 100vw, 600px\" \/><h2 class=\"woocommerce-loop-product__title\">BRAUNES SET: MASCARA MIT MOSQUETA ROSE + KAJAL MIT MOSQUETA ROSE &#8211; BIO<\/h2>\n\t<span class=\"price\"><span class=\"woocommerce-Price-amount amount\"><bdi><span class=\"woocommerce-Price-currencySymbol\">&euro;<\/span>28,00<\/bdi><\/span><\/span>\n<\/a><a href=\"\/de\/wp-json\/wp\/v2\/pages\/4951?add-to-cart=10925\" aria-describedby=\"woocommerce_loop_add_to_cart_link_describedby_10925\" data-quantity=\"1\" class=\"button product_type_simple add_to_cart_button ajax_add_to_cart\" data-product_id=\"10925\" data-product_sku=\"MASCARA+KAJAL MARRONE\" aria-label=\"In den Warenkorb legen: \u201eBRAUNES SET: MASCARA MIT MOSQUETA ROSE + KAJAL MIT MOSQUETA ROSE - BIO\u201c\" rel=\"nofollow\" data-success_message=\"\u201eBRAUNES SET: MASCARA MIT MOSQUETA ROSE + KAJAL MIT MOSQUETA ROSE - BIO\u201c wurde deinem Warenkorb hinzugef\u00fcgt\" role=\"button\">In den Warenkorb<\/a>\t<span id=\"woocommerce_loop_add_to_cart_link_describedby_10925\" class=\"screen-reader-text\">\n\t\t\t<\/span>\n<\/li>\n<li class=\"product type-product post-2389 status-publish instock product_cat-make-up has-post-thumbnail featured taxable shipping-taxable purchasable product-type-variable\">\n\t<a href=\"https:\/\/www.mosquetas.com\/de\/pr\/multi-concealer-bio\/\" class=\"woocommerce-LoopProduct-link woocommerce-loop-product__link\"><img loading=\"lazy\" decoding=\"async\" width=\"600\" height=\"600\" src=\"https:\/\/www.mosquetas.com\/wp-content\/uploads\/2015\/07\/base-foto-1000x1000_correttore-600x600.webp\" class=\"attachment-woocommerce_thumbnail size-woocommerce_thumbnail\" alt=\"MULTI CONCEALER - BIO\" srcset=\"https:\/\/www.mosquetas.com\/wp-content\/uploads\/2015\/07\/base-foto-1000x1000_correttore-600x600.webp 600w, https:\/\/www.mosquetas.com\/wp-content\/uploads\/2015\/07\/base-foto-1000x1000_correttore-100x100.webp 100w, https:\/\/www.mosquetas.com\/wp-content\/uploads\/2015\/07\/base-foto-1000x1000_correttore-300x300.webp 300w, https:\/\/www.mosquetas.com\/wp-content\/uploads\/2015\/07\/base-foto-1000x1000_correttore-150x150.webp 150w, https:\/\/www.mosquetas.com\/wp-content\/uploads\/2015\/07\/base-foto-1000x1000_correttore-768x768.webp 768w, https:\/\/www.mosquetas.com\/wp-content\/uploads\/2015\/07\/base-foto-1000x1000_correttore.webp 1000w\" sizes=\"auto, (max-width: 600px) 100vw, 600px\" \/><h2 class=\"woocommerce-loop-product__title\">MULTI CONCEALER &#8211; BIO<\/h2>\n\t<span class=\"price\"><span class=\"woocommerce-Price-amount amount\"><bdi><span class=\"woocommerce-Price-currencySymbol\">&euro;<\/span>15,00<\/bdi><\/span><\/span>\n<\/a><a href=\"https:\/\/www.mosquetas.com\/de\/pr\/multi-concealer-bio\/\" aria-describedby=\"woocommerce_loop_add_to_cart_link_describedby_2389\" data-quantity=\"1\" class=\"button product_type_variable add_to_cart_button\" data-product_id=\"2389\" data-product_sku=\"COR\" aria-label=\"W\u00e4hle Optionen f\u00fcr \u201eMULTI CONCEALER - BIO\u201c\" rel=\"nofollow\">Ausf\u00fchrung w\u00e4hlen<\/a>\t<span id=\"woocommerce_loop_add_to_cart_link_describedby_2389\" class=\"screen-reader-text\">\n\t\tDieses Produkt weist mehrere Varianten auf. Die Optionen k\u00f6nnen auf der Produktseite gew\u00e4hlt werden\t<\/span>\n<\/li>\n<li class=\"product type-product post-2401 status-publish instock product_cat-make-up has-post-thumbnail taxable shipping-taxable purchasable product-type-variable\">\n\t<a href=\"https:\/\/www.mosquetas.com\/de\/pr\/kajal-mit-mosqueta-rose-bio\/\" class=\"woocommerce-LoopProduct-link woocommerce-loop-product__link\"><img loading=\"lazy\" decoding=\"async\" width=\"600\" height=\"600\" src=\"https:\/\/www.mosquetas.com\/wp-content\/uploads\/2015\/07\/base-foto-1000x1000_kajal-600x600.webp\" class=\"attachment-woocommerce_thumbnail size-woocommerce_thumbnail\" alt=\"KAJAL MIT MOSQUETA ROSE - BIO\" srcset=\"https:\/\/www.mosquetas.com\/wp-content\/uploads\/2015\/07\/base-foto-1000x1000_kajal-600x600.webp 600w, https:\/\/www.mosquetas.com\/wp-content\/uploads\/2015\/07\/base-foto-1000x1000_kajal-100x100.webp 100w, https:\/\/www.mosquetas.com\/wp-content\/uploads\/2015\/07\/base-foto-1000x1000_kajal-300x300.webp 300w, https:\/\/www.mosquetas.com\/wp-content\/uploads\/2015\/07\/base-foto-1000x1000_kajal-150x150.webp 150w, https:\/\/www.mosquetas.com\/wp-content\/uploads\/2015\/07\/base-foto-1000x1000_kajal-768x768.webp 768w, https:\/\/www.mosquetas.com\/wp-content\/uploads\/2015\/07\/base-foto-1000x1000_kajal.webp 1000w\" sizes=\"auto, (max-width: 600px) 100vw, 600px\" \/><h2 class=\"woocommerce-loop-product__title\">KAJAL MIT MOSQUETA ROSE &#8211; BIO<\/h2>\n\t<span class=\"price\"><span class=\"woocommerce-Price-amount amount\"><bdi><span class=\"woocommerce-Price-currencySymbol\">&euro;<\/span>12,40<\/bdi><\/span><\/span>\n<\/a><a href=\"https:\/\/www.mosquetas.com\/de\/pr\/kajal-mit-mosqueta-rose-bio\/\" aria-describedby=\"woocommerce_loop_add_to_cart_link_describedby_2401\" data-quantity=\"1\" class=\"button product_type_variable add_to_cart_button\" data-product_id=\"2401\" data-product_sku=\"KAJAL\" aria-label=\"W\u00e4hle Optionen f\u00fcr \u201eKAJAL MIT MOSQUETA ROSE - BIO\u201c\" rel=\"nofollow\">Ausf\u00fchrung w\u00e4hlen<\/a>\t<span id=\"woocommerce_loop_add_to_cart_link_describedby_2401\" class=\"screen-reader-text\">\n\t\tDieses Produkt weist mehrere Varianten auf. Die Optionen k\u00f6nnen auf der Produktseite gew\u00e4hlt werden\t<\/span>\n<\/li>\n<li class=\"product type-product post-2418 status-publish last instock product_cat-make-up has-post-thumbnail taxable shipping-taxable purchasable product-type-variable\">\n\t<a href=\"https:\/\/www.mosquetas.com\/de\/pr\/eyeliner-mit-mosqueta-rose-bio\/\" class=\"woocommerce-LoopProduct-link woocommerce-loop-product__link\"><img loading=\"lazy\" decoding=\"async\" width=\"600\" height=\"600\" src=\"https:\/\/www.mosquetas.com\/wp-content\/uploads\/2015\/07\/base-foto-1000x1000_eyeliner-600x600.webp\" class=\"attachment-woocommerce_thumbnail size-woocommerce_thumbnail\" alt=\"EYELINER MIT MOSQUETA ROSE \u2013 BIO\" srcset=\"https:\/\/www.mosquetas.com\/wp-content\/uploads\/2015\/07\/base-foto-1000x1000_eyeliner-600x600.webp 600w, https:\/\/www.mosquetas.com\/wp-content\/uploads\/2015\/07\/base-foto-1000x1000_eyeliner-100x100.webp 100w, https:\/\/www.mosquetas.com\/wp-content\/uploads\/2015\/07\/base-foto-1000x1000_eyeliner-300x300.webp 300w, https:\/\/www.mosquetas.com\/wp-content\/uploads\/2015\/07\/base-foto-1000x1000_eyeliner-150x150.webp 150w, https:\/\/www.mosquetas.com\/wp-content\/uploads\/2015\/07\/base-foto-1000x1000_eyeliner-768x768.webp 768w, https:\/\/www.mosquetas.com\/wp-content\/uploads\/2015\/07\/base-foto-1000x1000_eyeliner.webp 1000w\" sizes=\"auto, (max-width: 600px) 100vw, 600px\" \/><h2 class=\"woocommerce-loop-product__title\">EYELINER MIT MOSQUETA ROSE \u2013 BIO<\/h2>\n\t<span class=\"price\"><span class=\"woocommerce-Price-amount amount\"><bdi><span class=\"woocommerce-Price-currencySymbol\">&euro;<\/span>17,60<\/bdi><\/span><\/span>\n<\/a><a href=\"https:\/\/www.mosquetas.com\/de\/pr\/eyeliner-mit-mosqueta-rose-bio\/\" aria-describedby=\"woocommerce_loop_add_to_cart_link_describedby_2418\" data-quantity=\"1\" class=\"button product_type_variable add_to_cart_button\" data-product_id=\"2418\" data-product_sku=\"EYELINER\" aria-label=\"W\u00e4hle Optionen f\u00fcr \u201eEYELINER MIT MOSQUETA ROSE \u2013 BIO\u201c\" rel=\"nofollow\">Ausf\u00fchrung w\u00e4hlen<\/a>\t<span id=\"woocommerce_loop_add_to_cart_link_describedby_2418\" class=\"screen-reader-text\">\n\t\tDieses Produkt weist mehrere Varianten auf. Die Optionen k\u00f6nnen auf der Produktseite gew\u00e4hlt werden\t<\/span>\n<\/li>\n<li class=\"product type-product post-2432 status-publish first instock product_cat-make-up has-post-thumbnail taxable shipping-taxable purchasable product-type-variable\">\n\t<a href=\"https:\/\/www.mosquetas.com\/de\/pr\/mascara-mit-mosqueta-rose-bio\/\" class=\"woocommerce-LoopProduct-link woocommerce-loop-product__link\"><img loading=\"lazy\" decoding=\"async\" width=\"600\" height=\"600\" src=\"https:\/\/www.mosquetas.com\/wp-content\/uploads\/2015\/07\/base-foto-1000x1000_mascara-NEW-600x600.jpg\" class=\"attachment-woocommerce_thumbnail size-woocommerce_thumbnail\" alt=\"MASCARA MIT MOSQUETA ROSE \u2013 BIO\" srcset=\"https:\/\/www.mosquetas.com\/wp-content\/uploads\/2015\/07\/base-foto-1000x1000_mascara-NEW-600x600.jpg 600w, https:\/\/www.mosquetas.com\/wp-content\/uploads\/2015\/07\/base-foto-1000x1000_mascara-NEW-300x300.jpg 300w, https:\/\/www.mosquetas.com\/wp-content\/uploads\/2015\/07\/base-foto-1000x1000_mascara-NEW-150x150.jpg 150w, https:\/\/www.mosquetas.com\/wp-content\/uploads\/2015\/07\/base-foto-1000x1000_mascara-NEW-768x768.jpg 768w, https:\/\/www.mosquetas.com\/wp-content\/uploads\/2015\/07\/base-foto-1000x1000_mascara-NEW-100x100.jpg 100w, https:\/\/www.mosquetas.com\/wp-content\/uploads\/2015\/07\/base-foto-1000x1000_mascara-NEW.jpg 1000w\" sizes=\"auto, (max-width: 600px) 100vw, 600px\" \/><h2 class=\"woocommerce-loop-product__title\">MASCARA MIT MOSQUETA ROSE \u2013 BIO<\/h2>\n\t<span class=\"price\"><span class=\"woocommerce-Price-amount amount\"><bdi><span class=\"woocommerce-Price-currencySymbol\">&euro;<\/span>17,00<\/bdi><\/span><\/span>\n<\/a><a href=\"https:\/\/www.mosquetas.com\/de\/pr\/mascara-mit-mosqueta-rose-bio\/\" aria-describedby=\"woocommerce_loop_add_to_cart_link_describedby_2432\" data-quantity=\"1\" class=\"button product_type_variable add_to_cart_button\" data-product_id=\"2432\" data-product_sku=\"MASCARA\" aria-label=\"W\u00e4hle Optionen f\u00fcr \u201eMASCARA MIT MOSQUETA ROSE \u2013 BIO\u201c\" rel=\"nofollow\">Ausf\u00fchrung w\u00e4hlen<\/a>\t<span id=\"woocommerce_loop_add_to_cart_link_describedby_2432\" class=\"screen-reader-text\">\n\t\tDieses Produkt weist mehrere Varianten auf. Die Optionen k\u00f6nnen auf der Produktseite gew\u00e4hlt werden\t<\/span>\n<\/li>\n<\/ul>\n<\/div>\n<p>Naturkosmetik kaufen war noch nie so einfach. Nur wenige Klicks von Ihnen entfernt liegt die Produktvielfalt von Mosqueta\u2019s. <strong>Testen Sie jetzt <a href=\"https:\/\/www.mosquetas.com\/de\/frei-von-tierischen-inhaltsstoffen-mosqueta-s-vegane-biokosmetik\/\">die Biokosmetik-Produkte von Mosqueta\u2019s<\/a><\/strong>.<\/p>\n<h2>100% nat\u00fcrlich, 100% frei von Zusatzstoffen<\/h2>\n<p>Schon seit 1989 setzt Mosqueta\u2019s ganz auf Natur. Mit dem Wildrosen\u00f6l erhielt das Unternehmen als eines der ersten Bio-Zertifizierungen, die die Unternehmensphilosophie best\u00e4tigen. Alle Produkte, die Sie auf mosquetas.com finden, enthalten das reichhaltige \u00d6l der nachhaltig angebauten Wildrosen- oder Helichrysum-Pflanzen. Die gesunden Inhaltsstoffe, unter anderem gesunde Omega-3-Fetts\u00e4uren, verleihen der Haut neue Strahlkraft und verbessern das Hautbild deutlich.<\/p>\n","protected":false},"excerpt":{"rendered":"<p>Naturkosmetik kaufen war noch nie so einfach. Nur wenige Klicks von Ihnen entfernt liegt die Produktvielfalt von Mosqueta\u2019s. Testen Sie jetzt die Biokosmetik-Produkte von Mosqueta\u2019s. 100% nat\u00fcrlich, 100% frei von Zusatzstoffen Schon seit 1989 setzt Mosqueta\u2019s ganz auf Natur. Mit dem Wildrosen\u00f6l erhielt das Unternehmen als eines der ersten Bio-Zertifizierungen, die die Unternehmensphilosophie best\u00e4tigen. Alle Produkte, die Sie auf mosquetas.com finden, enthalten das reichhaltige \u00d6l der nachhaltig angebauten Wildrosen- oder Helichrysum-Pflanzen. Die gesunden Inhaltsstoffe, unter anderem gesunde Omega-3-Fetts\u00e4uren, verleihen der Haut neue Strahlkraft und verbessern das Hautbild deutlich.<\/p>\n","protected":false},"author":2,"featured_media":0,"parent":0,"menu_order":0,"comment_status":"closed","ping_status":"closed","template":"","meta":{"footnotes":""},"class_list":["post-4951","page","type-page","status-publish","hentry"],"blocksy_meta":[],"_links":{"self":[{"href":"https:\/\/www.mosquetas.com\/de\/wp-json\/wp\/v2\/pages\/4951","targetHints":{"allow":["GET"]}}],"collection":[{"href":"https:\/\/www.mosquetas.com\/de\/wp-json\/wp\/v2\/pages"}],"about":[{"href":"https:\/\/www.mosquetas.com\/de\/wp-json\/wp\/v2\/types\/page"}],"author":[{"embeddable":true,"href":"https:\/\/www.mosquetas.com\/de\/wp-json\/wp\/v2\/users\/2"}],"replies":[{"embeddable":true,"href":"https:\/\/www.mosquetas.com\/de\/wp-json\/wp\/v2\/comments?post=4951"}],"version-history":[{"count":0,"href":"https:\/\/www.mosquetas.com\/de\/wp-json\/wp\/v2\/pages\/4951\/revisions"}],"wp:attachment":[{"href":"https:\/\/www.mosquetas.com\/de\/wp-json\/wp\/v2\/media?parent=4951"}],"curies":[{"name":"wp","href":"https:\/\/api.w.org\/{rel}","templated":true}]}}