{"id":4658,"date":"2019-06-28T07:42:25","date_gmt":"2019-06-28T05:42:25","guid":{"rendered":"https:\/\/www.mosquetas.com\/insights\/"},"modified":"2024-03-04T17:53:37","modified_gmt":"2024-03-04T16:53:37","slug":"insights","status":"publish","type":"page","link":"https:\/\/www.mosquetas.com\/de\/insights\/","title":{"rendered":"Insights"},"content":{"rendered":"<p><a href=\"https:\/\/www.mosquetas.com\/en\/\">Home page EN<\/a><\/p>\n<p><a href=\"https:\/\/www.mosquetas.com\/\">Home page IT<\/a><\/p>\n<p><a href=\"https:\/\/www.mosquetas.com\/fr\/\">Home page FR<\/a><\/p>\n<p><a href=\"https:\/\/www.mosquetas.com\/es\/\">Home page ES<\/a><br \/>\n\u2014\u2014\u2014\u2014\u2014\u2014\u2014\u2014<\/p>\n<p>Detaillierte Liste:<\/p>\n<p><a href=\"https:\/\/www.mosquetas.com\/de\/ein-hauch-von-mittelmeer-und-chilenischen-anden-unsere-aetherischen-oele-auf-bio-basis\/\">Ein Hauch von Mittelmeer und chilenischen Anden: Unsere \u00e4therischen \u00d6le auf Bio-Basis<\/a><\/p>\n<p><a href=\"https:\/\/www.mosquetas.com\/de\/atherische-ole-auf-mosquetas-com-fur-privatpersonen-unternehmen-und-grosshandel-erwerbbar\/\">\u00c4therische \u00d6le auf mosquetas.com \u2013 f\u00fcr Privatpersonen, Unternehmen und Gro\u00dfhandel erwerbbar<\/a><\/p>\n<p><a href=\"https:\/\/www.mosquetas.com\/de\/naturliche-aromaole-mit-einzigartigen-eigenschaften\/\">Nat\u00fcrliche Aroma\u00f6le mit einzigartigen Eigenschaften<\/a><\/p>\n<p><a href=\"https:\/\/www.mosquetas.com\/de\/ein-traum-aus-1001-nacht-unser-bio-duftol\/\">Ein Traum aus 1001 Nacht \u2013 unser Bio-Duft\u00f6l<\/a><\/p>\n<p><a href=\"https:\/\/www.mosquetas.com\/de\/unschone-unreinheiten-und-narben-gehoren-mit-mosqueta-s-bio-ol-gegen-narben-der-vergangenheit-an\/\">Unsch\u00f6ne Unreinheiten und Narben geh\u00f6ren mit Mosqueta\u2019s Bio-\u00d6l gegen Narben der Vergangenheit an<\/a><\/p>\n<p><a href=\"https:\/\/www.mosquetas.com\/de\/mosqueta-s-bio-hautol-die-beste-waffe-gegen-unreinheiten\/\">Mosqueta\u2019s Bio-Haut\u00f6l \u2013 die beste Waffe gegen Unreinheiten<\/a><\/p>\n<p><a href=\"https:\/\/www.mosquetas.com\/de\/wie-falten-mit-der-bio-anti-falten-creme-der-vergangenheit-angehoren\/\">Wie Falten mit der Bio-Anti-Falten-Creme der Vergangenheit angeh\u00f6ren<\/a><\/p>\n<p><a href=\"https:\/\/www.mosquetas.com\/de\/trockene-hande-nicht-mit-der-bio-handcreme-von-mosqueta-s\/\">Trockene H\u00e4nde? Nicht mit der Bio-Handcreme von Mosqueta\u2019s!<\/a><\/p>\n<p><a href=\"https:\/\/www.mosquetas.com\/de\/bringen-sie-mit-der-bio-gesichtscreme-von-mosqueta-s-ihr-gesicht-zum-strahlen\/\">Bringen Sie mit der Bio-Gesichtscreme von Mosqueta\u2019s Ihr Gesicht zum Strahlen!<\/a><\/p>\n<p><a href=\"https:\/\/www.mosquetas.com\/de\/entspannte-und-gesunde-haut-mit-der-naturlichen-feuchtigkeitsspendenden-maske-von-mosqueta-s\/\">Entspannte und gesunde Haut mit der nat\u00fcrlichen feuchtigkeitsspendenden Maske von Mosqueta\u2018s<\/a><\/p>\n<p><a href=\"https:\/\/www.mosquetas.com\/de\/entspannte-nachte-mit-der-bio-nachtcreme\/\">Entspannte N\u00e4chte mit der Bio-Nachtcreme<\/a><\/p>\n<p><a href=\"https:\/\/www.mosquetas.com\/de\/naturliche-augencreme-bringt-ihre-augen-zum-strahlen\/\">Nat\u00fcrliche Augencreme bringt Ihre Augen zum Strahlen<\/a><\/p>\n<p><a href=\"https:\/\/www.mosquetas.com\/de\/mit-mosqueta-s-naturlicher-augencreme-gehoren-augenringe-der-vergangenheit-an\/\">Mit Mosqueta\u2019s nat\u00fcrlicher Augencreme geh\u00f6ren Augenringe der Vergangenheit an<\/a><\/p>\n<p><a href=\"https:\/\/www.mosquetas.com\/de\/naturliche-hautpflege-war-noch-nie-so-einfach\/\">Nat\u00fcrliche Hautpflege war noch nie so einfach<\/a><\/p>\n<p><a href=\"https:\/\/www.mosquetas.com\/de\/naturliche-hautpflege-bei-akne\/\">Nat\u00fcrliche Hautpflege bei Akne?<\/a><\/p>\n<p><a href=\"https:\/\/www.mosquetas.com\/de\/entkommen-sie-dem-markenwirrwarr-mit-naturlichen-hautpflege-produkten-von-mosqueta-s\/\">Entkommen Sie dem Markenwirrwarr mit nat\u00fcrlichen Hautpflege-Produkten von Mosqueta\u2018s<\/a><\/p>\n<p><a href=\"https:\/\/www.mosquetas.com\/de\/naturliche-mittel-gegen-akne\/\">Nat\u00fcrliche Mittel gegen Akne<\/a><\/p>\n<p><a href=\"https:\/\/www.mosquetas.com\/de\/wer-wert-auf-naturlichkeit-legt-der-sollte-zu-den-bio-kosmetikprodukten-von-mosqueta-s-greifen\/\">Wer Wert auf Nat\u00fcrlichkeit legt, der sollte zu den Bio-Kosmetikprodukten von Mosqueta\u2019s greifen <\/a><\/p>\n<p><a href=\"https:\/\/www.mosquetas.com\/de\/mosqueta-s-bio-naturkosmetikshop-auch-in-deutschland-erhaltlich\/\">Mosqueta\u2019s Bio-Naturkosmetikshop \u2013 auch in Deutschland erh\u00e4ltlich<\/a><\/p>\n<p><a href=\"https:\/\/www.mosquetas.com\/de\/uberzeugen-sie-sich-von-der-qualitat-von-mosqueta-s-in-unserem-bio-naturkosmetik-online-shop\/\">\u00dcberzeugen Sie sich von der Qualit\u00e4t von Mosqueta\u2019s in unserem Bio-Naturkosmetik-Online-Shop<\/a><\/p>\n<p><a href=\"https:\/\/www.mosquetas.com\/de\/bio-und-naturkosmetik-umfangreiche-produktvielfalt-ist-nur-einen-fingerklick-entfernt\/\">Bio- und Naturkosmetik: Umfangreiche Produktvielfalt ist nur einen Fingerklick entfernt<\/a><\/p>\n<p><a href=\"https:\/\/www.mosquetas.com\/de\/zertifizierte-bio-kosmetik-hier-werden-sie-fundig\/\">Zertifizierte Bio-Kosmetik? Hier werden Sie f\u00fcndig!<\/a><\/p>\n<p><a href=\"https:\/\/www.mosquetas.com\/de\/nur-wenige-klicks-entfernt-zertifizierte-naturkosmetik-mit-hochwertigem-wildrosenol\/\">Nur wenige Klicks entfernt: Zertifizierte Naturkosmetik mit hochwertigem Wildrosen\u00f6l<\/a><\/p>\n<p><a href=\"https:\/\/www.mosquetas.com\/de\/mosqueta-s-biokosmetik-testen-sie-es-noch-heute\/\">Mosqueta\u2019s Biokosmetik \u2013 Testen Sie es noch heute<\/a><\/p>\n<p><a href=\"https:\/\/www.mosquetas.com\/de\/frei-von-tierischen-inhaltsstoffen-mosqueta-s-vegane-biokosmetik\/\">Frei von tierischen Inhaltsstoffen: Mosqueta\u2019s vegane Biokosmetik<\/a><\/p>\n<p><a href=\"https:\/\/www.mosquetas.com\/de\/fur-alle-hauttypen-geeignet-mosqueta-s-bio-naturseife\/\">F\u00fcr alle Hauttypen geeignet: Mosqueta\u2019s Bio-Naturseife<\/a><\/p>\n<p><a href=\"https:\/\/www.mosquetas.com\/de\/mosqueta-s-naturliche-haarseife-das-einzigartige-shampoo-mit-wildrosenol\/\">Mosqueta\u2019s nat\u00fcrliche Haarseife: Das einzigartige Shampoo mit Wildrosen\u00f6l<\/a><\/p>\n<p><a href=\"https:\/\/www.mosquetas.com\/de\/probieren-sie-die-biopflegeprodukte-von-mosqueta-s-noch-heute\/\">Probieren Sie die Bio-Pflegeprodukte von Mosqueta\u2019s noch heute<\/a><\/p>\n<p>\u2014\u2014\u2014\u2014\u2014\u2014\u2014\u2014<\/p>\n<p><a href=\"https:\/\/www.mosquetas.com\/approfondimenti\/\">Italienische Liste 1<\/a><\/p>\n<p><a href=\"hhttps:\/\/www.mosquetas.com\/altri-approfondimenti\/\">Italienische Liste 2<\/a><\/p>\n<p><a href=\"https:\/\/www.mosquetas.com\/fr\/insights\/\">Franz\u00f6sische Liste<\/a><\/p>\n","protected":false},"excerpt":{"rendered":"<p>Home page EN Home page IT Home page FR Home page ES \u2014\u2014\u2014\u2014\u2014\u2014\u2014\u2014 Detaillierte Liste: Ein Hauch von Mittelmeer und chilenischen Anden: Unsere \u00e4therischen \u00d6le auf Bio-Basis \u00c4therische \u00d6le auf mosquetas.com \u2013 f\u00fcr Privatpersonen, Unternehmen und Gro\u00dfhandel erwerbbar Nat\u00fcrliche Aroma\u00f6le mit einzigartigen Eigenschaften Ein Traum aus 1001 Nacht \u2013 unser Bio-Duft\u00f6l Unsch\u00f6ne Unreinheiten und Narben geh\u00f6ren mit Mosqueta\u2019s Bio-\u00d6l gegen Narben der Vergangenheit an Mosqueta\u2019s Bio-Haut\u00f6l \u2013 die beste Waffe gegen Unreinheiten Wie Falten mit der Bio-Anti-Falten-Creme der Vergangenheit angeh\u00f6ren Trockene H\u00e4nde? Nicht mit der Bio-Handcreme von Mosqueta\u2019s! Bringen Sie mit der Bio-Gesichtscreme von Mosqueta\u2019s Ihr Gesicht zum Strahlen! Entspannte und gesunde Haut mit der nat\u00fcrlichen feuchtigkeitsspendenden Maske von Mosqueta\u2018s Entspannte N\u00e4chte mit der Bio-Nachtcreme Nat\u00fcrliche Augencreme bringt Ihre Augen zum Strahlen Mit Mosqueta\u2019s nat\u00fcrlicher Augencreme geh\u00f6ren Augenringe der Vergangenheit an Nat\u00fcrliche Hautpflege war noch nie so einfach Nat\u00fcrliche Hautpflege bei Akne? Entkommen Sie dem Markenwirrwarr mit nat\u00fcrlichen Hautpflege-Produkten von Mosqueta\u2018s Nat\u00fcrliche Mittel gegen Akne Wer Wert auf Nat\u00fcrlichkeit legt, der sollte zu den Bio-Kosmetikprodukten von Mosqueta\u2019s greifen Mosqueta\u2019s Bio-Naturkosmetikshop \u2013 auch in Deutschland erh\u00e4ltlich \u00dcberzeugen Sie sich von der Qualit\u00e4t von Mosqueta\u2019s in unserem Bio-Naturkosmetik-Online-Shop Bio- und Naturkosmetik: Umfangreiche Produktvielfalt ist nur einen Fingerklick entfernt Zertifizierte Bio-Kosmetik? Hier werden Sie f\u00fcndig! Nur wenige Klicks entfernt: Zertifizierte Naturkosmetik mit hochwertigem Wildrosen\u00f6l Mosqueta\u2019s Biokosmetik \u2013 Testen Sie es noch heute Frei von tierischen Inhaltsstoffen: Mosqueta\u2019s vegane Biokosmetik F\u00fcr alle Hauttypen geeignet: Mosqueta\u2019s Bio-Naturseife Mosqueta\u2019s nat\u00fcrliche Haarseife: Das einzigartige Shampoo mit Wildrosen\u00f6l Probieren Sie die Bio-Pflegeprodukte von Mosqueta\u2019s noch heute \u2014\u2014\u2014\u2014\u2014\u2014\u2014\u2014 Italienische Liste 1 Italienische Liste 2 Franz\u00f6sische Liste<\/p>\n","protected":false},"author":1,"featured_media":0,"parent":0,"menu_order":0,"comment_status":"closed","ping_status":"closed","template":"","meta":{"footnotes":""},"class_list":["post-4658","page","type-page","status-publish","hentry"],"blocksy_meta":[],"_links":{"self":[{"href":"https:\/\/www.mosquetas.com\/de\/wp-json\/wp\/v2\/pages\/4658","targetHints":{"allow":["GET"]}}],"collection":[{"href":"https:\/\/www.mosquetas.com\/de\/wp-json\/wp\/v2\/pages"}],"about":[{"href":"https:\/\/www.mosquetas.com\/de\/wp-json\/wp\/v2\/types\/page"}],"author":[{"embeddable":true,"href":"https:\/\/www.mosquetas.com\/de\/wp-json\/wp\/v2\/users\/1"}],"replies":[{"embeddable":true,"href":"https:\/\/www.mosquetas.com\/de\/wp-json\/wp\/v2\/comments?post=4658"}],"version-history":[{"count":0,"href":"https:\/\/www.mosquetas.com\/de\/wp-json\/wp\/v2\/pages\/4658\/revisions"}],"wp:attachment":[{"href":"https:\/\/www.mosquetas.com\/de\/wp-json\/wp\/v2\/media?parent=4658"}],"curies":[{"name":"wp","href":"https:\/\/api.w.org\/{rel}","templated":true}]}}