{"id":3929,"date":"2023-08-23T23:44:41","date_gmt":"2023-08-23T21:44:41","guid":{"rendered":"https:\/\/www.mosquetas.com\/?page_id=3929"},"modified":"2023-08-23T23:50:34","modified_gmt":"2023-08-23T21:50:34","slug":"copyright","status":"publish","type":"page","link":"https:\/\/www.mosquetas.com\/de\/copyright\/","title":{"rendered":"Urheberrecht"},"content":{"rendered":"\t\t<div data-elementor-type=\"wp-page\" data-elementor-id=\"3929\" class=\"elementor elementor-3929 elementor-3928\">\n\t\t\t\t<div class=\"elementor-element elementor-element-a122cf6 e-flex e-con-boxed wpr-particle-no wpr-jarallax-no wpr-parallax-no wpr-sticky-section-no e-con e-parent\" data-id=\"a122cf6\" data-element_type=\"container\" data-e-type=\"container\">\n\t\t\t\t\t<div class=\"e-con-inner\">\n\t\t\t\t<div class=\"elementor-element elementor-element-3a1160e elementor-widget elementor-widget-text-editor\" data-id=\"3a1160e\" data-element_type=\"widget\" data-e-type=\"widget\" data-widget_type=\"text-editor.default\">\n\t\t\t\t<div class=\"elementor-widget-container\">\n\t\t\t\t\t\t\t\t\t<p>Diese Webseite und das darin enthaltene Material sind geistiges Eigentum und sind durch das Urheberrecht und andere Gesetze zum Schutz geistigen Eigentums gesch\u00fctzt.<\/p><p>Sofern nicht anders angegeben, liegen alle Rechte ausschlie\u00dflich bei\u00a0<strong>ITALCHILE SRL<\/strong>.<\/p><p>Daher darf kein charakteristisches Element dieser Website ohne schriftliche Genehmigung von\u00a0<strong>ITALCHILE SRL\u00a0<\/strong>mit beliebigen analogen oder digitalen Mitteln, direkt oder indirekt, vor\u00fcbergehend oder dauerhaft, ganz oder teilweise reproduziert werden; davon ausgenommen sind Reproduktionen, die nur f\u00fcr den pers\u00f6nlichen Gebrauch hergestellt werden.<\/p><p>Die Werke, deren Quelle angegeben wird, sind ausschlie\u00dfliches Eigentum ihrer jeweiligen Autoren und ihrer Rechtsnachfolger. Jegliche Vervielf\u00e4ltigung, \u00f6ffentliche Wiedergabe, Verbreitung und \u00dcbersetzung solcher Werke ist ohne schriftliche Genehmigung der jeweiligen Eigent\u00fcmer verboten (diese Aufstellung ist nur ein Beispiel, da auf jeden Fall auf alle diesbez\u00fcglichen Regeln verwiesen werden muss). Die Vervielf\u00e4ltigung nur f\u00fcr den pers\u00f6nlichen Gebrauch ist gestattet, ebenso wie die Zusammenfassung, die Erw\u00e4hnung oder die Vervielf\u00e4ltigung von Ausz\u00fcgen oder Teilen des Werkes sowie ihre \u00f6ffentliche Wiedergabe, sofern sie zum Zweck von Kritiken oder Diskussionen erfolgt, innerhalb der durch diese Zwecke gerechtfertigten Grenzen und solange sie keinen Wettbewerb zur wirtschaftlichen Nutzung des Werkes darstellen, unbeschadet in jedem Fall der Verpflichtung, den Urheber und die Quelle anzugeben.<\/p><p><strong>ITALCHILE SRL<\/strong>\u00a0lehnt jede Verantwortung f\u00fcr allf\u00e4llige Verletzungen der Rechte an geistigem Eigentum durch seine Benutzer ab.<\/p><p>Alle Marken und andere Unterscheidungszeichen auf der Webseite sind Eigentum von\u00a0<strong>ITALCHILE SRL<\/strong>\u00a0oder deren jeweiligen Eigent\u00fcmern. Jede unkorrekte Verwendung derselben ist daher verboten. Insbesondere ist es verboten, ohne vorherige Zustimmung der Inhaber der Rechte, Meta-Tags und\/oder anderer verborgener Texte, bestehend aus Marken oder anderen Unterscheidungszeichen, die im Besitz von\u00a0<strong>ITALCHILE SRL<\/strong>\u00a0oder anderen Subjekten sind, zu verwenden.<\/p><p><strong>ITALCHILE SRL<\/strong>\u00a0beabsichtigt nicht, die geistigen Eigentumsrechte Dritter zu verletzen. Sollte dennoch jemand der Ansicht sein, in seinen ausschlie\u00dflichen Rechte verletzt zu werden, kann er sich an\u00a0<strong>ITALCHILE SRL<\/strong>\u00a0wenden und durchsetzen, dass das gesch\u00fctzte Material entfernt wird oder um andere L\u00f6sungen f\u00fcr die Angelegenheit zu vereinbaren.<\/p>\t\t\t\t\t\t\t\t<\/div>\n\t\t\t\t<\/div>\n\t\t\t\t\t<\/div>\n\t\t\t\t<\/div>\n\t\t\t\t<\/div>\n\t\t","protected":false},"excerpt":{"rendered":"<p>Diese Webseite und das darin enthaltene Material sind geistiges Eigentum und sind durch das Urheberrecht und andere Gesetze zum Schutz geistigen Eigentums gesch\u00fctzt. Sofern nicht anders angegeben, liegen alle Rechte ausschlie\u00dflich bei\u00a0ITALCHILE SRL. Daher darf kein charakteristisches Element dieser Website ohne schriftliche Genehmigung von\u00a0ITALCHILE SRL\u00a0mit beliebigen analogen oder digitalen Mitteln, direkt oder indirekt, vor\u00fcbergehend oder dauerhaft, ganz oder teilweise reproduziert werden; davon ausgenommen sind Reproduktionen, die nur f\u00fcr den pers\u00f6nlichen Gebrauch hergestellt werden. Die Werke, deren Quelle angegeben wird, sind ausschlie\u00dfliches Eigentum ihrer jeweiligen Autoren und ihrer Rechtsnachfolger. Jegliche Vervielf\u00e4ltigung, \u00f6ffentliche Wiedergabe, Verbreitung und \u00dcbersetzung solcher Werke ist ohne schriftliche Genehmigung der jeweiligen Eigent\u00fcmer verboten (diese Aufstellung ist nur ein Beispiel, da auf jeden Fall auf alle diesbez\u00fcglichen Regeln verwiesen werden muss). Die Vervielf\u00e4ltigung nur f\u00fcr den pers\u00f6nlichen Gebrauch ist gestattet, ebenso wie die Zusammenfassung, die Erw\u00e4hnung oder die Vervielf\u00e4ltigung von Ausz\u00fcgen oder Teilen des Werkes sowie ihre \u00f6ffentliche Wiedergabe, sofern sie zum Zweck von Kritiken oder Diskussionen erfolgt, innerhalb der durch diese Zwecke gerechtfertigten Grenzen und solange sie keinen Wettbewerb zur wirtschaftlichen Nutzung des Werkes darstellen, unbeschadet in jedem Fall der Verpflichtung, den Urheber und die Quelle anzugeben. ITALCHILE SRL\u00a0lehnt jede Verantwortung f\u00fcr allf\u00e4llige Verletzungen der Rechte an geistigem Eigentum durch seine Benutzer ab. Alle Marken und andere Unterscheidungszeichen auf der Webseite sind Eigentum von\u00a0ITALCHILE SRL\u00a0oder deren jeweiligen Eigent\u00fcmern. Jede unkorrekte Verwendung derselben ist daher verboten. Insbesondere ist es verboten, ohne vorherige Zustimmung der Inhaber der Rechte, Meta-Tags und\/oder anderer verborgener Texte, bestehend aus Marken oder anderen Unterscheidungszeichen, die im Besitz von\u00a0ITALCHILE SRL\u00a0oder anderen Subjekten sind, zu verwenden. ITALCHILE SRL\u00a0beabsichtigt nicht, die geistigen Eigentumsrechte Dritter zu verletzen. Sollte dennoch jemand der Ansicht sein, in seinen ausschlie\u00dflichen Rechte verletzt zu werden, kann er sich an\u00a0ITALCHILE SRL\u00a0wenden und durchsetzen, dass das gesch\u00fctzte Material entfernt wird oder um andere L\u00f6sungen f\u00fcr die Angelegenheit zu vereinbaren.<\/p>\n","protected":false},"author":1,"featured_media":0,"parent":0,"menu_order":0,"comment_status":"closed","ping_status":"closed","template":"","meta":{"footnotes":""},"class_list":["post-3929","page","type-page","status-publish","hentry"],"blocksy_meta":{"styles_descriptor":{"styles":{"desktop":"","tablet":"","mobile":""},"google_fonts":[],"version":6}},"_links":{"self":[{"href":"https:\/\/www.mosquetas.com\/de\/wp-json\/wp\/v2\/pages\/3929","targetHints":{"allow":["GET"]}}],"collection":[{"href":"https:\/\/www.mosquetas.com\/de\/wp-json\/wp\/v2\/pages"}],"about":[{"href":"https:\/\/www.mosquetas.com\/de\/wp-json\/wp\/v2\/types\/page"}],"author":[{"embeddable":true,"href":"https:\/\/www.mosquetas.com\/de\/wp-json\/wp\/v2\/users\/1"}],"replies":[{"embeddable":true,"href":"https:\/\/www.mosquetas.com\/de\/wp-json\/wp\/v2\/comments?post=3929"}],"version-history":[{"count":0,"href":"https:\/\/www.mosquetas.com\/de\/wp-json\/wp\/v2\/pages\/3929\/revisions"}],"wp:attachment":[{"href":"https:\/\/www.mosquetas.com\/de\/wp-json\/wp\/v2\/media?parent=3929"}],"curies":[{"name":"wp","href":"https:\/\/api.w.org\/{rel}","templated":true}]}}