{"id":3900,"date":"2023-08-23T23:22:24","date_gmt":"2023-08-23T21:22:24","guid":{"rendered":"https:\/\/www.mosquetas.com\/?page_id=3900"},"modified":"2023-08-23T23:39:50","modified_gmt":"2023-08-23T21:39:50","slug":"allgemeine-verkaufsbedingungen","status":"publish","type":"page","link":"https:\/\/www.mosquetas.com\/de\/allgemeine-verkaufsbedingungen\/","title":{"rendered":"Allgemeine Verkaufsbedingungen"},"content":{"rendered":"\t\t<div data-elementor-type=\"wp-page\" data-elementor-id=\"3900\" class=\"elementor elementor-3900 elementor-3899\">\n\t\t\t\t\t\t<section class=\"elementor-section elementor-top-section elementor-element elementor-element-2bcd220 elementor-section-boxed elementor-section-height-default elementor-section-height-default wpr-particle-no wpr-jarallax-no wpr-parallax-no wpr-sticky-section-no wpr-equal-height-no\" data-id=\"2bcd220\" data-element_type=\"section\" data-e-type=\"section\">\n\t\t\t\t\t\t<div class=\"elementor-container elementor-column-gap-default\">\n\t\t\t\t\t<div class=\"elementor-column elementor-col-100 elementor-top-column elementor-element elementor-element-4863c2b3\" data-id=\"4863c2b3\" data-element_type=\"column\" data-e-type=\"column\">\n\t\t\t<div class=\"elementor-widget-wrap elementor-element-populated\">\n\t\t\t\t\t\t<div class=\"elementor-element elementor-element-5732306b elementor-widget elementor-widget-text-editor\" data-id=\"5732306b\" data-element_type=\"widget\" data-e-type=\"widget\" data-widget_type=\"text-editor.default\">\n\t\t\t\t<div class=\"elementor-widget-container\">\n\t\t\t\t\t\t\t\t\t<h2><strong>Allgemeine Verkaufsbedingungen Italien und Schweiz<\/strong><\/h2><h3><strong>ITALIEN<\/strong><\/h3><p><strong>1 IDENTIFIZIERUNG DES LIEFERANTEN<\/strong><\/p><p>Die Waren, die den vorliegenden Allgemeinen Bedingungen unterliegen, werden von der Firma Italchile srl mit Sitz in Varese (VA), Via Giordani 43\/b \u2013 Rechtssitz in: Via Aurelio Saffi, 21, 20123\u00a0 Mailand (MI) \u2013 Steuernr. und Umsatzsteuernummer 09773290151 \u2013 HR Gericht Mailand 09773290151 \u2013 Band 7503 Faszikel 23 VWV Mailand 13158688, zum Verkauf angeboten.<\/p><p><strong>2 ANNAHME DER ALLGEMEINEN VERKAUFSBEDINGUNGEN<\/strong><\/p><p>Der zwischen Italchile srl und dem Kunden abgeschlossene Vertrag gilt als abgeschlossen, sobald \u00a0Italchile srl die Bestellung, auch nur teilweise, annimmt. Diese Annahme gilt als stillschweigend.<\/p><p>Mit der Erteilung einer Bestellung in der vorgesehenen Weise erkl\u00e4rt der Kunde, alle ihm w\u00e4hrend des Kaufvorgangs erteilten Informationen gelesen zu haben und die nachstehend angef\u00fchrten Allgemeinen Bedingungen und Zahlungsbedingungen vollst\u00e4ndig zu akzeptieren.<\/p><p>Mit der Bestellung erkl\u00e4rt der Kunde, dass er den Kauf zu Zwecken t\u00e4tigt, die nicht im Zusammenhang mit der ausge\u00fcbten gewerblichen oder beruflichen T\u00e4tigkeit stehen.<\/p><p>Der Kunde erkl\u00e4rt auch, dass er:<\/p><ul><li>gro\u00dfj\u00e4hrig ist<\/li><li>die f\u00fcr die Aus\u00fcbung des Vertrages angegebenen Daten korrekt und wahrheitsgem\u00e4\u00df sind<\/li><\/ul><p><strong>3 KAUFMODALIT\u00c4TEN<\/strong><\/p><p>Der Kunde kann nur Produkte erwerben, die zum Zeitpunkt der Bestellung im elektronischen Katalog aufscheinen und online unter der Adresse\u00a0<a href=\"https:\/\/www.mosquetas.com\/negozio-online\/\">www.mosquetas.com\/negozio-online\/<\/a>\u00a0einzusehen sind.<\/p><p>Der korrekte Eingang der Bestellung wird durch eine Antwort per E-Mail an die vom Kunden angegebene E-Mail-Adresse best\u00e4tigt.<\/p><p>Im Falle einer Nichtannahme der Bestellung wird Italchile den Kunden unverz\u00fcglich per E-Mail verst\u00e4ndigen.<\/p><p><strong>4 PREISE<\/strong><\/p><p>Alle auf der Website angegebenen Preise verstehen sich inklusive Mehrwertsteuer. Die Preise der Produkte k\u00f6nnen ohne Vorank\u00fcndigung ge\u00e4ndert werden. Allenfalls anfallende Versandkosten werden im Bestellvorgang vor dem Absenden der Bestellung durch den K\u00e4ufer angegeben und berechnet und sind auch in der Zusammenfassung der Webseite der Bestellung angef\u00fchrt.<\/p><p><strong>5 ZAHLUNGSARTEN<\/strong><\/p><p><strong>5.1 Bank\u00fcberweisung<\/strong><\/p><p>Der Versand erfolgt ab dem Tag der Gutschrift des Betrages auf dem Kontokorrent.<\/p><p><strong>5.2 Kreditkarte<\/strong><\/p><p>Bei Zahlung per Kreditkarte wird der Betrag der Bestellung erst dann belastet, wenn die Bestellung vollst\u00e4ndig und versandbereit ist.<\/p><p><strong>5.3 Paypal<\/strong><\/p><p>Bei einem Kaufs mit Zahlung \u00fcber PayPal erfolgt die tats\u00e4chliche Belastung des Bestellbetrags bei Abschluss der Online-Transaktion.<\/p><p><strong>6 LIEFERMODALIT\u00c4TEN UND -KOSTEN<\/strong><\/p><p>Die Versandkosten betragen \u20ac 8,00, gehen zulasten des Kunden und werden bei der Bestellung eindeutig erkl\u00e4rt. Neben dem am Ende des Kaufprozesses angegebenen Gesamtbetrag der Bestellung hat der Kunde keine weiteren Kosten zu tragen.<\/p><p>Die Lieferzeiten werden mit 2-5 Werktagen ab Auftragseingang berechnet.<\/p><p>Bei der Lieferung der Ware durch den Spediteur muss der Kunde \u00fcberpr\u00fcfen, ob die erhaltene Verpackung tats\u00e4chlich unversehrt ist. Etwaige Sch\u00e4den sind unverz\u00fcglich dem Spediteur, der die Lieferung vornimmt, zu melden.<\/p><p>Allf\u00e4llige Probleme im Zusammenhang mit der Vollst\u00e4ndigkeit und \u00dcbereinstimmung der erhaltenen Produkte und ihrer physischen Unversehrtheit sind innerhalb von 7 Tagen nach Lieferung zu melden.<\/p><p>Sollte die Ware nicht innerhalb von 5 Werktagen nach Eingang in den Lagern des Spediteurs abgeholt werden, weil die Lieferung an die vom Kunden zum Zeitpunkt der Bestellung angegebene Adresse unm\u00f6glich ist, wird die Bestellung automatisch storniert.<\/p><p><strong>7 R\u00dcCKTRITTSRECHT<\/strong><\/p><p>Der Kunde hat das Recht, ohne Angabe von Gr\u00fcnden vom Kaufvertrag zur\u00fcckzutreten. Um das R\u00fccktrittsrecht auszu\u00fcben, muss der Kunde Italchile innerhalb von 14 Werktagen nach Erhalt der Ware eine entsprechende Mitteilung zukommen lassen. Diese Mitteilung ist per Einschreiben an folgende Adresse zu senden:<\/p><p><strong>ITALCHILE SRL \u2013 Via Giordani 43\/b \u2013 21100 Varese (VA)<\/strong><\/p><p>Das R\u00fccktrittsrecht gilt f\u00fcr das gekaufte Produkt in seiner Gesamtheit. Der R\u00fccktritt von nur einem Teil des gekauften Produkts ist nicht m\u00f6glich. Die gekaufte Ware muss intakt und vollst\u00e4ndig sein und ist in der Originalverpackung zusammen mit allen Teilen zur\u00fcckzugeben.<\/p><p>Die mit der R\u00fccksendung der Ware verbundenen Versandkosten gehen zu Lasten des Kunden. Der Versand unterliegt bis zum Eingang in unserem Lager der vollen Verantwortung des Kunden.<\/p><p>Italchile wird dem Kunden innerhalb von 14 Tagen nach Eingang der Ware im Lager den vollen Betrag der bereits bezahlten Ware per Bank\u00fcberweisung zur\u00fcckzahlen. Der Kunde muss die Bankverbindung (Vor- und Nachname des Kontoinhabers und IBAN-Code) angeben, auf der er die R\u00fcckerstattung erhalten m\u00f6chte.<\/p><p><strong>8 BESCH\u00c4DIGTE PRODUKTE<\/strong><\/p><p>Sollte ein Kunde besch\u00e4digte Ware erhalten, muss er dies innerhalb von 7 Werktagen an folgende E-Mail-Adresse\u00a0\u00a0<a href=\"mailto:info@italchile.it\">info@italchile.it<\/a>\u00a0\u00a0bekanntgeben. Bitte Geben Sie in der Betreffzeile \u201cbesch\u00e4digtes Produkt\u201d an oder setzen Sie sich mit dem Kundendienst unter 0332\/223894 in Verbindung.<\/p><p><strong>9 REKLAMATIONEN<\/strong><\/p><p>Jede allf\u00e4llige Reklamation ist schriftlich per Einschreiben mit R\u00fcckschein an Italchile Srl, Via Giordani 43\/b, 21100 Varese (VA) zu richten.<\/p><p>Sollten Probleme auftreten, bitten wir den Kunden, sich vor Inangriffnahme der Reklamation an die Mitarbeiter von Italchile zu wenden, um allf\u00e4llige Probleme oder Anomalien direkt und in kurzer Zeit zu beheben.<\/p><p><strong>10 ANWENDBARES RECHT<\/strong><\/p><p>Dieser Vertrag unterliegt dem italienischen Recht.<\/p><p>\u00a0<\/p><h3><strong>SCHWEIZ<\/strong><\/h3><p><strong>1 IDENTIFIZIERUNG DES LIEFERANTEN<\/strong><\/p><p>Die Waren, die den vorliegenden Allgemeinen Bedingungen unterliegen, werden von der Firma Sogitas Sagl mit Sitz in S.Pietro di Stabio (TI), Via Bresce 16 A, CH \u2013 6854 \u2013 S.Pietro zum Verkauf angeboten.<\/p><p><strong>2 ANNAHME DER ALLGEMEINEN VERKAUFSBEDINGUNGEN<\/strong><\/p><p>Der zwischen Sogitas und dem Kunden abgeschlossene Vertrag gilt als abgeschlossen, sobald\u00a0 Sogitas die Bestellung, auch nur teilweise, annimmt. Diese Annahme gilt als stillschweigend.<\/p><p>Mit der Erteilung einer Bestellung in der vorgesehenen Weise erkl\u00e4rt der Kunde, alle ihm w\u00e4hrend des Kaufvorgangs erteilten Informationen gelesen zu haben und die nachstehend angef\u00fchrten Allgemeinen Bedingungen und Zahlungsbedingungen vollst\u00e4ndig zu akzeptieren.<\/p><p>Mit der Bestellung erkl\u00e4rt der Kunde, dass er den Kauf zu Zwecken t\u00e4tigt, die nicht im Zusammenhang mit der ausge\u00fcbten gewerblichen oder beruflichen T\u00e4tigkeit stehen.<\/p><p>Der Kunde erkl\u00e4rt auch, dass er:<\/p><ul><li>gro\u00dfj\u00e4hrig ist<\/li><li>die f\u00fcr die Aus\u00fcbung des Vertrages angegebenen Daten korrekt und wahrheitsgem\u00e4\u00df sind<\/li><\/ul><p><strong>3 KAUFMODALIT\u00c4TEN<\/strong><\/p><p>Der Kunde kann nur Produkte erwerben, die zum Zeitpunkt der Bestellung im elektronischen Katalog aufscheinen und online unter der Adresse\u00a0<a href=\"https:\/\/www.mosquetas.com\/negozio-online\/\">www.mosquetas.com\/negozio-online\/<\/a>\u00a0einzusehen sind.<\/p><p>Der korrekte Eingang der Bestellung wird durch eine Antwort per E-Mail an die vom Kunden angegebene E-Mail-Adresse best\u00e4tigt.<\/p><p>Im Falle einer Nichtannahme der Bestellung wird Sogitas den Kunden unverz\u00fcglich per E-Mail verst\u00e4ndigen.<\/p><p><strong>4 PREISE<\/strong><\/p><p>Alle auf der Website angegebenen Preise verstehen sich inklusive Mehrwertsteuer. Die Preise der Produkte k\u00f6nnen ohne Vorank\u00fcndigung ge\u00e4ndert werden. Allenfalls anfallende Versandkosten werden im Bestellvorgang vor dem Absenden der Bestellung durch den K\u00e4ufer angegeben und berechnet und sind auch in der Zusammenfassung der Webseite der Bestellung angef\u00fchrt.<\/p><p><strong>5 ZAHLUNGSARTEN<\/strong><\/p><p><strong>5.1 Bank\u00fcberweisung<\/strong><\/p><p>Der Versand erfolgt ab dem Tag der Gutschrift des Betrages auf dem Kontokorrent.<\/p><p><strong>5.2 Kreditkarte<\/strong><\/p><p>Bei Zahlung per Kreditkarte wird der Betrag der Bestellung erst dann belastet, wenn die Bestellung vollst\u00e4ndig und versandbereit ist.<\/p><p><strong>5.3 Paypal<\/strong><\/p><p>Bei einem Kaufs mit Zahlung \u00fcber PayPal erfolgt die tats\u00e4chliche Belastung des Bestellbetrags bei Abschluss der Online-Transaktion.<\/p><p><strong>6 LIEFERMODALIT\u00c4TEN UND -KOSTEN<\/strong><\/p><p>Die Versandkosten betragen CHF 8,00, gehen zulasten des Kunden und werden bei der Bestellung eindeutig erkl\u00e4rt. Neben dem am Ende des Kaufprozesses angegebenen Gesamtbetrag der Bestellung hat der Kunde keine weiteren Kosten zu tragen.<\/p><p>Die Lieferzeiten werden mit 2-5 Werktagen ab Auftragseingang berechnet.<\/p><p>Bei der Lieferung der Ware durch den Spediteur muss der Kunde \u00fcberpr\u00fcfen, ob die erhaltene Verpackung tats\u00e4chlich unversehrt ist. Etwaige Sch\u00e4den sind unverz\u00fcglich dem Spediteur, der die Lieferung vornimmt, zu melden.<\/p><p>Allf\u00e4llige Probleme im Zusammenhang mit der Vollst\u00e4ndigkeit und \u00dcbereinstimmung der erhaltenen Produkte und ihrer physischen Unversehrtheit sind innerhalb von 7 Tagen nach Lieferung zu melden.<\/p><p>Sollte die Ware nicht innerhalb von 5 Werktagen nach Eingang in den Lagern des Spediteurs abgeholt werden, weil die Lieferung an die vom Kunden zum Zeitpunkt der Bestellung angegebene Adresse unm\u00f6glich ist, wird die Bestellung automatisch storniert.<\/p><p><strong>7 R\u00dcCKTRITTSRECHT<\/strong><\/p><p>Der Kunde hat das Recht, ohne Angabe von Gr\u00fcnden vom Kaufvertrag zur\u00fcckzutreten. Um das R\u00fccktrittsrecht auszu\u00fcben, muss der Kunde Sogitas innerhalb von 14 Werktagen nach Erhalt der Ware eine entsprechende Mitteilung zukommen lassen. Diese Mitteilung ist per Einschreiben an folgende Adresse zu senden:<\/p><p><strong>SOGITAS Sagl, Via Bresce 16 A, CH \u2013 6854 \u2013 S.Pietro di Stabio<\/strong><\/p><p>Das R\u00fccktrittsrecht gilt f\u00fcr das gekaufte Produkt in seiner Gesamtheit. Der R\u00fccktritt von nur einem Teil des gekauften Produkts ist nicht m\u00f6glich. Die gekaufte Ware muss intakt und vollst\u00e4ndig sein und ist in der Originalverpackung zusammen mit allen Teilen zur\u00fcckzugeben.<\/p><p>Die mit der R\u00fccksendung der Ware verbundenen Versandkosten gehen zu Lasten des Kunden. Der Versand unterliegt bis zum Eingang in unserem Lager der vollen Verantwortung des Kunden.<\/p><p>Sogitas wird dem Kunden innerhalb von 14 Tagen nach Eingang der Ware im Lager den vollen Betrag der bereits bezahlten Ware per Bank\u00fcberweisung zur\u00fcckzahlen. Der Kunde muss die Bankverbindung (Vor- und Nachname des Kontoinhabers und IBAN-Code) angeben, auf der er die R\u00fcckerstattung erhalten m\u00f6chte.<\/p><p><strong>8 BESCH\u00c4DIGTE PRODUKTE<\/strong><\/p><p>Sollte ein Kunde besch\u00e4digte Ware erhalten, muss er dies innerhalb von 7 Werktagen an folgende E-Mail-Adresse\u00a0<a href=\"mailto:info@italchile.it\">sogitassagl@bluewin.ch<\/a>\u00a0bekanntgeben. Bitte geben Sie in der Betreffzeile \u201cbesch\u00e4digtes Produkt\u201d an oder setzen Sie sich mit dem Kundendienst unter 079 1714647 in Verbindung.<\/p><p><strong>9 REKLAMATIONEN<\/strong><\/p><p>Jede allf\u00e4llige Reklamation ist schriftlich an folgende Adresse zu richten:<\/p><p>SOGITAS Sagl, Via Bresce 16A, CH \u2013 6854 \u2013 S.Pietro di Stabio<\/p><p>Sollten Probleme auftreten, bitten wir den Kunden, sich vor Inangriffnahme der Reklamation an die Mitarbeiter von Sogitas zu wenden, um allf\u00e4llige Probleme oder Anomalien direkt und in kurzer Zeit zu beheben.<\/p><p><strong>10 ANWENDBARES RECHT<\/strong><\/p><p>Dieser Vertrag unterliegt dem schweizerischen Recht.<\/p>\t\t\t\t\t\t\t\t<\/div>\n\t\t\t\t<\/div>\n\t\t\t\t\t<\/div>\n\t\t<\/div>\n\t\t\t\t\t<\/div>\n\t\t<\/section>\n\t\t\t\t<\/div>\n\t\t","protected":false},"excerpt":{"rendered":"<p>Allgemeine Verkaufsbedingungen Italien und Schweiz ITALIEN 1 IDENTIFIZIERUNG DES LIEFERANTEN Die Waren, die den vorliegenden Allgemeinen Bedingungen unterliegen, werden von der Firma Italchile srl mit Sitz in Varese (VA), Via Giordani 43\/b \u2013 Rechtssitz in: Via Aurelio Saffi, 21, 20123\u00a0 Mailand (MI) \u2013 Steuernr. und Umsatzsteuernummer 09773290151 \u2013 HR Gericht Mailand 09773290151 \u2013 Band 7503 Faszikel 23 VWV Mailand 13158688, zum Verkauf angeboten. 2 ANNAHME DER ALLGEMEINEN VERKAUFSBEDINGUNGEN Der zwischen Italchile srl und dem Kunden abgeschlossene Vertrag gilt als abgeschlossen, sobald \u00a0Italchile srl die Bestellung, auch nur teilweise, annimmt. Diese Annahme gilt als stillschweigend. Mit der Erteilung einer Bestellung in der vorgesehenen Weise erkl\u00e4rt der Kunde, alle ihm w\u00e4hrend des Kaufvorgangs erteilten Informationen gelesen zu haben und die nachstehend angef\u00fchrten Allgemeinen Bedingungen und Zahlungsbedingungen vollst\u00e4ndig zu akzeptieren. Mit der Bestellung erkl\u00e4rt der Kunde, dass er den Kauf zu Zwecken t\u00e4tigt, die nicht im Zusammenhang mit der ausge\u00fcbten gewerblichen oder beruflichen T\u00e4tigkeit stehen. Der Kunde erkl\u00e4rt auch, dass er: gro\u00dfj\u00e4hrig ist die f\u00fcr die Aus\u00fcbung des Vertrages angegebenen Daten korrekt und wahrheitsgem\u00e4\u00df sind 3 KAUFMODALIT\u00c4TEN Der Kunde kann nur Produkte erwerben, die zum Zeitpunkt der Bestellung im elektronischen Katalog aufscheinen und online unter der Adresse\u00a0www.mosquetas.com\/negozio-online\/\u00a0einzusehen sind. Der korrekte Eingang der Bestellung wird durch eine Antwort per E-Mail an die vom Kunden angegebene E-Mail-Adresse best\u00e4tigt. Im Falle einer Nichtannahme der Bestellung wird Italchile den Kunden unverz\u00fcglich per E-Mail verst\u00e4ndigen. 4 PREISE Alle auf der Website angegebenen Preise verstehen sich inklusive Mehrwertsteuer. Die Preise der Produkte k\u00f6nnen ohne Vorank\u00fcndigung ge\u00e4ndert werden. Allenfalls anfallende Versandkosten werden im Bestellvorgang vor dem Absenden der Bestellung durch den K\u00e4ufer angegeben und berechnet und sind auch in der Zusammenfassung der Webseite der Bestellung angef\u00fchrt. 5 ZAHLUNGSARTEN 5.1 Bank\u00fcberweisung Der Versand erfolgt ab dem Tag der Gutschrift des Betrages auf dem Kontokorrent. 5.2 Kreditkarte Bei Zahlung per Kreditkarte wird der Betrag der Bestellung erst dann belastet, wenn die Bestellung vollst\u00e4ndig und versandbereit ist. 5.3 Paypal Bei einem Kaufs mit Zahlung \u00fcber PayPal erfolgt die tats\u00e4chliche Belastung des Bestellbetrags bei Abschluss der Online-Transaktion. 6 LIEFERMODALIT\u00c4TEN UND -KOSTEN Die Versandkosten betragen \u20ac 8,00, gehen zulasten des Kunden und werden bei der Bestellung eindeutig erkl\u00e4rt. Neben dem am Ende des Kaufprozesses angegebenen Gesamtbetrag der Bestellung hat der Kunde keine weiteren Kosten zu tragen. Die Lieferzeiten werden mit 2-5 Werktagen ab Auftragseingang berechnet. Bei der Lieferung der Ware durch den Spediteur muss der Kunde \u00fcberpr\u00fcfen, ob die erhaltene Verpackung tats\u00e4chlich unversehrt ist. Etwaige Sch\u00e4den sind unverz\u00fcglich dem Spediteur, der die Lieferung vornimmt, zu melden. Allf\u00e4llige Probleme im Zusammenhang mit der Vollst\u00e4ndigkeit und \u00dcbereinstimmung der erhaltenen Produkte und ihrer physischen Unversehrtheit sind innerhalb von 7 Tagen nach Lieferung zu melden. Sollte die Ware nicht innerhalb von 5 Werktagen nach Eingang in den Lagern des Spediteurs abgeholt werden, weil die Lieferung an die vom Kunden zum Zeitpunkt der Bestellung angegebene Adresse unm\u00f6glich ist, wird die Bestellung automatisch storniert. 7 R\u00dcCKTRITTSRECHT Der Kunde hat das Recht, ohne Angabe von Gr\u00fcnden vom Kaufvertrag zur\u00fcckzutreten. Um das R\u00fccktrittsrecht auszu\u00fcben, muss der Kunde Italchile innerhalb von 14 Werktagen nach Erhalt der Ware eine entsprechende Mitteilung zukommen lassen. Diese Mitteilung ist per Einschreiben an folgende Adresse zu senden: ITALCHILE SRL \u2013 Via Giordani 43\/b \u2013 21100 Varese (VA) Das R\u00fccktrittsrecht gilt f\u00fcr das gekaufte Produkt in seiner Gesamtheit. Der R\u00fccktritt von nur einem Teil des gekauften Produkts ist nicht m\u00f6glich. Die gekaufte Ware muss intakt und vollst\u00e4ndig sein und ist in der Originalverpackung zusammen mit allen Teilen zur\u00fcckzugeben. Die mit der R\u00fccksendung der Ware verbundenen Versandkosten gehen zu Lasten des Kunden. Der Versand unterliegt bis zum Eingang in unserem Lager der vollen Verantwortung des Kunden. Italchile wird dem Kunden innerhalb von 14 Tagen nach Eingang der Ware im Lager den vollen Betrag der bereits bezahlten Ware per Bank\u00fcberweisung zur\u00fcckzahlen. Der Kunde muss die Bankverbindung (Vor- und Nachname des Kontoinhabers und IBAN-Code) angeben, auf der er die R\u00fcckerstattung erhalten m\u00f6chte. 8 BESCH\u00c4DIGTE PRODUKTE Sollte ein Kunde besch\u00e4digte Ware erhalten, muss er dies innerhalb von 7 Werktagen an folgende E-Mail-Adresse\u00a0\u00a0info@italchile.it\u00a0\u00a0bekanntgeben. Bitte Geben Sie in der Betreffzeile \u201cbesch\u00e4digtes Produkt\u201d an oder setzen Sie sich mit dem Kundendienst unter 0332\/223894 in Verbindung. 9 REKLAMATIONEN Jede allf\u00e4llige Reklamation ist schriftlich per Einschreiben mit R\u00fcckschein an Italchile Srl, Via Giordani 43\/b, 21100 Varese (VA) zu richten. Sollten Probleme auftreten, bitten wir den Kunden, sich vor Inangriffnahme der Reklamation an die Mitarbeiter von Italchile zu wenden, um allf\u00e4llige Probleme oder Anomalien direkt und in kurzer Zeit zu beheben. 10 ANWENDBARES RECHT Dieser Vertrag unterliegt dem italienischen Recht. \u00a0 SCHWEIZ 1 IDENTIFIZIERUNG DES LIEFERANTEN Die Waren, die den vorliegenden Allgemeinen Bedingungen unterliegen, werden von der Firma Sogitas Sagl mit Sitz in S.Pietro di Stabio (TI), Via Bresce 16 A, CH \u2013 6854 \u2013 S.Pietro zum Verkauf angeboten. 2 ANNAHME DER ALLGEMEINEN VERKAUFSBEDINGUNGEN Der zwischen Sogitas und dem Kunden abgeschlossene Vertrag gilt als abgeschlossen, sobald\u00a0 Sogitas die Bestellung, auch nur teilweise, annimmt. Diese Annahme gilt als stillschweigend. Mit der Erteilung einer Bestellung in der vorgesehenen Weise erkl\u00e4rt der Kunde, alle ihm w\u00e4hrend des Kaufvorgangs erteilten Informationen gelesen zu haben und die nachstehend angef\u00fchrten Allgemeinen Bedingungen und Zahlungsbedingungen vollst\u00e4ndig zu akzeptieren. Mit der Bestellung erkl\u00e4rt der Kunde, dass er den Kauf zu Zwecken t\u00e4tigt, die nicht im Zusammenhang mit der ausge\u00fcbten gewerblichen oder beruflichen T\u00e4tigkeit stehen. Der Kunde erkl\u00e4rt auch, dass er: gro\u00dfj\u00e4hrig ist die f\u00fcr die Aus\u00fcbung des Vertrages angegebenen Daten korrekt und wahrheitsgem\u00e4\u00df sind 3 KAUFMODALIT\u00c4TEN Der Kunde kann nur Produkte erwerben, die zum Zeitpunkt der Bestellung im elektronischen Katalog aufscheinen und online unter der Adresse\u00a0www.mosquetas.com\/negozio-online\/\u00a0einzusehen sind. Der korrekte Eingang der Bestellung wird durch eine Antwort per E-Mail an die vom Kunden angegebene E-Mail-Adresse best\u00e4tigt. Im Falle einer Nichtannahme der Bestellung wird Sogitas den Kunden unverz\u00fcglich per E-Mail verst\u00e4ndigen. 4 PREISE Alle auf der Website angegebenen Preise verstehen sich inklusive Mehrwertsteuer. Die Preise der Produkte k\u00f6nnen ohne Vorank\u00fcndigung ge\u00e4ndert werden. Allenfalls anfallende Versandkosten werden im Bestellvorgang vor dem Absenden der Bestellung durch den K\u00e4ufer angegeben und berechnet und sind auch in der Zusammenfassung der Webseite der Bestellung angef\u00fchrt. 5 ZAHLUNGSARTEN 5.1 Bank\u00fcberweisung Der Versand erfolgt ab dem<\/p>\n","protected":false},"author":1,"featured_media":0,"parent":0,"menu_order":0,"comment_status":"closed","ping_status":"closed","template":"","meta":{"footnotes":""},"class_list":["post-3900","page","type-page","status-publish","hentry"],"blocksy_meta":[],"_links":{"self":[{"href":"https:\/\/www.mosquetas.com\/de\/wp-json\/wp\/v2\/pages\/3900","targetHints":{"allow":["GET"]}}],"collection":[{"href":"https:\/\/www.mosquetas.com\/de\/wp-json\/wp\/v2\/pages"}],"about":[{"href":"https:\/\/www.mosquetas.com\/de\/wp-json\/wp\/v2\/types\/page"}],"author":[{"embeddable":true,"href":"https:\/\/www.mosquetas.com\/de\/wp-json\/wp\/v2\/users\/1"}],"replies":[{"embeddable":true,"href":"https:\/\/www.mosquetas.com\/de\/wp-json\/wp\/v2\/comments?post=3900"}],"version-history":[{"count":0,"href":"https:\/\/www.mosquetas.com\/de\/wp-json\/wp\/v2\/pages\/3900\/revisions"}],"wp:attachment":[{"href":"https:\/\/www.mosquetas.com\/de\/wp-json\/wp\/v2\/media?parent=3900"}],"curies":[{"name":"wp","href":"https:\/\/api.w.org\/{rel}","templated":true}]}}