{"id":3381,"date":"2023-08-23T15:48:11","date_gmt":"2023-08-23T13:48:11","guid":{"rendered":"https:\/\/www.mosquetas.com\/?page_id=3381"},"modified":"2023-08-30T15:47:08","modified_gmt":"2023-08-30T13:47:08","slug":"zertifizierungen","status":"publish","type":"page","link":"https:\/\/www.mosquetas.com\/de\/zertifizierungen\/","title":{"rendered":"Zertifizierungen"},"content":{"rendered":"\t\t<div data-elementor-type=\"wp-page\" data-elementor-id=\"3381\" class=\"elementor elementor-3381 elementor-3380\">\n\t\t\t\t<div class=\"elementor-element elementor-element-da2f1b1 e-flex e-con-boxed wpr-particle-no wpr-jarallax-no wpr-parallax-no wpr-sticky-section-no wpr-equal-height-no e-con e-parent\" data-id=\"da2f1b1\" data-element_type=\"container\" data-e-type=\"container\" data-settings=\"{&quot;background_background&quot;:&quot;classic&quot;}\">\n\t\t\t\t\t<div class=\"e-con-inner\">\n\t\t\t\t<div class=\"elementor-element elementor-element-3fedb34 elementor-widget elementor-widget-heading\" data-id=\"3fedb34\" data-element_type=\"widget\" data-e-type=\"widget\" data-widget_type=\"heading.default\">\n\t\t\t\t<div class=\"elementor-widget-container\">\n\t\t\t\t\t<h1 class=\"elementor-heading-title elementor-size-default\">Zertifizierungen<\/h1>\t\t\t\t<\/div>\n\t\t\t\t<\/div>\n\t\t\t\t\t<\/div>\n\t\t\t\t<\/div>\n\t\t<div class=\"elementor-element elementor-element-5e11a2b e-flex e-con-boxed wpr-particle-no wpr-jarallax-no wpr-parallax-no wpr-sticky-section-no wpr-equal-height-no e-con e-parent\" data-id=\"5e11a2b\" data-element_type=\"container\" data-e-type=\"container\">\n\t\t\t\t\t<div class=\"e-con-inner\">\n\t\t\t\t<div class=\"elementor-element elementor-element-c117e0b elementor-widget elementor-widget-text-editor\" data-id=\"c117e0b\" data-element_type=\"widget\" data-e-type=\"widget\" data-widget_type=\"text-editor.default\">\n\t\t\t\t<div class=\"elementor-widget-container\">\n\t\t\t\t\t\t\t\t\t<p>\u00a0 <img loading=\"lazy\" decoding=\"async\" class=\"alignnone wp-image-3406\" src=\"https:\/\/www.mosquetas.com\/wp-content\/uploads\/2023\/08\/LOGO-COSMETIQUE-BIO-800x617.jpg.webp\" alt=\"\" width=\"84\" height=\"65\" srcset=\"https:\/\/www.mosquetas.com\/wp-content\/uploads\/2023\/08\/LOGO-COSMETIQUE-BIO-800x617.jpg.webp 800w, https:\/\/www.mosquetas.com\/wp-content\/uploads\/2023\/08\/LOGO-COSMETIQUE-BIO-800x617.jpg-600x463.webp 600w, https:\/\/www.mosquetas.com\/wp-content\/uploads\/2023\/08\/LOGO-COSMETIQUE-BIO-800x617.jpg-300x231.webp 300w, https:\/\/www.mosquetas.com\/wp-content\/uploads\/2023\/08\/LOGO-COSMETIQUE-BIO-800x617.jpg-768x592.webp 768w\" sizes=\"auto, (max-width: 84px) 100vw, 84px\" \/>\u00a0 \u00a0<img loading=\"lazy\" decoding=\"async\" class=\"alignnone wp-image-3391\" src=\"https:\/\/www.mosquetas.com\/wp-content\/uploads\/2023\/08\/EU_Organic_Logo_Colour_rgb-300x200.jpg.webp\" alt=\"\" width=\"98\" height=\"65\" \/>\u00a0 \u00a0 <img loading=\"lazy\" decoding=\"async\" class=\"alignnone wp-image-3411\" src=\"https:\/\/www.mosquetas.com\/wp-content\/uploads\/2023\/08\/LOGO-ECOCERT-FRANCIA-300x210.jpg.webp\" alt=\"\" width=\"93\" height=\"65\" \/> <img loading=\"lazy\" decoding=\"async\" class=\"alignnone wp-image-3416\" src=\"https:\/\/www.mosquetas.com\/wp-content\/uploads\/2023\/08\/logo-ecogruppo.jpg.webp\" alt=\"\" width=\"138\" height=\"65\" \/><img loading=\"lazy\" decoding=\"async\" class=\"alignnone wp-image-3396\" src=\"https:\/\/www.mosquetas.com\/wp-content\/uploads\/2023\/08\/LOGO-AB-604x800.jpg.webp\" alt=\"\" width=\"57\" height=\"75\" srcset=\"https:\/\/www.mosquetas.com\/wp-content\/uploads\/2023\/08\/LOGO-AB-604x800.jpg.webp 604w, https:\/\/www.mosquetas.com\/wp-content\/uploads\/2023\/08\/LOGO-AB-604x800.jpg-600x795.webp 600w, https:\/\/www.mosquetas.com\/wp-content\/uploads\/2023\/08\/LOGO-AB-604x800.jpg-227x300.webp 227w\" sizes=\"auto, (max-width: 57px) 100vw, 57px\" \/><\/p><p><strong>Die durchg\u00e4ngige Treue zur biologischen Kosmetik ist f\u00fcr ITALCHILE seit je her ein Muss, was sich auch in der erhaltenen <img loading=\"lazy\" decoding=\"async\" class=\"alignnone  wp-image-3409\" src=\"https:\/\/www.mosquetas.com\/wp-content\/uploads\/2023\/08\/LOGO-COSMETIQUE-BIO-800x617.jpg.webp\" alt=\"\" width=\"34\" height=\"26\" srcset=\"https:\/\/www.mosquetas.com\/wp-content\/uploads\/2023\/08\/LOGO-COSMETIQUE-BIO-800x617.jpg.webp 800w, https:\/\/www.mosquetas.com\/wp-content\/uploads\/2023\/08\/LOGO-COSMETIQUE-BIO-800x617.jpg-600x463.webp 600w, https:\/\/www.mosquetas.com\/wp-content\/uploads\/2023\/08\/LOGO-COSMETIQUE-BIO-800x617.jpg-300x231.webp 300w, https:\/\/www.mosquetas.com\/wp-content\/uploads\/2023\/08\/LOGO-COSMETIQUE-BIO-800x617.jpg-768x592.webp 768w\" sizes=\"auto, (max-width: 34px) 100vw, 34px\" \/><\/strong><strong>Zertifizierung<\/strong>\u00a0widerspiegelt, eine Zertifizierung die zuerst f\u00fcr \u201eRosa Mosqueta\u201c, die Wildrose (als weltweiter Exklusivanbieter), Hauptinhaltsstoff der Produkte von Italchile und dann f\u00fcr eine immer gr\u00f6\u00dfer werdende Anzahl von Produkten erhalten wurde.<\/p><p>Seit 1989 tr\u00e4gt das\u00a0<strong>Wildrosen\u00f6l<\/strong>\u00a0die Bio-Zertifizierung,\u00a0 die zun\u00e4chst in S\u00fcdamerika durch IMO verliehen wurde und schlie\u00dflich auch seit 1996 vom Verband ECOGRUPPO Italia.<\/p><p>Alle Produkte der Kosmetiklinie Mosqueta\u2019s, die nach September 2002 entwickelt wurden (Datum des Beitritts von Italchile in den Verband COSMEBIO), entsprechen den strengen ECOCERT-Vorgaben f\u00fcr Bio*-Kosmetik.<\/p><p>*\u00a0<em>Cosm\u00e9tique \u00e9cologique et biologique certifi\u00e9 par ECOCERT Greenlife selon le r\u00e9f\u00e9rentiel ECOCERT disponible sur\u00a0<\/em><em><a href=\"https:\/\/www.ecocert.com\/cosmetique-ecologique-et-biologique\/\" rel=\"nofollow noopener\" target=\"_blank\">https:\/\/www.ecocert.com\/cosmetique-ecologique-et-biologique\/<\/a><\/em><em>.<\/em><\/p><p>*\u00a0<em>COSMOS ORGANIC certifi\u00e9 par Ecocert Greenlife selon le r\u00e9f\u00e9rentiel COSMOS disponible sur\u00a0<\/em><em><a href=\"https:\/\/www.ecocert.com\/fr\/certification\/cosmetiques-biologiques-ou-naturels-cosmos\" rel=\"nofollow noopener\" target=\"_blank\">https:\/\/COSMOS.ecocert.com<\/a><\/em><em>.<\/em><\/p>\t\t\t\t\t\t\t\t<\/div>\n\t\t\t\t<\/div>\n\t\t\t\t\t<\/div>\n\t\t\t\t<\/div>\n\t\t\t\t<\/div>\n\t\t","protected":false},"excerpt":{"rendered":"<p>Zertifizierungen \u00a0 \u00a0 \u00a0\u00a0 \u00a0 Die durchg\u00e4ngige Treue zur biologischen Kosmetik ist f\u00fcr ITALCHILE seit je her ein Muss, was sich auch in der erhaltenen Zertifizierung\u00a0widerspiegelt, eine Zertifizierung die zuerst f\u00fcr \u201eRosa Mosqueta\u201c, die Wildrose (als weltweiter Exklusivanbieter), Hauptinhaltsstoff der Produkte von Italchile und dann f\u00fcr eine immer gr\u00f6\u00dfer werdende Anzahl von Produkten erhalten wurde. Seit 1989 tr\u00e4gt das\u00a0Wildrosen\u00f6l\u00a0die Bio-Zertifizierung,\u00a0 die zun\u00e4chst in S\u00fcdamerika durch IMO verliehen wurde und schlie\u00dflich auch seit 1996 vom Verband ECOGRUPPO Italia. Alle Produkte der Kosmetiklinie Mosqueta\u2019s, die nach September 2002 entwickelt wurden (Datum des Beitritts von Italchile in den Verband COSMEBIO), entsprechen den strengen ECOCERT-Vorgaben f\u00fcr Bio*-Kosmetik. *\u00a0Cosm\u00e9tique \u00e9cologique et biologique certifi\u00e9 par ECOCERT Greenlife selon le r\u00e9f\u00e9rentiel ECOCERT disponible sur\u00a0https:\/\/www.ecocert.com\/cosmetique-ecologique-et-biologique\/. *\u00a0COSMOS ORGANIC certifi\u00e9 par Ecocert Greenlife selon le r\u00e9f\u00e9rentiel COSMOS disponible sur\u00a0https:\/\/COSMOS.ecocert.com.<\/p>\n","protected":false},"author":1,"featured_media":0,"parent":0,"menu_order":0,"comment_status":"closed","ping_status":"closed","template":"","meta":{"footnotes":""},"class_list":["post-3381","page","type-page","status-publish","hentry"],"blocksy_meta":{"styles_descriptor":{"styles":{"desktop":"","tablet":"","mobile":""},"google_fonts":[],"version":6},"page_title_panel":"","has_hero_section":"disabled","1d15b7934ff424ab25737f2d764de13a":"","hero_section":"type-1","hero_elements":[{"id":"custom_title","enabled":true,"heading_tag":"h1","title":"Home"},{"id":"custom_description","enabled":true,"description_visibility":{"desktop":true,"tablet":true,"mobile":false}},{"id":"custom_meta","enabled":false,"meta_elements":[{"id":"author","enabled":true,"label":"By","has_author_avatar":"yes","avatar_size":25},{"id":"post_date","enabled":true,"label":"On","date_format_source":"default","date_format":"M j, Y"},{"id":"updated_date","enabled":false,"label":"On","date_format_source":"default","date_format":"M j, Y"},{"id":"categories","enabled":false,"label":"In","style":"simple"},{"id":"comments","enabled":true}],"page_meta_elements":{"joined":true,"articles_count":true,"comments":true}},{"id":"breadcrumbs","enabled":false}],"e377139f0e48a4cb5a64798ea8d651b9":"","hero_alignment1":"CT_CSS_SKIP_RULE","hero_margin":40,"hero_alignment2":"center","hero_vertical_alignment":"center","af09189de71c08c18e1cd076aeaad8fe":"","hero_structure":"narrow","4241a204ae10e70836b130f646a7f2d5":"","page_title_bg_type":"featured_image","custom_hero_background":{"attachment_id":null},"page_title_image_size":"full","parallax":{"desktop":false,"tablet":false,"mobile":false},"37c6846e78051bc32791c6958664507d":"","hero_height":"250px","pageTitleFont":{"family":"Default","variation":"Default","size":"30px","line-height":"CT_CSS_SKIP_RULE","letter-spacing":"CT_CSS_SKIP_RULE","text-transform":"CT_CSS_SKIP_RULE","text-decoration":"CT_CSS_SKIP_RULE"},"pageTitleFontColor":{"default":{"color":"CT_CSS_SKIP_RULEDEFAULT"}},"pageMetaFont":{"family":"Default","variation":"n6","size":"12px","line-height":"1.3","letter-spacing":"CT_CSS_SKIP_RULE","text-transform":"uppercase","text-decoration":"CT_CSS_SKIP_RULE"},"pageMetaFontColor":{"default":{"color":"CT_CSS_SKIP_RULEDEFAULT"},"hover":{"color":"CT_CSS_SKIP_RULEDEFAULT"}},"page_meta_button_type_font_colors":{"default":{"color":"CT_CSS_SKIP_RULEDEFAULT"},"hover":{"color":"CT_CSS_SKIP_RULEDEFAULT"}},"page_meta_button_type_background_colors":{"default":{"color":"CT_CSS_SKIP_RULEDEFAULT"},"hover":{"color":"CT_CSS_SKIP_RULEDEFAULT"}},"pageExcerptFont":{"family":"Default","variation":"Default","size":"CT_CSS_SKIP_RULE","line-height":"CT_CSS_SKIP_RULE","letter-spacing":"CT_CSS_SKIP_RULE","text-transform":"CT_CSS_SKIP_RULE","text-decoration":"CT_CSS_SKIP_RULE"},"pageExcerptColor":{"default":{"color":"CT_CSS_SKIP_RULEDEFAULT"}},"breadcrumbsFont":{"family":"Default","variation":"Default","size":"CT_CSS_SKIP_RULE","line-height":"CT_CSS_SKIP_RULE","letter-spacing":"CT_CSS_SKIP_RULE","text-transform":"CT_CSS_SKIP_RULE","text-decoration":"CT_CSS_SKIP_RULE"},"breadcrumbsFontColor":{"default":{"color":"CT_CSS_SKIP_RULEDEFAULT"},"initial":{"color":"CT_CSS_SKIP_RULEDEFAULT"},"hover":{"color":"CT_CSS_SKIP_RULEDEFAULT"}},"pageTitleOverlay":{"background_type":"color","background_pattern":"type-1","background_image":{"attachment_id":null,"x":0,"y":0},"gradient":"linear-gradient(135deg,rgba(6,147,227,1) 0%,rgb(155,81,224) 100%)","background_repeat":"repeat","background_size":"auto","background_attachment":"scroll","patternColor":{"default":{"color":"#e5e7ea"}},"overlayColor":{"default":{"color":"CT_CSS_SKIP_RULE"}},"backgroundColor":{"default":{"color":"CT_CSS_SKIP_RULE"}}},"pageTitleBackground":{"background_type":"color","background_pattern":"type-1","background_image":{"attachment_id":null,"x":0,"y":0},"gradient":"linear-gradient(135deg,rgba(6,147,227,1) 0%,rgb(155,81,224) 100%)","background_repeat":"repeat","background_size":"auto","background_attachment":"scroll","patternColor":{"default":{"color":"#e5e7ea"}},"overlayColor":{"default":{"color":"CT_CSS_SKIP_RULE"}},"backgroundColor":{"default":{"color":"var(--theme-palette-color-6)"}}},"pageTitlePadding":{"top":"50px","bottom":"50px","left":"auto","right":"auto","linked":true},"a8fa859ceafab67cbfce97e380ccc088":"","page_structure_type":"default","2c44625e200027fb7003d1deb510aed8":"","content_style_source":"inherit","content_style":"wide","vertical_spacing_source":"custom","content_area_spacing":"none","background":{"background_type":"color","background_pattern":"type-1","background_image":{"attachment_id":null,"x":0,"y":0},"gradient":"linear-gradient(135deg,rgba(6,147,227,1) 0%,rgb(155,81,224) 100%)","background_repeat":"repeat","background_size":"auto","background_attachment":"scroll","patternColor":{"default":{"color":"#e5e7ea"}},"overlayColor":{"default":{"color":"CT_CSS_SKIP_RULE"}},"backgroundColor":{"default":{"color":"CT_CSS_SKIP_RULE"}}},"content_background":{"background_type":"color","background_pattern":"type-1","background_image":{"attachment_id":null,"x":0,"y":0},"gradient":"linear-gradient(135deg,rgba(6,147,227,1) 0%,rgb(155,81,224) 100%)","background_repeat":"repeat","background_size":"auto","background_attachment":"scroll","patternColor":{"default":{"color":"#e5e7ea"}},"overlayColor":{"default":{"color":"CT_CSS_SKIP_RULE"}},"backgroundColor":{"default":{"color":"var(--theme-palette-color-8)"}}},"content_boxed_shadow":{"inherit":false,"blur":18,"spread":-6,"v_offset":12,"h_offset":0,"inset":false,"enable":true,"color":{"color":"rgba(34, 56, 101, 0.04)"}},"content_boxed_border":{"width":1,"style":"none","color":{"color":"rgba(44,62,80,0.2)"}},"content_boxed_radius":{"top":"3px","bottom":"3px","left":"3px","right":"3px","linked":true},"boxed_content_spacing":{"desktop":{"top":"40px","bottom":"40px","left":"40px","right":"40px","linked":true},"tablet":{"top":"35px","bottom":"35px","left":"35px","right":"35px","linked":true},"mobile":{"top":"20px","bottom":"20px","left":"20px","right":"20px","linked":true}},"b6a9da5a132a1b76f66ef374aa22372c":"","disable_featured_image":"no","disable_share_box":"no","disable_header":"no","disable_footer":"no"},"_links":{"self":[{"href":"https:\/\/www.mosquetas.com\/de\/wp-json\/wp\/v2\/pages\/3381","targetHints":{"allow":["GET"]}}],"collection":[{"href":"https:\/\/www.mosquetas.com\/de\/wp-json\/wp\/v2\/pages"}],"about":[{"href":"https:\/\/www.mosquetas.com\/de\/wp-json\/wp\/v2\/types\/page"}],"author":[{"embeddable":true,"href":"https:\/\/www.mosquetas.com\/de\/wp-json\/wp\/v2\/users\/1"}],"replies":[{"embeddable":true,"href":"https:\/\/www.mosquetas.com\/de\/wp-json\/wp\/v2\/comments?post=3381"}],"version-history":[{"count":0,"href":"https:\/\/www.mosquetas.com\/de\/wp-json\/wp\/v2\/pages\/3381\/revisions"}],"wp:attachment":[{"href":"https:\/\/www.mosquetas.com\/de\/wp-json\/wp\/v2\/media?parent=3381"}],"curies":[{"name":"wp","href":"https:\/\/api.w.org\/{rel}","templated":true}]}}