{"id":3319,"date":"2023-07-19T19:59:09","date_gmt":"2023-07-19T17:59:09","guid":{"rendered":"https:\/\/www.mosquetas.com\/?page_id=3319"},"modified":"2023-08-30T16:01:02","modified_gmt":"2023-08-30T14:01:02","slug":"mosqueta-rosenoel","status":"publish","type":"page","link":"https:\/\/www.mosquetas.com\/de\/mosqueta-rosenoel\/","title":{"rendered":"Mosqueta Rosen\u00f6l"},"content":{"rendered":"<h1>Mosqueta Rosen\u00f6l<\/h1>\n<p><strong><img loading=\"lazy\" decoding=\"async\" src=\"https:\/\/www.mosquetas.com\/wp-content\/uploads\/2023\/08\/Rosa_rubiginosa-e1436802320724-300x265.jpg.webp\" alt=\"\" width=\"159\" height=\"140\" \/><\/strong><\/p>\n<p>Die Rosa Mosqueta (Rosa Affinis Rubiginosa) ist ein Wildstrauch, der zur Familie der Rosengew\u00e4chse geh\u00f6rt und im Aussehen der Hundsrose (Rosa Canina) \u00e4hnelt. Sie w\u00e4chst wild im mittleren S\u00fcden Chiles, in gem\u00e4\u00dfigtem und regenreichem Klima. Die Stiele und \u00c4ste sind mit Stacheln versehen, die Bl\u00fcten sind wei\u00df oder blassrosa.<\/p>\n<p>Der Strauch bl\u00fcht zwischen Oktober und Dezember, die entstehenden Fr\u00fcchte haben eine rote Farbe und enthalten zahlreiche Samen.<\/p>\n<p>Aus den Samen wird das wertvollste Element gewonnen: ein \u00d6l, das in gro\u00dfer und ausgewogener Menge die beiden mehrfach unges\u00e4ttigten essentiellen Fetts\u00e4uren gleicherma\u00dfen aufweist: 45 % Linols\u00e4ure (Omega 6) und 35 % Alpha-Linolens\u00e4ure (Omega 3), in Kombination und gesch\u00fctzt von einer bemerkenswerten Konzentration an nat\u00fcrlichen Antioxidantien, Tocopherol (Vitamin E) und Karotinide, sowie zahlreiche Phytosterole.<\/p>\n<p>Diese Fetts\u00e4uren sind wichtige Komponenten der Zellmembranen und Vorl\u00e4ufer der Prostaglandine (Verbindungen mit hormon\u00e4hnlichen Wirkungen, die die Regenerierung der Membranen aktivieren).<\/p>\n<p>Die wertvollen Eigenschaften des Wildrosen\u00f6ls tragen zur Beibehaltung der Zellfunktionen und der Schutzmechanismen mit dem Ergebnis bei, dass die Regenerierung des Gewebes gef\u00f6rdert wird.<\/p>\n<p>Das Wildrosen\u00f6l ist\u00a0<strong>\u00e4sthetisch bei folgenden Behandlungen wirksam<\/strong>:<\/p>\n<ul>\n<li>Narben<\/li>\n<li>Keloide<\/li>\n<li>Dehnungsstreifen<\/li>\n<li>vorzeitige Alterung der Haut<\/li>\n<li>Minderung der Ausdrucksfalten<\/li>\n<li>Altersflecken<\/li>\n<li>Verbrennungen<\/li>\n<li>Sch\u00e4digungen durch Sonneneinstrahlung<\/li>\n<\/ul>\n<p>Mosqueta\u2019s\u00ae von ITALCHILE war das erste kaltgepresste und biozertifizierte chilenische Wildrosen\u00f6l.<\/p>\n<p>Olio Mosqueta\u2019s\u00ae ist ferner eine wertvolle nat\u00fcrliche Nahrungserg\u00e4nzung, dank seines hohen Omega 3-Gehalts, der unterst\u00fctzend bei der Bewahrung der normalen Cholesterinwerte im Blut beitr\u00e4gt.<\/p>\n<p><strong>\u00a0<\/strong><\/p>\n","protected":false},"excerpt":{"rendered":"<p>Mosqueta Rosen\u00f6l Die Rosa Mosqueta (Rosa Affinis Rubiginosa) ist ein Wildstrauch, der zur Familie der Rosengew\u00e4chse geh\u00f6rt und im Aussehen der Hundsrose (Rosa Canina) \u00e4hnelt. Sie w\u00e4chst wild im mittleren S\u00fcden Chiles, in gem\u00e4\u00dfigtem und regenreichem Klima. Die Stiele und \u00c4ste sind mit Stacheln versehen, die Bl\u00fcten sind wei\u00df oder blassrosa. Der Strauch bl\u00fcht zwischen Oktober und Dezember, die entstehenden Fr\u00fcchte haben eine rote Farbe und enthalten zahlreiche Samen. Aus den Samen wird das wertvollste Element gewonnen: ein \u00d6l, das in gro\u00dfer und ausgewogener Menge die beiden mehrfach unges\u00e4ttigten essentiellen Fetts\u00e4uren gleicherma\u00dfen aufweist: 45 % Linols\u00e4ure (Omega 6) und 35 % Alpha-Linolens\u00e4ure (Omega 3), in Kombination und gesch\u00fctzt von einer bemerkenswerten Konzentration an nat\u00fcrlichen Antioxidantien, Tocopherol (Vitamin E) und Karotinide, sowie zahlreiche Phytosterole. Diese Fetts\u00e4uren sind wichtige Komponenten der Zellmembranen und Vorl\u00e4ufer der Prostaglandine (Verbindungen mit hormon\u00e4hnlichen Wirkungen, die die Regenerierung der Membranen aktivieren). Die wertvollen Eigenschaften des Wildrosen\u00f6ls tragen zur Beibehaltung der Zellfunktionen und der Schutzmechanismen mit dem Ergebnis bei, dass die Regenerierung des Gewebes gef\u00f6rdert wird. Das Wildrosen\u00f6l ist\u00a0\u00e4sthetisch bei folgenden Behandlungen wirksam: Narben Keloide Dehnungsstreifen vorzeitige Alterung der Haut Minderung der Ausdrucksfalten Altersflecken Verbrennungen Sch\u00e4digungen durch Sonneneinstrahlung Mosqueta\u2019s\u00ae von ITALCHILE war das erste kaltgepresste und biozertifizierte chilenische Wildrosen\u00f6l. Olio Mosqueta\u2019s\u00ae ist ferner eine wertvolle nat\u00fcrliche Nahrungserg\u00e4nzung, dank seines hohen Omega 3-Gehalts, der unterst\u00fctzend bei der Bewahrung der normalen Cholesterinwerte im Blut beitr\u00e4gt. \u00a0<\/p>\n","protected":false},"author":1,"featured_media":0,"parent":0,"menu_order":0,"comment_status":"closed","ping_status":"closed","template":"","meta":{"footnotes":""},"class_list":["post-3319","page","type-page","status-publish","hentry"],"blocksy_meta":{"styles_descriptor":{"styles":{"desktop":"","tablet":"","mobile":""},"google_fonts":[],"version":6},"page_title_panel":"","has_hero_section":"disabled","1d15b7934ff424ab25737f2d764de13a":"","hero_section":"type-1","hero_elements":[{"id":"custom_title","enabled":true,"heading_tag":"h1","title":"Home"},{"id":"custom_description","enabled":true,"description_visibility":{"desktop":true,"tablet":true,"mobile":false}},{"id":"custom_meta","enabled":false,"meta_elements":[{"id":"author","enabled":true,"label":"By","has_author_avatar":"yes","avatar_size":25},{"id":"post_date","enabled":true,"label":"On","date_format_source":"default","date_format":"M j, Y"},{"id":"updated_date","enabled":false,"label":"On","date_format_source":"default","date_format":"M j, Y"},{"id":"categories","enabled":false,"label":"In","style":"simple"},{"id":"comments","enabled":true}],"page_meta_elements":{"joined":true,"articles_count":true,"comments":true}},{"id":"breadcrumbs","enabled":false}],"e377139f0e48a4cb5a64798ea8d651b9":"","hero_alignment1":"CT_CSS_SKIP_RULE","hero_margin":40,"hero_alignment2":"center","hero_vertical_alignment":"center","af09189de71c08c18e1cd076aeaad8fe":"","hero_structure":"narrow","4241a204ae10e70836b130f646a7f2d5":"","page_title_bg_type":"featured_image","custom_hero_background":{"attachment_id":null},"page_title_image_size":"full","parallax":{"desktop":false,"tablet":false,"mobile":false},"37c6846e78051bc32791c6958664507d":"","hero_height":"250px","pageTitleFont":{"family":"Default","variation":"Default","size":"30px","line-height":"CT_CSS_SKIP_RULE","letter-spacing":"CT_CSS_SKIP_RULE","text-transform":"CT_CSS_SKIP_RULE","text-decoration":"CT_CSS_SKIP_RULE"},"pageTitleFontColor":{"default":{"color":"CT_CSS_SKIP_RULEDEFAULT"}},"pageMetaFont":{"family":"Default","variation":"n6","size":"12px","line-height":"1.3","letter-spacing":"CT_CSS_SKIP_RULE","text-transform":"uppercase","text-decoration":"CT_CSS_SKIP_RULE"},"pageMetaFontColor":{"default":{"color":"CT_CSS_SKIP_RULEDEFAULT"},"hover":{"color":"CT_CSS_SKIP_RULEDEFAULT"}},"page_meta_button_type_font_colors":{"default":{"color":"CT_CSS_SKIP_RULEDEFAULT"},"hover":{"color":"CT_CSS_SKIP_RULEDEFAULT"}},"page_meta_button_type_background_colors":{"default":{"color":"CT_CSS_SKIP_RULEDEFAULT"},"hover":{"color":"CT_CSS_SKIP_RULEDEFAULT"}},"pageExcerptFont":{"family":"Default","variation":"Default","size":"CT_CSS_SKIP_RULE","line-height":"CT_CSS_SKIP_RULE","letter-spacing":"CT_CSS_SKIP_RULE","text-transform":"CT_CSS_SKIP_RULE","text-decoration":"CT_CSS_SKIP_RULE"},"pageExcerptColor":{"default":{"color":"CT_CSS_SKIP_RULEDEFAULT"}},"breadcrumbsFont":{"family":"Default","variation":"Default","size":"CT_CSS_SKIP_RULE","line-height":"CT_CSS_SKIP_RULE","letter-spacing":"CT_CSS_SKIP_RULE","text-transform":"CT_CSS_SKIP_RULE","text-decoration":"CT_CSS_SKIP_RULE"},"breadcrumbsFontColor":{"default":{"color":"CT_CSS_SKIP_RULEDEFAULT"},"initial":{"color":"CT_CSS_SKIP_RULEDEFAULT"},"hover":{"color":"CT_CSS_SKIP_RULEDEFAULT"}},"pageTitleOverlay":{"background_type":"color","background_pattern":"type-1","background_image":{"attachment_id":null,"x":0,"y":0},"gradient":"linear-gradient(135deg,rgba(6,147,227,1) 0%,rgb(155,81,224) 100%)","background_repeat":"repeat","background_size":"auto","background_attachment":"scroll","patternColor":{"default":{"color":"#e5e7ea"}},"overlayColor":{"default":{"color":"CT_CSS_SKIP_RULE"}},"backgroundColor":{"default":{"color":"CT_CSS_SKIP_RULE"}}},"pageTitleBackground":{"background_type":"color","background_pattern":"type-1","background_image":{"attachment_id":null,"x":0,"y":0},"gradient":"linear-gradient(135deg,rgba(6,147,227,1) 0%,rgb(155,81,224) 100%)","background_repeat":"repeat","background_size":"auto","background_attachment":"scroll","patternColor":{"default":{"color":"#e5e7ea"}},"overlayColor":{"default":{"color":"CT_CSS_SKIP_RULE"}},"backgroundColor":{"default":{"color":"var(--theme-palette-color-6)"}}},"pageTitlePadding":{"top":"50px","bottom":"50px","left":"auto","right":"auto","linked":true},"a8fa859ceafab67cbfce97e380ccc088":"","page_structure_type":"default","2c44625e200027fb7003d1deb510aed8":"","content_style_source":"inherit","content_style":"wide","vertical_spacing_source":"custom","content_area_spacing":"none","background":{"background_type":"color","background_pattern":"type-1","background_image":{"attachment_id":null,"x":0,"y":0},"gradient":"linear-gradient(135deg,rgba(6,147,227,1) 0%,rgb(155,81,224) 100%)","background_repeat":"repeat","background_size":"auto","background_attachment":"scroll","patternColor":{"default":{"color":"#e5e7ea"}},"overlayColor":{"default":{"color":"CT_CSS_SKIP_RULE"}},"backgroundColor":{"default":{"color":"CT_CSS_SKIP_RULE"}}},"content_background":{"background_type":"color","background_pattern":"type-1","background_image":{"attachment_id":null,"x":0,"y":0},"gradient":"linear-gradient(135deg,rgba(6,147,227,1) 0%,rgb(155,81,224) 100%)","background_repeat":"repeat","background_size":"auto","background_attachment":"scroll","patternColor":{"default":{"color":"#e5e7ea"}},"overlayColor":{"default":{"color":"CT_CSS_SKIP_RULE"}},"backgroundColor":{"default":{"color":"var(--theme-palette-color-8)"}}},"content_boxed_shadow":{"inherit":false,"blur":18,"spread":-6,"v_offset":12,"h_offset":0,"inset":false,"enable":true,"color":{"color":"rgba(34, 56, 101, 0.04)"}},"content_boxed_border":{"width":1,"style":"none","color":{"color":"rgba(44,62,80,0.2)"}},"content_boxed_radius":{"top":"3px","bottom":"3px","left":"3px","right":"3px","linked":true},"boxed_content_spacing":{"desktop":{"top":"40px","bottom":"40px","left":"40px","right":"40px","linked":true},"tablet":{"top":"35px","bottom":"35px","left":"35px","right":"35px","linked":true},"mobile":{"top":"20px","bottom":"20px","left":"20px","right":"20px","linked":true}},"b6a9da5a132a1b76f66ef374aa22372c":"","disable_featured_image":"no","disable_share_box":"no","disable_header":"no","disable_footer":"no"},"_links":{"self":[{"href":"https:\/\/www.mosquetas.com\/de\/wp-json\/wp\/v2\/pages\/3319","targetHints":{"allow":["GET"]}}],"collection":[{"href":"https:\/\/www.mosquetas.com\/de\/wp-json\/wp\/v2\/pages"}],"about":[{"href":"https:\/\/www.mosquetas.com\/de\/wp-json\/wp\/v2\/types\/page"}],"author":[{"embeddable":true,"href":"https:\/\/www.mosquetas.com\/de\/wp-json\/wp\/v2\/users\/1"}],"replies":[{"embeddable":true,"href":"https:\/\/www.mosquetas.com\/de\/wp-json\/wp\/v2\/comments?post=3319"}],"version-history":[{"count":0,"href":"https:\/\/www.mosquetas.com\/de\/wp-json\/wp\/v2\/pages\/3319\/revisions"}],"wp:attachment":[{"href":"https:\/\/www.mosquetas.com\/de\/wp-json\/wp\/v2\/media?parent=3319"}],"curies":[{"name":"wp","href":"https:\/\/api.w.org\/{rel}","templated":true}]}}