{"id":3311,"date":"2022-07-02T05:28:59","date_gmt":"2022-07-02T03:28:59","guid":{"rendered":"https:\/\/www.mosquetas.com\/?page_id=3311"},"modified":"2023-08-30T15:52:22","modified_gmt":"2023-08-30T13:52:22","slug":"mosquetas","status":"publish","type":"page","link":"https:\/\/www.mosquetas.com\/de\/mosquetas\/","title":{"rendered":"Mosqueta&#8217;s"},"content":{"rendered":"\t\t<div data-elementor-type=\"wp-page\" data-elementor-id=\"3311\" class=\"elementor elementor-3311 elementor-681\">\n\t\t\t\t<div class=\"elementor-element elementor-element-da2f1b1 e-flex e-con-boxed wpr-particle-no wpr-jarallax-no wpr-parallax-no wpr-sticky-section-no wpr-equal-height-no e-con e-parent\" data-id=\"da2f1b1\" data-element_type=\"container\" data-e-type=\"container\" data-settings=\"{&quot;background_background&quot;:&quot;classic&quot;}\">\n\t\t\t\t\t<div class=\"e-con-inner\">\n\t\t\t\t<div class=\"elementor-element elementor-element-3fedb34 elementor-widget elementor-widget-heading\" data-id=\"3fedb34\" data-element_type=\"widget\" data-e-type=\"widget\" data-widget_type=\"heading.default\">\n\t\t\t\t<div class=\"elementor-widget-container\">\n\t\t\t\t\t<h1 class=\"elementor-heading-title elementor-size-default\">Mosqueta's<\/h1>\t\t\t\t<\/div>\n\t\t\t\t<\/div>\n\t\t\t\t\t<\/div>\n\t\t\t\t<\/div>\n\t\t<div class=\"elementor-element elementor-element-5e11a2b e-flex e-con-boxed wpr-particle-no wpr-jarallax-no wpr-parallax-no wpr-sticky-section-no wpr-equal-height-no e-con e-parent\" data-id=\"5e11a2b\" data-element_type=\"container\" data-e-type=\"container\">\n\t\t\t\t\t<div class=\"e-con-inner\">\n\t\t\t\t<div class=\"elementor-element elementor-element-c117e0b elementor-widget elementor-widget-text-editor\" data-id=\"c117e0b\" data-element_type=\"widget\" data-e-type=\"widget\" data-widget_type=\"text-editor.default\">\n\t\t\t\t<div class=\"elementor-widget-container\">\n\t\t\t\t\t\t\t\t\t<p><strong><em><img loading=\"lazy\" decoding=\"async\" class=\" wp-image-3421 alignright\" src=\"https:\/\/www.mosquetas.com\/wp-content\/uploads\/2023\/08\/Nathalie_Gueneau-261x300.jpg.webp\" alt=\"\" width=\"144\" height=\"171\" \/><\/em><\/strong><\/p><p><em><strong>Im Jahr 1989<\/strong><\/em>\u00a0testete Nathalie Gueneau, eine franz\u00f6sische Unternehmerin mit einer ausgepr\u00e4gten Leidenschaft f\u00fcr die Botanik und die Welt der Natur, pers\u00f6nlich w\u00e4hrend einer Reise durch Chile,\u00a0<strong>nachdem sie sich schwer die Lippen verbrannt hat, das therapeutische und belebende Potential des Wildrosen\u00f6ls\u00a0<\/strong><strong>\u201eOlio di Rosa Mosqueta\u201c<\/strong>\u00a0(<em>Rosa affinis\u00a0rubiginosa<\/em>).<\/p><p>Es handelt sich um eine Sorte der Hundsrose (Rosa canina) oder Heckenrose, die in einem unber\u00fchrten Habitat der Hochebene des mittleren S\u00fcdens von Chile w\u00e4chst. Aus den Hagebutten-Fr\u00fcchten wird ein nat\u00fcrliches \u00d6l gewonnen, das sich durch einen\u00a0<strong>unvergleichlichen Reichtum an essentiellen Fetts\u00e4uren<\/strong>\u00a0auszeichnet, wie die\u00a0<strong>pflanzlichen Omega 3<\/strong>-Fetts\u00e4uren.<\/p><p>Nathalie Gueneau nahm mit einem Team von Forschern des Instituts f\u00fcr pharmazeutische Chemie der Universit\u00e4t von Concepci\u00f2n Kontakt auf, die bereits in den achtziger Jahren die dermatologisch-kosmetischen Eigenschaften der Rosa Mosqueta (oder Rubiginosa) erkannt und getestet haben.<\/p><p>Dies war der Funke, der zur Gr\u00fcndung von\u00a0<em><strong>Italchile<\/strong><\/em>\u00a0f\u00fchrte, einem von der Mission belebten Unternehmen, die Produktion des Wildrosen\u00f6ls durch Kaltpressung voranzutreiben. Dieses Verfahren ist in der Lage, die au\u00dfergew\u00f6hnlichen Eigenschaften zu bewahren und das \u00d6l \u201eextravergine\u201c (nativ, unbehandelt) bereit zu stellen.<\/p><p><em><strong>Dank der chilenischen Filiale kontrolliert Italchile den gesamten Produktionsprozess des Wildrosen\u00f6ls, von der Ernte bis zur Trocknung, von der \u00d6lgewinnung bis zur Verarbeitung.<\/strong><\/em><\/p><p>Entsprechend der Unternehmensphilosophie erhielt\u00a0<strong>Italchile bereits 1995<\/strong>, ebenfalls als erstes Unternehmen, f\u00fcr sein\u00a0<strong>Wildrosen\u00f6l \u201eOlio di Rosa Mosqueta\u201c die Bio-Zertifizierung<\/strong>.<\/p><p>Dieses Rosen\u00f6l ist der Hauptbestandteil der gesamten Linie der biologischen Rosa Mosqueta-Pflanzenkosmetik, sowie der Nahrungserg\u00e4nzungsmittel Omegarosa\u00ae und Omegarosa\u00ae Plus.<\/p><p><strong>2002\/2003<\/strong>\u00a0z\u00e4hlte Italchile zu den ersten Unternehmen absolut, das von\u00a0<strong>Ecocert die Zertifizierung \u201eCosmetique Biologique\u201c (Bio-Kosmetik)<\/strong>\u00a0erhielt.<\/p><h3><strong>ITALCHILE exklusiv: die DYNAMISIERUNG<\/strong><\/h3><p>Dank der Kooperation mit den Europ\u00e4ischen Universit\u00e4ten, die objektiv die Biophoton-Konzentration der Produkte misst, werden alle Kosmetikprodukte und Nahrungserg\u00e4nzungsmittel von Italchile durch ein innovatives Verfahren bio-dynamisiert, \u00a0welches dem Endprodukt die Energie zur\u00fcck gibt, die in der Pflanze in der Natur vorkommt: die Dynamisierung.<\/p>\t\t\t\t\t\t\t\t<\/div>\n\t\t\t\t<\/div>\n\t\t\t\t\t<\/div>\n\t\t\t\t<\/div>\n\t\t\t\t<\/div>\n\t\t","protected":false},"excerpt":{"rendered":"<p>Mosqueta&#8217;s Im Jahr 1989\u00a0testete Nathalie Gueneau, eine franz\u00f6sische Unternehmerin mit einer ausgepr\u00e4gten Leidenschaft f\u00fcr die Botanik und die Welt der Natur, pers\u00f6nlich w\u00e4hrend einer Reise durch Chile,\u00a0nachdem sie sich schwer die Lippen verbrannt hat, das therapeutische und belebende Potential des Wildrosen\u00f6ls\u00a0\u201eOlio di Rosa Mosqueta\u201c\u00a0(Rosa affinis\u00a0rubiginosa). Es handelt sich um eine Sorte der Hundsrose (Rosa canina) oder Heckenrose, die in einem unber\u00fchrten Habitat der Hochebene des mittleren S\u00fcdens von Chile w\u00e4chst. Aus den Hagebutten-Fr\u00fcchten wird ein nat\u00fcrliches \u00d6l gewonnen, das sich durch einen\u00a0unvergleichlichen Reichtum an essentiellen Fetts\u00e4uren\u00a0auszeichnet, wie die\u00a0pflanzlichen Omega 3-Fetts\u00e4uren. Nathalie Gueneau nahm mit einem Team von Forschern des Instituts f\u00fcr pharmazeutische Chemie der Universit\u00e4t von Concepci\u00f2n Kontakt auf, die bereits in den achtziger Jahren die dermatologisch-kosmetischen Eigenschaften der Rosa Mosqueta (oder Rubiginosa) erkannt und getestet haben. Dies war der Funke, der zur Gr\u00fcndung von\u00a0Italchile\u00a0f\u00fchrte, einem von der Mission belebten Unternehmen, die Produktion des Wildrosen\u00f6ls durch Kaltpressung voranzutreiben. Dieses Verfahren ist in der Lage, die au\u00dfergew\u00f6hnlichen Eigenschaften zu bewahren und das \u00d6l \u201eextravergine\u201c (nativ, unbehandelt) bereit zu stellen. Dank der chilenischen Filiale kontrolliert Italchile den gesamten Produktionsprozess des Wildrosen\u00f6ls, von der Ernte bis zur Trocknung, von der \u00d6lgewinnung bis zur Verarbeitung. Entsprechend der Unternehmensphilosophie erhielt\u00a0Italchile bereits 1995, ebenfalls als erstes Unternehmen, f\u00fcr sein\u00a0Wildrosen\u00f6l \u201eOlio di Rosa Mosqueta\u201c die Bio-Zertifizierung. Dieses Rosen\u00f6l ist der Hauptbestandteil der gesamten Linie der biologischen Rosa Mosqueta-Pflanzenkosmetik, sowie der Nahrungserg\u00e4nzungsmittel Omegarosa\u00ae und Omegarosa\u00ae Plus. 2002\/2003\u00a0z\u00e4hlte Italchile zu den ersten Unternehmen absolut, das von\u00a0Ecocert die Zertifizierung \u201eCosmetique Biologique\u201c (Bio-Kosmetik)\u00a0erhielt. ITALCHILE exklusiv: die DYNAMISIERUNG Dank der Kooperation mit den Europ\u00e4ischen Universit\u00e4ten, die objektiv die Biophoton-Konzentration der Produkte misst, werden alle Kosmetikprodukte und Nahrungserg\u00e4nzungsmittel von Italchile durch ein innovatives Verfahren bio-dynamisiert, \u00a0welches dem Endprodukt die Energie zur\u00fcck gibt, die in der Pflanze in der Natur vorkommt: die Dynamisierung.<\/p>\n","protected":false},"author":1,"featured_media":0,"parent":0,"menu_order":0,"comment_status":"closed","ping_status":"closed","template":"","meta":{"footnotes":""},"class_list":["post-3311","page","type-page","status-publish","hentry"],"blocksy_meta":{"styles_descriptor":{"styles":{"desktop":"","tablet":"","mobile":""},"google_fonts":[],"version":6},"page_title_panel":"","has_hero_section":"disabled","1d15b7934ff424ab25737f2d764de13a":"","hero_section":"type-1","hero_elements":[{"id":"custom_title","enabled":true,"heading_tag":"h1","title":"Home"},{"id":"custom_description","enabled":true,"description_visibility":{"desktop":true,"tablet":true,"mobile":false}},{"id":"custom_meta","enabled":false,"meta_elements":[{"id":"author","enabled":true,"label":"By","has_author_avatar":"yes","avatar_size":25},{"id":"post_date","enabled":true,"label":"On","date_format_source":"default","date_format":"M j, Y"},{"id":"updated_date","enabled":false,"label":"On","date_format_source":"default","date_format":"M j, Y"},{"id":"categories","enabled":false,"label":"In","style":"simple"},{"id":"comments","enabled":true}],"page_meta_elements":{"joined":true,"articles_count":true,"comments":true}},{"id":"breadcrumbs","enabled":false}],"e377139f0e48a4cb5a64798ea8d651b9":"","hero_alignment1":"CT_CSS_SKIP_RULE","hero_margin":40,"hero_alignment2":"center","hero_vertical_alignment":"center","af09189de71c08c18e1cd076aeaad8fe":"","hero_structure":"narrow","4241a204ae10e70836b130f646a7f2d5":"","page_title_bg_type":"featured_image","custom_hero_background":{"attachment_id":null},"page_title_image_size":"full","parallax":{"desktop":false,"tablet":false,"mobile":false},"37c6846e78051bc32791c6958664507d":"","hero_height":"250px","pageTitleFont":{"family":"Default","variation":"Default","size":"30px","line-height":"CT_CSS_SKIP_RULE","letter-spacing":"CT_CSS_SKIP_RULE","text-transform":"CT_CSS_SKIP_RULE","text-decoration":"CT_CSS_SKIP_RULE"},"pageTitleFontColor":{"default":{"color":"CT_CSS_SKIP_RULEDEFAULT"}},"pageMetaFont":{"family":"Default","variation":"n6","size":"12px","line-height":"1.3","letter-spacing":"CT_CSS_SKIP_RULE","text-transform":"uppercase","text-decoration":"CT_CSS_SKIP_RULE"},"pageMetaFontColor":{"default":{"color":"CT_CSS_SKIP_RULEDEFAULT"},"hover":{"color":"CT_CSS_SKIP_RULEDEFAULT"}},"page_meta_button_type_font_colors":{"default":{"color":"CT_CSS_SKIP_RULEDEFAULT"},"hover":{"color":"CT_CSS_SKIP_RULEDEFAULT"}},"page_meta_button_type_background_colors":{"default":{"color":"CT_CSS_SKIP_RULEDEFAULT"},"hover":{"color":"CT_CSS_SKIP_RULEDEFAULT"}},"pageExcerptFont":{"family":"Default","variation":"Default","size":"CT_CSS_SKIP_RULE","line-height":"CT_CSS_SKIP_RULE","letter-spacing":"CT_CSS_SKIP_RULE","text-transform":"CT_CSS_SKIP_RULE","text-decoration":"CT_CSS_SKIP_RULE"},"pageExcerptColor":{"default":{"color":"CT_CSS_SKIP_RULEDEFAULT"}},"breadcrumbsFont":{"family":"Default","variation":"Default","size":"CT_CSS_SKIP_RULE","line-height":"CT_CSS_SKIP_RULE","letter-spacing":"CT_CSS_SKIP_RULE","text-transform":"CT_CSS_SKIP_RULE","text-decoration":"CT_CSS_SKIP_RULE"},"breadcrumbsFontColor":{"default":{"color":"CT_CSS_SKIP_RULEDEFAULT"},"initial":{"color":"CT_CSS_SKIP_RULEDEFAULT"},"hover":{"color":"CT_CSS_SKIP_RULEDEFAULT"}},"pageTitleOverlay":{"background_type":"color","background_pattern":"type-1","background_image":{"attachment_id":null,"x":0,"y":0},"gradient":"linear-gradient(135deg,rgba(6,147,227,1) 0%,rgb(155,81,224) 100%)","background_repeat":"repeat","background_size":"auto","background_attachment":"scroll","patternColor":{"default":{"color":"#e5e7ea"}},"overlayColor":{"default":{"color":"CT_CSS_SKIP_RULE"}},"backgroundColor":{"default":{"color":"CT_CSS_SKIP_RULE"}}},"pageTitleBackground":{"background_type":"color","background_pattern":"type-1","background_image":{"attachment_id":null,"x":0,"y":0},"gradient":"linear-gradient(135deg,rgba(6,147,227,1) 0%,rgb(155,81,224) 100%)","background_repeat":"repeat","background_size":"auto","background_attachment":"scroll","patternColor":{"default":{"color":"#e5e7ea"}},"overlayColor":{"default":{"color":"CT_CSS_SKIP_RULE"}},"backgroundColor":{"default":{"color":"var(--theme-palette-color-6)"}}},"pageTitlePadding":{"top":"50px","bottom":"50px","left":"auto","right":"auto","linked":true},"a8fa859ceafab67cbfce97e380ccc088":"","page_structure_type":"default","2c44625e200027fb7003d1deb510aed8":"","content_style_source":"inherit","content_style":"wide","vertical_spacing_source":"custom","content_area_spacing":"none","background":{"background_type":"color","background_pattern":"type-1","background_image":{"attachment_id":null,"x":0,"y":0},"gradient":"linear-gradient(135deg,rgba(6,147,227,1) 0%,rgb(155,81,224) 100%)","background_repeat":"repeat","background_size":"auto","background_attachment":"scroll","patternColor":{"default":{"color":"#e5e7ea"}},"overlayColor":{"default":{"color":"CT_CSS_SKIP_RULE"}},"backgroundColor":{"default":{"color":"CT_CSS_SKIP_RULE"}}},"content_background":{"background_type":"color","background_pattern":"type-1","background_image":{"attachment_id":null,"x":0,"y":0},"gradient":"linear-gradient(135deg,rgba(6,147,227,1) 0%,rgb(155,81,224) 100%)","background_repeat":"repeat","background_size":"auto","background_attachment":"scroll","patternColor":{"default":{"color":"#e5e7ea"}},"overlayColor":{"default":{"color":"CT_CSS_SKIP_RULE"}},"backgroundColor":{"default":{"color":"var(--theme-palette-color-8)"}}},"content_boxed_shadow":{"inherit":false,"blur":18,"spread":-6,"v_offset":12,"h_offset":0,"inset":false,"enable":true,"color":{"color":"rgba(34, 56, 101, 0.04)"}},"content_boxed_border":{"width":1,"style":"none","color":{"color":"rgba(44,62,80,0.2)"}},"content_boxed_radius":{"top":"3px","bottom":"3px","left":"3px","right":"3px","linked":true},"boxed_content_spacing":{"desktop":{"top":"40px","bottom":"40px","left":"40px","right":"40px","linked":true},"tablet":{"top":"35px","bottom":"35px","left":"35px","right":"35px","linked":true},"mobile":{"top":"20px","bottom":"20px","left":"20px","right":"20px","linked":true}},"b6a9da5a132a1b76f66ef374aa22372c":"","disable_featured_image":"no","disable_share_box":"no","disable_header":"no","disable_footer":"no"},"_links":{"self":[{"href":"https:\/\/www.mosquetas.com\/de\/wp-json\/wp\/v2\/pages\/3311","targetHints":{"allow":["GET"]}}],"collection":[{"href":"https:\/\/www.mosquetas.com\/de\/wp-json\/wp\/v2\/pages"}],"about":[{"href":"https:\/\/www.mosquetas.com\/de\/wp-json\/wp\/v2\/types\/page"}],"author":[{"embeddable":true,"href":"https:\/\/www.mosquetas.com\/de\/wp-json\/wp\/v2\/users\/1"}],"replies":[{"embeddable":true,"href":"https:\/\/www.mosquetas.com\/de\/wp-json\/wp\/v2\/comments?post=3311"}],"version-history":[{"count":0,"href":"https:\/\/www.mosquetas.com\/de\/wp-json\/wp\/v2\/pages\/3311\/revisions"}],"wp:attachment":[{"href":"https:\/\/www.mosquetas.com\/de\/wp-json\/wp\/v2\/media?parent=3311"}],"curies":[{"name":"wp","href":"https:\/\/api.w.org\/{rel}","templated":true}]}}